{"id":224,"date":"2024-04-04T05:03:41","date_gmt":"2024-04-04T02:03:41","guid":{"rendered":"https:\/\/sisu.ut.ee\/keeleylesanded\/euroopa-liit-ja-kujundid\/"},"modified":"2024-11-28T23:17:29","modified_gmt":"2024-11-28T21:17:29","slug":"euroopa-liit-ja-kujundid","status":"publish","type":"page","link":"https:\/\/sisu.ut.ee\/keeleylesanded\/euroopa-liit-ja-kujundid\/","title":{"rendered":"Euroopa Liit ja kujundid"},"content":{"rendered":"<p><strong>J\u00e4rgnevad laused on Eesti ajakirjanduse Euroopa Liidu teemalistest artiklitest. Usutavasti saate aru, mida artiklite autorid kasutatud kujundlike v\u00e4ljenditega m\u00f5elnud on. Asendage esilet\u00f5stetud v\u00e4ljendid, nii et lause t\u00e4hendus ei muutuks, vaid tulemuseks oleks samat\u00e4henduslik korrektne lause. V\u00e4ltige \u00fche kujundi asendamist teisega!<\/strong><\/p>\n<p>N\u00c4IDE: Minister\u00a0<strong>astus \u00e4mbrisse\u00a0<\/strong>&gt; Minister k\u00e4itus m\u00f5tlematult<\/p>\n<ol>\n<li>Laienenud Euroopa Liit\u00a0<strong>t\u00fc\u00fcrib uue sadama suunas.<\/strong><\/li>\n<li>On asjatu loota, et Euroopa Liit hakkaks meile\u00a0<strong>taevast kuud ja t\u00e4hti alla tooma.<\/strong><\/li>\n<li>Euroopa Liidul tundub Venemaaga\u00a0<strong>tiivaripsutamine\u00a0<\/strong>hoopis olulisem olevat kui Balti riikide huvid.<\/li>\n<li>Meie soovid on Euroopa Liidu otsustajatele nagu\u00a0<strong>s\u00e4\u00e4sepirin elevandi k\u00f5rvas.<\/strong><\/li>\n<li>Paljud kardavad, et Euroopa Liit on\u00a0<strong>rahvaste sulatusahi.<\/strong><\/li>\n<li>N\u00fc\u00fcd otsustatakse, kas Eestis saabub\u00a0<strong>pika \u00f6\u00f6 j\u00e4rel l\u00f5puks ometi p\u00e4ev<\/strong>\u00a0v\u00f5i mitte.<\/li>\n<\/ol>\n<p>2010<\/p>\n<p>vanem<\/p>\n<p>piirkonnavoor<\/p>\n<p><a href=\"https:\/\/sisu.ut.ee\/keeleylesanded\/euroopa-liit-ja-kujundid-vastus\/\">Vastus<\/a><\/p>\n","protected":false},"excerpt":{"rendered":"<p>J\u00e4rgnevad laused on Eesti ajakirjanduse Euroopa Liidu teemalistest artiklitest. Usutavasti saate aru, mida artiklite autorid kasutatud kujundlike v\u00e4ljenditega m\u00f5elnud on. Asendage esilet\u00f5stetud v\u00e4ljendid, nii et lause t\u00e4hendus ei muutuks, vaid tulemuseks oleks samat\u00e4henduslik korrektne lause. V\u00e4ltige \u00fche kujundi asendamist teisega! &#8230;<\/p>\n","protected":false},"author":185,"featured_media":0,"parent":0,"menu_order":0,"comment_status":"closed","ping_status":"closed","template":"","meta":{"_acf_changed":false,"inline_featured_image":false,"footnotes":""},"class_list":["post-224","page","type-page","status-publish","hentry"],"acf":[],"_links":{"self":[{"href":"https:\/\/sisu.ut.ee\/keeleylesanded\/wp-json\/wp\/v2\/pages\/224","targetHints":{"allow":["GET"]}}],"collection":[{"href":"https:\/\/sisu.ut.ee\/keeleylesanded\/wp-json\/wp\/v2\/pages"}],"about":[{"href":"https:\/\/sisu.ut.ee\/keeleylesanded\/wp-json\/wp\/v2\/types\/page"}],"author":[{"embeddable":true,"href":"https:\/\/sisu.ut.ee\/keeleylesanded\/wp-json\/wp\/v2\/users\/185"}],"replies":[{"embeddable":true,"href":"https:\/\/sisu.ut.ee\/keeleylesanded\/wp-json\/wp\/v2\/comments?post=224"}],"version-history":[{"count":2,"href":"https:\/\/sisu.ut.ee\/keeleylesanded\/wp-json\/wp\/v2\/pages\/224\/revisions"}],"predecessor-version":[{"id":1825,"href":"https:\/\/sisu.ut.ee\/keeleylesanded\/wp-json\/wp\/v2\/pages\/224\/revisions\/1825"}],"wp:attachment":[{"href":"https:\/\/sisu.ut.ee\/keeleylesanded\/wp-json\/wp\/v2\/media?parent=224"}],"curies":[{"name":"wp","href":"https:\/\/api.w.org\/{rel}","templated":true}]}}