{"id":222,"date":"2024-04-04T05:03:41","date_gmt":"2024-04-04T02:03:41","guid":{"rendered":"https:\/\/sisu.ut.ee\/keeleylesanded\/stiilivarving-ajalehtedes\/"},"modified":"2024-11-29T12:51:30","modified_gmt":"2024-11-29T10:51:30","slug":"stiilivarving-ajalehtedes","status":"publish","type":"page","link":"https:\/\/sisu.ut.ee\/keeleylesanded\/stiilivarving-ajalehtedes\/","title":{"rendered":"Stiiliv\u00e4rving ajalehtedes"},"content":{"rendered":"<p style=\"margin-bottom: 10.0pt; text-align: left;\" align=\"left\"><span style=\"line-height: 115%;\"><b>Ajalehtedes kasutatakse \u00fcsna sageli mitteneutraalset sonavara. T\u00f5mmake j\u00e4rgnevates lausetes stiiliv\u00e4rvinguga keelenditele joon alla. Laused on jagatud teatud tunnuse j\u00e4rgi kahte r\u00fchma. Leidke r\u00fchmitamise alus ehk see, mille poolest kahe r\u00fchma s\u00f5nade mitteneutraalsus erineb.<\/b><\/span><\/p>\n<p style=\"margin-bottom: 10.0pt; text-align: left;\" align=\"left\">\n<\/p><p style=\"margin-bottom: 10.0pt; text-align: left;\" align=\"left\"><span style=\"line-height: 115%;\"><b>1. r\u00fchm:<\/b><\/span><\/p>\n<p style=\"margin-bottom: 10.0pt; text-align: left;\" align=\"left\"><span style=\"line-height: 115%;\">Maksuamet vilistas riigikohtu otsusele.<\/span><\/p>\n<p style=\"margin-bottom: 10.0pt; text-align: left;\" align=\"left\"><span style=\"line-height: 115%;\">Ehitusnormidele s\u00fclitanud majaomanikud on varemgi vahele j\u00e4\u00e4nud.<\/span><\/p>\n<p style=\"margin-bottom: 10.0pt; text-align: left;\" align=\"left\"><span style=\"line-height: 115%;\">Peremees nimetas oma sulast igaveseks koeraks.<\/span><\/p>\n<p style=\"margin-bottom: 10.0pt; text-align: left;\" align=\"left\"><span style=\"line-height: 115%;\">Poodnikule tulid n\u00e4od kohe tuttavad ette, sest samad t\u00fc\u00fcbid olid \u00fcritanud poodi t\u00fchjendada ka pool aastat tagasi.<\/span><\/p>\n<p style=\"margin-bottom: 10.0pt; text-align: left;\" align=\"left\"><span style=\"line-height: 115%;\"><b>Iseloomulik tunnus: <\/b> \u2026\u2026\u2026\u2026\u2026\u2026\u2026\u2026\u2026\u2026\u2026\u2026\u2026\u2026\u2026\u2026\u2026\u2026\u2026\u2026\u2026\u2026\u2026\u2026\u2026\u2026\u2026\u2026\u2026\u2026<\/span><\/p>\n<p style=\"margin-bottom: 10.0pt; text-align: left;\" align=\"left\">\n<\/p><p style=\"margin-bottom: 10.0pt; text-align: left;\" align=\"left\"><span style=\"line-height: 115%;\"><b>2. r\u00fchm:<\/b><\/span><\/p>\n<p style=\"margin-bottom: 10.0pt; text-align: left;\" align=\"left\"><span style=\"line-height: 115%;\">N\u00fc\u00fcd ei morjenda v\u00f5\u00f5ral p\u00f5llul autoga kihutamine telet\u00e4hte p\u00f5rmugi.<\/span><\/p>\n<p style=\"margin-bottom: 10.0pt; text-align: left;\" align=\"left\"><span style=\"line-height: 115%;\">Risti s\u00f5nul peatavad tegelinskid n\u00e4iteks maanteel juhuslikke autosid ja kurdavad, et neil on saanud bensiin otsa, ning manguvad selle ostmiseks raha.<\/span><\/p>\n<p style=\"margin-bottom: 10.0pt; text-align: left;\" align=\"left\"><span style=\"line-height: 115%;\">T\u00f6\u00f6kohustused unarusse j\u00e4tnud politsein\u00e4ru vallandati p\u00e4evapealt.<\/span><\/p>\n<p style=\"margin-bottom: 10.0pt; text-align: left;\" align=\"left\"><span style=\"line-height: 115%;\">Kaks kaaki sisenenud Edelaraudtee rongi esmasp\u00e4eval p\u00e4rast kella 22 Kohilas.<\/span><\/p>\n<p style=\"margin-bottom: 10.0pt; text-align: left;\" align=\"left\"><span style=\"line-height: 115%;\"><b>Iseloomulik tunnus: <\/b>\u2026\u2026\u2026\u2026\u2026\u2026\u2026\u2026\u2026\u2026\u2026\u2026\u2026\u2026..<\/span><\/p>\n<p style=\"margin-bottom: 10.0pt; text-align: left;\" align=\"left\"><a title=\"\" href=\"https:\/\/sisu.ut.ee\/keeleylesanded\/stiilivarving-ajalehtedes-vastus\/\" target=\"_blank\" rel=\"noopener\" data-url=\"https:\/\/sisu.ut.ee\/keeleylesanded\/stiilivarving-ajalehtedes\">Vastus<\/a><\/p>\n","protected":false},"excerpt":{"rendered":"<p>Ajalehtedes kasutatakse \u00fcsna sageli mitteneutraalset sonavara. T\u00f5mmake j\u00e4rgnevates lausetes stiiliv\u00e4rvinguga keelenditele joon alla. Laused on jagatud teatud tunnuse j\u00e4rgi kahte r\u00fchma. Leidke r\u00fchmitamise alus ehk see, mille poolest kahe r\u00fchma s\u00f5nade mitteneutraalsus erineb. 1. r\u00fchm: Maksuamet vilistas riigikohtu otsusele. Ehitusnormidele &#8230;<\/p>\n","protected":false},"author":185,"featured_media":0,"parent":0,"menu_order":0,"comment_status":"closed","ping_status":"closed","template":"","meta":{"_acf_changed":false,"inline_featured_image":false,"footnotes":""},"class_list":["post-222","page","type-page","status-publish","hentry"],"acf":[],"_links":{"self":[{"href":"https:\/\/sisu.ut.ee\/keeleylesanded\/wp-json\/wp\/v2\/pages\/222","targetHints":{"allow":["GET"]}}],"collection":[{"href":"https:\/\/sisu.ut.ee\/keeleylesanded\/wp-json\/wp\/v2\/pages"}],"about":[{"href":"https:\/\/sisu.ut.ee\/keeleylesanded\/wp-json\/wp\/v2\/types\/page"}],"author":[{"embeddable":true,"href":"https:\/\/sisu.ut.ee\/keeleylesanded\/wp-json\/wp\/v2\/users\/185"}],"replies":[{"embeddable":true,"href":"https:\/\/sisu.ut.ee\/keeleylesanded\/wp-json\/wp\/v2\/comments?post=222"}],"version-history":[{"count":2,"href":"https:\/\/sisu.ut.ee\/keeleylesanded\/wp-json\/wp\/v2\/pages\/222\/revisions"}],"predecessor-version":[{"id":1985,"href":"https:\/\/sisu.ut.ee\/keeleylesanded\/wp-json\/wp\/v2\/pages\/222\/revisions\/1985"}],"wp:attachment":[{"href":"https:\/\/sisu.ut.ee\/keeleylesanded\/wp-json\/wp\/v2\/media?parent=222"}],"curies":[{"name":"wp","href":"https:\/\/api.w.org\/{rel}","templated":true}]}}