{"id":221,"date":"2024-04-04T05:03:41","date_gmt":"2024-04-04T02:03:41","guid":{"rendered":"https:\/\/sisu.ut.ee\/keeleylesanded\/kusimuse-liik\/"},"modified":"2024-11-29T10:33:34","modified_gmt":"2024-11-29T08:33:34","slug":"kusimuse-liik","status":"publish","type":"page","link":"https:\/\/sisu.ut.ee\/keeleylesanded\/kusimuse-liik\/","title":{"rendered":"K\u00fcsimuse liik"},"content":{"rendered":"<p><b>On antud k\u00fcmme infop\u00e4ringuk\u00f5nedest p\u00e4rit k\u00fcsimust, millele on lisatud eesti k\u00f5neaktide t\u00fcpoloogias<a title=\"\" href=\"#_ftn1\" name=\"_ftnref1\"><b>[1]<\/b><\/a> kasutatavad m\u00e4rgendid. M\u00e4rgendi algusosa KYE t\u00e4histab k\u00fcsimust, l\u00f5puosa k\u00fcsimuse liiki.<\/b><\/p>\n<ol>\n<li>\u02c8m:is p\u00e4evaks te \u02c8soovite. | KYE: AVATUD |<\/li>\n<li>ee ja kuidas \u02c8nimi on. | KYE: AVATUD |<\/li>\n<li>kas te=s j\u00e4tate oma telefoni\u02c8numbri v\u00f5i helistate kuulutusel oleva *selle* \u02c8mobiili=peale. | KYE: ALTERNATIIV |<\/li>\n<li>\u02c8\u00fcldine info v\u00f5i \u02c8tasuta number. | KYE: ALTERNATIIV |<\/li>\n<li>e palun=e, kas te \u02c8oskate mulle \u00fctelda \u02c8s\u00fcdamearsti \u02c8telefoninumbrit. |KYE: JUTUSTAV KAS |<\/li>\n<li>kas te \u00fctleksite doktor \u02c8Kullassepa \u02c8telefoninumbri. | KYE: JUTUSTAV KAS |<\/li>\n<li>kas teil \u02c8hambaarsti ka on. |KYE: SULETUD KAS |<\/li>\n<li>kas teil \u02c8omme sobib. | KYE: SULETUD KAS |<\/li>\n<li>ee seal \u02c8hinna \u02c8sees on ka \u02c8hotellid ma saan \u02c8aru=ja | KYE: VASTUST PAKKUV |<\/li>\n<li>aga need on siis k\u00f5ik \u02c8lennureisid \u00fches\u00f5naga. | KYE: VASTUST PAKKUV |<\/li>\n<\/ol>\n<p><b>M\u00e4rkus: <\/b>k\u00fcsimused on kirja pandud suulise k\u00f5ne transkriptsiions, kus punkt t\u00e4histab intonatsioonilangust, \u00fclakoma t\u00e4histab r\u00f5hku, v\u00f5rdusm\u00e4rk kokkuh\u00e4\u00e4ldust, koolon venitust ja t\u00e4rnid vaikselt h\u00e4\u00e4ldatud l\u00f5iku.<\/p>\n<p><strong>\u00dclesanne 1<\/strong><\/p>\n<p><strong>Lisa m\u00e4rgendid allpool toodud k\u00fcsimustele.<\/strong><\/p>\n<ol>\n<li>Kas te \u02c8isikukoodi \u02c8oskaksite mulle \u00f6elda.<\/li>\n<li>kas \u02c8lauatelefon, mo\u02c8biil.<\/li>\n<li>ee kas: on veel \u02c8vabu \u02c8kohti=<\/li>\n<li>et arvata\u02c8vasti kuskil \u02c8talvel sis v\u00f5i.=<\/li>\n<li>et kui ma tahan: n\u00fct sel \u02c8kevadel v\u00f5i \u02c8suvel kooli \u02c8l\u00f5petada=et mis \u02c8tingimused sis peavad olema \u02c8t\u00e4idetud k\u00f5ik.<\/li>\n<\/ol>\n<p><strong>\u00dclesanne 2<\/strong><\/p>\n<p><strong>Selgita, mille alusel t\u00fcpoloogia k\u00fcsimusi eristab<\/strong>:<\/p>\n<p>AVATUD \u2013<\/p>\n<p>ALTERNATIIV \u2013<\/p>\n<p>JUTUSTAV KAS \u2013<\/p>\n<p>SULETUD KAS \u2013<\/p>\n<p>VASTUST PAKKUV \u2013<\/p>\n<div>\n<p>2006<\/p>\n<p>vanem<\/p>\n<p>l\u00f5ppvoor<\/p>\n<hr align=\"left\" size=\"1\" width=\"33%\">\n<div id=\"ftn1\">\n<p class=\"MsoFootnoteText\"><a title=\"\" href=\"\/Users\/Eva\/Dropbox\/ol%C3%BCmpiaadid\/vanem_2006_l%C3%B5pp.docx#_ftnref1\" name=\"_ftn1\">[1]<\/a> K\u00f5neaktid on dialoogis sooritatavad tegevused. Tartu \u00fclikoolis m\u00e4rgendatakse k\u00f5neakte loomulikus suhtluses, et luua loomulikus k\u00f5nes suhtlev arvutiprogramm.<\/p>\n<p><a href=\"https:\/\/sisu.ut.ee\/keeleylesanded\/kusimuse-liik-vastus\/\">Vastus<\/a><\/p>\n<\/div>\n<\/div>\n","protected":false},"excerpt":{"rendered":"<p>On antud k\u00fcmme infop\u00e4ringuk\u00f5nedest p\u00e4rit k\u00fcsimust, millele on lisatud eesti k\u00f5neaktide t\u00fcpoloogias[1] kasutatavad m\u00e4rgendid. M\u00e4rgendi algusosa KYE t\u00e4histab k\u00fcsimust, l\u00f5puosa k\u00fcsimuse liiki. \u02c8m:is p\u00e4evaks te \u02c8soovite. | KYE: AVATUD | ee ja kuidas \u02c8nimi on. | KYE: AVATUD | kas &#8230;<\/p>\n","protected":false},"author":185,"featured_media":0,"parent":0,"menu_order":0,"comment_status":"closed","ping_status":"closed","template":"","meta":{"_acf_changed":false,"inline_featured_image":false,"footnotes":""},"class_list":["post-221","page","type-page","status-publish","hentry"],"acf":[],"_links":{"self":[{"href":"https:\/\/sisu.ut.ee\/keeleylesanded\/wp-json\/wp\/v2\/pages\/221","targetHints":{"allow":["GET"]}}],"collection":[{"href":"https:\/\/sisu.ut.ee\/keeleylesanded\/wp-json\/wp\/v2\/pages"}],"about":[{"href":"https:\/\/sisu.ut.ee\/keeleylesanded\/wp-json\/wp\/v2\/types\/page"}],"author":[{"embeddable":true,"href":"https:\/\/sisu.ut.ee\/keeleylesanded\/wp-json\/wp\/v2\/users\/185"}],"replies":[{"embeddable":true,"href":"https:\/\/sisu.ut.ee\/keeleylesanded\/wp-json\/wp\/v2\/comments?post=221"}],"version-history":[{"count":2,"href":"https:\/\/sisu.ut.ee\/keeleylesanded\/wp-json\/wp\/v2\/pages\/221\/revisions"}],"predecessor-version":[{"id":1878,"href":"https:\/\/sisu.ut.ee\/keeleylesanded\/wp-json\/wp\/v2\/pages\/221\/revisions\/1878"}],"wp:attachment":[{"href":"https:\/\/sisu.ut.ee\/keeleylesanded\/wp-json\/wp\/v2\/media?parent=221"}],"curies":[{"name":"wp","href":"https:\/\/api.w.org\/{rel}","templated":true}]}}