{"id":22,"date":"2024-04-04T05:03:22","date_gmt":"2024-04-04T02:03:22","guid":{"rendered":"https:\/\/sisu.ut.ee\/keeleylesanded\/arvuulesanne\/"},"modified":"2024-11-28T15:04:24","modified_gmt":"2024-11-28T13:04:24","slug":"arvuulesanne","status":"publish","type":"page","link":"https:\/\/sisu.ut.ee\/keeleylesanded\/arvuulesanne\/","title":{"rendered":"Arvu\u00fclesanne"},"content":{"rendered":"<p>Eesti keeles kasutatakse suuremate arvude v\u00e4ljendamiseks enamasti sellist s\u00fcsteemi, et loetakse kokku t\u00e4isk\u00fcmnelised ja liidetakse juurde \u00fchelised:<\/p>\n<p>23 = <i>kaksk\u00fcmmend kolm <\/i>\u00a0(kaks k\u00fcmmet ja kolm)<\/p>\n<p>Varem on eesti keeles kasutatud k\u00fcmnest suuremate arvude v\u00e4ljendamiseks teistsugust s\u00fcsteemi, mis teatud arvude puhul kehtib veel praegugi (v\u00e4hemalt \u00fche v\u00f5imalusena).<\/p>\n<p><b>1. Mis arvude puhul vanemat s\u00fcsteemi veel t\u00e4nap\u00e4eval kasutatakse? Kirjelda seda.<\/b><\/p>\n<p><b>2. Kirjuta vanas s\u00fcsteemis j\u00e4rgmised arvud:<\/b><\/p>\n<p>23<\/p>\n<p>32<\/p>\n<p>57<\/p>\n<p>2008<\/p>\n<p>vanem, keskmine<\/p>\n<p>l\u00f5ppvoor<\/p>\n<p><a href=\"https:\/\/sisu.ut.ee\/keeleylesanded\/arvuulesanne-vastus\/\">Vastus<\/a><\/p>\n","protected":false},"excerpt":{"rendered":"<p>Eesti keeles kasutatakse suuremate arvude v\u00e4ljendamiseks enamasti sellist s\u00fcsteemi, et loetakse kokku t\u00e4isk\u00fcmnelised ja liidetakse juurde \u00fchelised: 23 = kaksk\u00fcmmend kolm \u00a0(kaks k\u00fcmmet ja kolm) Varem on eesti keeles kasutatud k\u00fcmnest suuremate arvude v\u00e4ljendamiseks teistsugust s\u00fcsteemi, mis teatud arvude puhul &#8230;<\/p>\n","protected":false},"author":185,"featured_media":0,"parent":0,"menu_order":0,"comment_status":"closed","ping_status":"closed","template":"","meta":{"_acf_changed":false,"inline_featured_image":false,"footnotes":""},"class_list":["post-22","page","type-page","status-publish","hentry"],"acf":[],"_links":{"self":[{"href":"https:\/\/sisu.ut.ee\/keeleylesanded\/wp-json\/wp\/v2\/pages\/22","targetHints":{"allow":["GET"]}}],"collection":[{"href":"https:\/\/sisu.ut.ee\/keeleylesanded\/wp-json\/wp\/v2\/pages"}],"about":[{"href":"https:\/\/sisu.ut.ee\/keeleylesanded\/wp-json\/wp\/v2\/types\/page"}],"author":[{"embeddable":true,"href":"https:\/\/sisu.ut.ee\/keeleylesanded\/wp-json\/wp\/v2\/users\/185"}],"replies":[{"embeddable":true,"href":"https:\/\/sisu.ut.ee\/keeleylesanded\/wp-json\/wp\/v2\/comments?post=22"}],"version-history":[{"count":2,"href":"https:\/\/sisu.ut.ee\/keeleylesanded\/wp-json\/wp\/v2\/pages\/22\/revisions"}],"predecessor-version":[{"id":1796,"href":"https:\/\/sisu.ut.ee\/keeleylesanded\/wp-json\/wp\/v2\/pages\/22\/revisions\/1796"}],"wp:attachment":[{"href":"https:\/\/sisu.ut.ee\/keeleylesanded\/wp-json\/wp\/v2\/media?parent=22"}],"curies":[{"name":"wp","href":"https:\/\/api.w.org\/{rel}","templated":true}]}}