{"id":217,"date":"2024-04-04T05:03:41","date_gmt":"2024-04-04T02:03:41","guid":{"rendered":"https:\/\/sisu.ut.ee\/keeleylesanded\/telefonivestluse-algus\/"},"modified":"2024-04-04T05:07:16","modified_gmt":"2024-04-04T02:07:16","slug":"telefonivestluse-algus","status":"publish","type":"page","link":"https:\/\/sisu.ut.ee\/keeleylesanded\/telefonivestluse-algus\/","title":{"rendered":"Telefonivestluse algus"},"content":{"rendered":"<p style=\"text-align: justify\">\n\t<strong>Telefonivestlused algavad tavaliselt sissejuhatava osaga, milles k\u00f5nelejad tervitavad ja sooritavad muid tegeuvsi, J\u00e4rgnevalt on esitatud neli erinevat v\u00f5imalust alustada telefonivestlust. Alustamine ei ole suvaline, seda juhivad reeglid, mille alusel sooritatakse kindlaid tegevusi.<\/strong>\n<\/p>\n<p style=\"text-align: justify\">\n\t<strong>1) Koostage n\u00e4idete p\u00f5hjal eestikeelse telefonivestluse alguse tegevuste j\u00e4rjend, mis koosneb neljast naaberpaarist. Nimetage need tegevused ja esitage need naaberpaaridena.<\/strong>\n<\/p>\n<p style=\"text-align: justify\">\n\t<strong>T\u00e4helepanu<\/strong>\n<\/p>\n<ol>\n<li style=\"text-align: justify\">\n\t\tIgas telefonik\u00f5nes k\u00f5iki naaberpaare ei esine.\n\t<\/li>\n<li style=\"text-align: justify\">\n\t\tTelefonik\u00f5nes on esimese naaberpaari esiliige alati telfonihelin (kutsung), seega tegelik k\u00f5nelemine algab naaberpaari j\u00e4relliikmega.\n\t<\/li>\n<\/ol>\n<p style=\"text-align: justify\">\n\t<strong>2) N\u00e4idetes on esitatud ka algusj\u00e4rjendile j\u00e4rgnev tegevus\u00a0\u2013 milline?<\/strong>\n<\/p>\n<p style=\"text-align: justify\">\n\t<strong>3) Neljast kaks on ametivestlused. Millised? P\u00f5hjendage.<\/strong>\n<\/p>\n<p style=\"text-align: justify\">\n\t<strong>M\u00f5isted<\/strong>\n<\/p>\n<p style=\"text-align: justify\">\n\t<em>K\u00f5nevoor<\/em>\u00a0on k\u00f5neleja \u00fchekorraga esitatud jutt. Kui vestluskaaslane hakkab k\u00f5nelema, siis vahetub ka k\u00f5nevoor.\n<\/p>\n<p style=\"text-align: justify\">\n\t<em>Naaberpaar<\/em>\u00a0on kahest \u00fcksteisele j\u00e4rgnevast k\u00f5nevoorust koosnev \u00fcksus, milles esimene voor (ehk naaberpaari esiliige) n\u00f5uab vestluspartnerilt kindlat j\u00e4rgnevat k\u00f5nevooru (ehk j\u00e4relliiget). Nt k\u00fcsimus n\u00f5uab vastust (<em>kas on hetk aega r\u00e4\u00e4kida\u00a0\u2013 on ikka<\/em>) ja tervitus vastutervitust (<em>t\u0161au\u00a0\u2013 t\u0161au<\/em>).\n<\/p>\n<p style=\"text-align: justify\">\n\tK\u00f5nede \u00fcleskirjutamisel (litereerimisel) on kasutatud suulise keele lihtsustatud transkriptsiooni, kus suurt\u00e4htedega t\u00e4histatakse ainult p\u00e4risnimesid. H t\u00e4histab helistajat, V vastajat\n<\/p>\n<p style=\"text-align: justify\">\n\tLitereerimisel kasutatud m\u00e4rgid\n<\/p>\n<table class=\"table table-hover\" border=\"0\" cellpadding=\"1\" cellspacing=\"1\" style=\"width: 100%\">\n<tbody>\n<tr>\n<td>\n\t\t\t\t((kutsung))\n\t\t\t<\/td>\n<td>\n\t\t\t\tlitereerija kommentaar\n\t\t\t<\/td>\n<\/tr>\n<tr>\n<td>\n\t\t\t\t.\n\t\t\t<\/td>\n<td>\n\t\t\t\tlangev intonatsioon\n\t\t\t<\/td>\n<\/tr>\n<tr>\n<td>\n\t\t\t\t,\n\t\t\t<\/td>\n<td>\n\t\t\t\tpoollangev intonatsioon\n\t\t\t<\/td>\n<\/tr>\n<tr>\n<td>\n\t\t\t\t?\n\t\t\t<\/td>\n<td>\n\t\t\t\tk\u00fcsiv intonatsioon\n\t\t\t<\/td>\n<\/tr>\n<tr>\n<td>\n\t\t\t\t(.)\n\t\t\t<\/td>\n<td>\n\t\t\t\tmikropaus\n\t\t\t<\/td>\n<\/tr>\n<tr>\n<td>\n\t\t\t\t(0.5)\u00a0\n\t\t\t<\/td>\n<td>\n\t\t\t\tpausi pikkus sekundites\n\t\t\t<\/td>\n<\/tr>\n<tr>\n<td>\n\t\t\t\t.hh\n\t\t\t<\/td>\n<td>\n\t\t\t\tsissehingamine\n\t\t\t<\/td>\n<\/tr>\n<\/tbody>\n<\/table>\n<p>\n\t\u00a0\n<\/p>\n<p>\n\t<strong>(1)<\/strong>\n<\/p>\n<p>\n\t((kutsung))\n<\/p>\n<p>\n\tV:\u00a0 \u00a0Katrina kuuleb\n<\/p>\n<p>\n\tH:\u00a0 \u00a0 tere Katrina. Laura siin\n<\/p>\n<p>\n\tV:\u00a0 \u00a0noo?\n<\/p>\n<p>\n\tH:\u00a0 \u00a0kuule, on sul natukene aega minuga r\u00e4\u00e4kida.\n<\/p>\n<p>\n\tV:\u00a0 \u00a0mul oleks tarvis seda: (.) sinu selle koogiretseptei mille peal on kookoshelbed\n<\/p>\n<p>\n\t\u00a0\n<\/p>\n<p>\n\t<strong>(2)<\/strong>\n<\/p>\n<p>\n\t((kutsung))\n<\/p>\n<p>\n\tV:\u00a0 \u00a0allo?\n<\/p>\n<p>\n\tH:\u00a0 \u00a0t\u0161au?\n<\/p>\n<p>\n\tV:\u00a0 \u00a0t\u0161au.\n<\/p>\n<p>\n\tH:\u00a0 \u00a0.hh kule ma sain sulle hambaarsti aja j\u00e4rgmiseks teisip\u00e4evaks kell kolm\n<\/p>\n<p>\n\t\u00a0\n<\/p>\n<p>\n\t<strong>(3)<\/strong>\n<\/p>\n<p>\n\t((kostab valimine, seej\u00e4rel kutsung))\n<\/p>\n<p>\n\tV:\u00a0 \u00a0Nirk Mahtras.\n<\/p>\n<p>\n\t(0.8)\n<\/p>\n<p>\n\tH:\u00a0 \u00a0tere p\u00e4evast.\n<\/p>\n<p>\n\tV:\u00a0 \u00a0tervist.\n<\/p>\n<p>\n\tH:\u00a0 \u00a0siin on Tiit Tukat Teadmistepagasist.\n<\/p>\n<p>\n\tV:\u00a0 \u00a0tere tere.\n<\/p>\n<p>\n\tH:\u00a0 \u00a0kas on hetk aega r\u00e4\u00e4kida.\n<\/p>\n<p>\n\tV:\u00a0 \u00a0on ikka.\n<\/p>\n<p>\n\tH:\u00a0 \u00a0ni helistan n\u00fcd selle (.) pakkumise p\u00e4rast mida hh (.) mida saatsin v\u00f5i v\u00f5i \u00f5igemini v\u00f5iks \u00f6elda et se on ettepanek: (.) nii\u00f6elda.\n<\/p>\n<p>\n\tV:\u00a0 \u00a0jaa jaa. t\u00e4hendab ee ei ole vel otsust selle kohta.\n<\/p>\n<p>\n\t\u00a0\n<\/p>\n<p>\n\t<strong>(4)<\/strong>\n<\/p>\n<p>\n\t((kutsung))\n<\/p>\n<p>\n\tV:\u00a0 \u00a0hallo?\n<\/p>\n<p>\n\tH:\u00a0 \u00a0tere \u00f5htust. kas Juku.\n<\/p>\n<p>\n\tV:\u00a0 \u00a0jaa.\n<\/p>\n<p>\n\tH:\u00a0 \u00a0tere, olen Veljo Heligrupist.\n<\/p>\n<p>\n\tV:\u00a0 \u00a0jah\n<\/p>\n<p>\n\tH:\u00a0 \u00a0.hh kule Juku r\u00e4\u00e4gi mulle sellist asja h ee kas: omme \u00f5htupoole oleks v\u00f5imalik see t\u00f6\u00f6 \u00e4ra teha.\n<\/p>\n<p>\n\t\u00a0\n<\/p>\n<p>\n\t\u00a0\n<\/p>\n<p>\n\t2006\n<\/p>\n<p>\n\tvanem\n<\/p>\n<p>\n\tl\u00f5ppvoor<\/p>\n","protected":false},"excerpt":{"rendered":"<p>Telefonivestlused algavad tavaliselt sissejuhatava osaga, milles k\u00f5nelejad tervitavad ja sooritavad muid tegeuvsi, J\u00e4rgnevalt on esitatud neli erinevat v\u00f5imalust alustada telefonivestlust. Alustamine ei ole suvaline, seda juhivad reeglid, mille alusel sooritatakse kindlaid tegevusi. 1) Koostage n\u00e4idete p\u00f5hjal eestikeelse telefonivestluse alguse tegevuste &#8230;<\/p>\n","protected":false},"author":185,"featured_media":0,"parent":0,"menu_order":0,"comment_status":"closed","ping_status":"closed","template":"","meta":{"_acf_changed":false,"inline_featured_image":false,"footnotes":""},"class_list":["post-217","page","type-page","status-publish","hentry"],"acf":[],"_links":{"self":[{"href":"https:\/\/sisu.ut.ee\/keeleylesanded\/wp-json\/wp\/v2\/pages\/217","targetHints":{"allow":["GET"]}}],"collection":[{"href":"https:\/\/sisu.ut.ee\/keeleylesanded\/wp-json\/wp\/v2\/pages"}],"about":[{"href":"https:\/\/sisu.ut.ee\/keeleylesanded\/wp-json\/wp\/v2\/types\/page"}],"author":[{"embeddable":true,"href":"https:\/\/sisu.ut.ee\/keeleylesanded\/wp-json\/wp\/v2\/users\/185"}],"replies":[{"embeddable":true,"href":"https:\/\/sisu.ut.ee\/keeleylesanded\/wp-json\/wp\/v2\/comments?post=217"}],"version-history":[{"count":1,"href":"https:\/\/sisu.ut.ee\/keeleylesanded\/wp-json\/wp\/v2\/pages\/217\/revisions"}],"predecessor-version":[{"id":1511,"href":"https:\/\/sisu.ut.ee\/keeleylesanded\/wp-json\/wp\/v2\/pages\/217\/revisions\/1511"}],"wp:attachment":[{"href":"https:\/\/sisu.ut.ee\/keeleylesanded\/wp-json\/wp\/v2\/media?parent=217"}],"curies":[{"name":"wp","href":"https:\/\/api.w.org\/{rel}","templated":true}]}}