{"id":216,"date":"2024-04-04T05:03:41","date_gmt":"2024-04-04T02:03:41","guid":{"rendered":"https:\/\/sisu.ut.ee\/keeleylesanded\/uudissonad\/"},"modified":"2024-11-29T13:22:52","modified_gmt":"2024-11-29T11:22:52","slug":"uudissonad","status":"publish","type":"page","link":"https:\/\/sisu.ut.ee\/keeleylesanded\/uudissonad\/","title":{"rendered":"Uudiss\u00f5nad"},"content":{"rendered":"<ol>\n<li><em>suunamudija <\/em>on s\u00f5na, mis loodi ajakirjade T\u00e4heke ja Hea Laps s\u00f5nade leiutamise v\u00f5istlusel (2019). Mida see s\u00f5na t\u00e4hendab? Mida v\u00f5iksid t\u00e4hendada samal v\u00f5istlusel pakutud s\u00f5nad <em>seinak\u00f5ne, tujukuju<\/em> ja <em>v\u00e4levorst<\/em>?<\/li>\n<li>Mis tuuakse lauale, kui tellid <em>mahediku<\/em> ja <em>m\u00e4hiku<\/em>?<\/li>\n<li>\u00a0Riigimees Jaan T\u00f5nisson on j\u00e4tnud meile s\u00f5na <em>k\u00f5lber\u00fc\u00fcste<\/em>, mille asemel kasutatakse t\u00e4nap\u00e4eval \u00fcht v\u00f5\u00f5rs\u00f5na. Millist?<\/li>\n<\/ol>\n<p><a href=\"https:\/\/sisu.ut.ee\/keeleylesanded\/uudissonad-vastus\/\">Vastus<\/a><\/p>\n","protected":false},"excerpt":{"rendered":"<p>suunamudija on s\u00f5na, mis loodi ajakirjade T\u00e4heke ja Hea Laps s\u00f5nade leiutamise v\u00f5istlusel (2019). Mida see s\u00f5na t\u00e4hendab? Mida v\u00f5iksid t\u00e4hendada samal v\u00f5istlusel pakutud s\u00f5nad seinak\u00f5ne, tujukuju ja v\u00e4levorst? Mis tuuakse lauale, kui tellid mahediku ja m\u00e4hiku? \u00a0Riigimees Jaan T\u00f5nisson &#8230;<\/p>\n","protected":false},"author":185,"featured_media":0,"parent":0,"menu_order":0,"comment_status":"closed","ping_status":"closed","template":"","meta":{"_acf_changed":false,"inline_featured_image":false,"footnotes":""},"class_list":["post-216","page","type-page","status-publish","hentry"],"acf":[],"_links":{"self":[{"href":"https:\/\/sisu.ut.ee\/keeleylesanded\/wp-json\/wp\/v2\/pages\/216","targetHints":{"allow":["GET"]}}],"collection":[{"href":"https:\/\/sisu.ut.ee\/keeleylesanded\/wp-json\/wp\/v2\/pages"}],"about":[{"href":"https:\/\/sisu.ut.ee\/keeleylesanded\/wp-json\/wp\/v2\/types\/page"}],"author":[{"embeddable":true,"href":"https:\/\/sisu.ut.ee\/keeleylesanded\/wp-json\/wp\/v2\/users\/185"}],"replies":[{"embeddable":true,"href":"https:\/\/sisu.ut.ee\/keeleylesanded\/wp-json\/wp\/v2\/comments?post=216"}],"version-history":[{"count":2,"href":"https:\/\/sisu.ut.ee\/keeleylesanded\/wp-json\/wp\/v2\/pages\/216\/revisions"}],"predecessor-version":[{"id":2025,"href":"https:\/\/sisu.ut.ee\/keeleylesanded\/wp-json\/wp\/v2\/pages\/216\/revisions\/2025"}],"wp:attachment":[{"href":"https:\/\/sisu.ut.ee\/keeleylesanded\/wp-json\/wp\/v2\/media?parent=216"}],"curies":[{"name":"wp","href":"https:\/\/api.w.org\/{rel}","templated":true}]}}