{"id":212,"date":"2024-04-04T05:03:40","date_gmt":"2024-04-04T02:03:40","guid":{"rendered":"https:\/\/sisu.ut.ee\/keeleylesanded\/tuletame-nimisonu\/"},"modified":"2024-11-29T13:07:47","modified_gmt":"2024-11-29T11:07:47","slug":"tuletame-nimisonu","status":"publish","type":"page","link":"https:\/\/sisu.ut.ee\/keeleylesanded\/tuletame-nimisonu\/","title":{"rendered":"Tuletame nimis\u00f5nu"},"content":{"rendered":"<p style=\"text-align: justify;\"><strong>Tuleta igast etteantud s\u00f5nast\u00a0<u>\u00fcks<\/u>\u00a0nimis\u00f5na ning jaga saadud s\u00f5nad t\u00e4hendusr\u00fchmadesse (t\u00e4ida tabel), arvestades, et\u00a0<\/strong><\/p>\n<p style=\"text-align: justify;\"><b>1) igas r\u00fchmas tohbi kastuada ainult \u00fchte liidet,<\/b><\/p>\n<p style=\"text-align: justify;\"><b>2) igas tuletatud s\u00f5nas tohib kasutada ainult \u00fchte liidet,<\/b><\/p>\n<p style=\"text-align: justify;\"><b>3) igasse r\u00fchma tuleb paigutada \u00fchepalju s\u00f5nu.<\/b><\/p>\n<p style=\"text-align: justify;\">\n<\/p><p style=\"text-align: justify;\"><em>aed, haige, taga, jooma, ujuma, juht, uurima, kiri, pere, kutsuma, laud, leht, liha, mesi, mets, murdma, pesa, parkima, treenima, salk<\/em><\/p>\n<p style=\"text-align: justify;\">\n<\/p><table class=\"table table-hover\" style=\"width: 100%;\" border=\"1\" cellspacing=\"1\" cellpadding=\"2\">\n<thead>\n<tr>\n<th scope=\"col\">Isik ameti v\u00f5i tegevusala j\u00e4rgi<\/th>\n<th scope=\"col\">Koht<\/th>\n<th scope=\"col\">Kollektiiv<\/th>\n<th scope=\"col\">Tegevuse \u00fckikjuht<\/th>\n<\/tr>\n<\/thead>\n<tbody>\n<tr>\n<td><\/td>\n<td><\/td>\n<td><\/td>\n<td><\/td>\n<\/tr>\n<tr>\n<td><\/td>\n<td><\/td>\n<td><\/td>\n<td><\/td>\n<\/tr>\n<tr>\n<td><\/td>\n<td><\/td>\n<td><\/td>\n<td><\/td>\n<\/tr>\n<tr>\n<td><\/td>\n<td><\/td>\n<td><\/td>\n<td><\/td>\n<\/tr>\n<tr>\n<td><\/td>\n<td><\/td>\n<td><\/td>\n<td><\/td>\n<\/tr>\n<\/tbody>\n<\/table>\n<p>2006<\/p>\n<p>keskmine<\/p>\n<p>l\u00f5ppvoor<\/p>\n<p><a href=\"https:\/\/sisu.ut.ee\/keeleylesanded\/tuletame-nimisonu-vastus\/\">Vastus<\/a><\/p>\n","protected":false},"excerpt":{"rendered":"<p>Tuleta igast etteantud s\u00f5nast\u00a0\u00fcks\u00a0nimis\u00f5na ning jaga saadud s\u00f5nad t\u00e4hendusr\u00fchmadesse (t\u00e4ida tabel), arvestades, et\u00a0 1) igas r\u00fchmas tohbi kastuada ainult \u00fchte liidet, 2) igas tuletatud s\u00f5nas tohib kasutada ainult \u00fchte liidet, 3) igasse r\u00fchma tuleb paigutada \u00fchepalju s\u00f5nu. aed, haige, taga, &#8230;<\/p>\n","protected":false},"author":185,"featured_media":0,"parent":0,"menu_order":0,"comment_status":"closed","ping_status":"closed","template":"","meta":{"_acf_changed":false,"inline_featured_image":false,"footnotes":""},"class_list":["post-212","page","type-page","status-publish","hentry"],"acf":[],"_links":{"self":[{"href":"https:\/\/sisu.ut.ee\/keeleylesanded\/wp-json\/wp\/v2\/pages\/212","targetHints":{"allow":["GET"]}}],"collection":[{"href":"https:\/\/sisu.ut.ee\/keeleylesanded\/wp-json\/wp\/v2\/pages"}],"about":[{"href":"https:\/\/sisu.ut.ee\/keeleylesanded\/wp-json\/wp\/v2\/types\/page"}],"author":[{"embeddable":true,"href":"https:\/\/sisu.ut.ee\/keeleylesanded\/wp-json\/wp\/v2\/users\/185"}],"replies":[{"embeddable":true,"href":"https:\/\/sisu.ut.ee\/keeleylesanded\/wp-json\/wp\/v2\/comments?post=212"}],"version-history":[{"count":2,"href":"https:\/\/sisu.ut.ee\/keeleylesanded\/wp-json\/wp\/v2\/pages\/212\/revisions"}],"predecessor-version":[{"id":2008,"href":"https:\/\/sisu.ut.ee\/keeleylesanded\/wp-json\/wp\/v2\/pages\/212\/revisions\/2008"}],"wp:attachment":[{"href":"https:\/\/sisu.ut.ee\/keeleylesanded\/wp-json\/wp\/v2\/media?parent=212"}],"curies":[{"name":"wp","href":"https:\/\/api.w.org\/{rel}","templated":true}]}}