{"id":2109,"date":"2024-12-02T10:12:41","date_gmt":"2024-12-02T08:12:41","guid":{"rendered":"https:\/\/sisu.ut.ee\/keeleylesanded\/segiaetud-voorsonad-2\/"},"modified":"2024-12-02T10:12:41","modified_gmt":"2024-12-02T08:12:41","slug":"segiaetud-voorsonad-2","status":"publish","type":"page","link":"https:\/\/sisu.ut.ee\/keeleylesanded\/segiaetud-voorsonad-2\/","title":{"rendered":"Segiaetud v\u00f5\u00f5rs\u00f5nad"},"content":{"rendered":"<div id=\"watupro_quiz\" class=\"quiz-area single-page-quiz\">\n<p id=\"submittingExam2\" style=\"display:none;text-align:center;\"><img loading=\"lazy\" decoding=\"async\" src=\"https:\/\/sisu.ut.ee\/wp-content\/plugins\/watupro\/img\/loading.gif\" width=\"16\" height=\"16\"><\/p>\n\n<div class=\"watupro-exam-description\" id=\"description-quiz-2\"><p><span style=\"font-size: 20px;\"><b>Taasta segi aetud t\u00e4htedest v\u00f5\u00f5rs\u00f5nad, abiks on \u00fclakomade vahel olev t\u00e4hendusseletus. Kirjuta ka taastatud s\u00f5na v\u00f5\u00f5rs\u00f5naline anton\u00fc\u00fcm.<\/b><\/span><\/p>\n<\/div>\n\n<form action=\"\" method=\"post\" class=\"quiz-form\" id=\"quiz-2\" enctype=\"multipart\/form-data\">\n<div class=\"watu-question \" id=\"question-1\" style=\";\"><div id=\"questionWrap-1\" class=\"   watupro-question-id-10\">\n\t\t\t<div class=\"question-content\"><p>gresser\u00a0 'tagasiminek'\u00a0<input type=\"text\" size=\"10\" name=\"gap_10_1\" class=\"watupro-gap answer answerof-10\" value=\"\">\u00a0<span style=\"font-size:16px;\">\u21d4\u00a0<\/span><input type=\"text\" size=\"10\" name=\"gap_10_2\" class=\"watupro-gap answer answerof-10\" value=\"\">\u00a0<\/p>\n<input type=\"hidden\" name=\"question_id[]\" id=\"qID_1\" value=\"10\" class=\"watupro-question-id\"><input type=\"hidden\" id=\"answerType10\" class=\"answerTypeCnt1\" value=\"gaps\"><!-- end question-content--><\/div><!-- end questionWrap--><\/div><\/div><div class=\"watu-question \" id=\"question-2\" style=\";\"><div id=\"questionWrap-2\" class=\"   watupro-question-id-14\">\n\t\t\t<div class=\"question-content\"><p>tasakati 'tasakaaluseisund'\u00a0<input type=\"text\" size=\"10\" name=\"gap_14_1\" class=\"watupro-gap answer answerof-14\" value=\"\"><span style=\"font-size:16px;\">\u21d4<\/span>\u00a0<input type=\"text\" size=\"10\" name=\"gap_14_2\" class=\"watupro-gap answer answerof-14\" value=\"\">\u00a0<\/p>\n<input type=\"hidden\" name=\"question_id[]\" id=\"qID_2\" value=\"14\" class=\"watupro-question-id\"><input type=\"hidden\" id=\"answerType14\" class=\"answerTypeCnt2\" value=\"gaps\"><!-- end question-content--><\/div><!-- end questionWrap--><\/div><\/div><div class=\"watu-question \" id=\"question-3\" style=\";\"><div id=\"questionWrap-3\" class=\"   watupro-question-id-7\">\n\t\t\t<div class=\"question-content\"><p>\u00a0<\/p>\n<p>kuristatill\u00a0'omakasup\u00fc\u00fcdmatu'\u00a0\u00a0 \u00a0 \u00a0 \u00a0 <input type=\"text\" size=\"10\" name=\"gap_7_1\" class=\"watupro-gap answer answerof-7\" value=\"\">\u00a0 \u21d4\u00a0 <input type=\"text\" size=\"10\" name=\"gap_7_2\" class=\"watupro-gap answer answerof-7\" value=\"\"><\/p>\n<p>\u00a0<\/p>\n<input type=\"hidden\" name=\"question_id[]\" id=\"qID_3\" value=\"7\" class=\"watupro-question-id\"><input type=\"hidden\" id=\"answerType7\" class=\"answerTypeCnt3\" value=\"gaps\"><!-- end question-content--><\/div><!-- end questionWrap--><\/div><\/div><div class=\"watu-question \" id=\"question-4\" style=\";\"><div id=\"questionWrap-4\" class=\"   watupro-question-id-8\">\n\t\t\t<div class=\"question-content\"><p>tarelennot\u00a0 'salliv'\u00a0\u00a0 \u00a0<input type=\"text\" size=\"10\" name=\"gap_8_1\" class=\"watupro-gap answer answerof-8\" value=\"\">\u00a0 \u00a0<span style=\"font-size:16px;\">\u21d4 <\/span>\u00a0 \u00a0<input type=\"text\" size=\"10\" name=\"gap_8_2\" class=\"watupro-gap answer answerof-8\" value=\"\"><\/p>\n<input type=\"hidden\" name=\"question_id[]\" id=\"qID_4\" value=\"8\" class=\"watupro-question-id\"><input type=\"hidden\" id=\"answerType8\" class=\"answerTypeCnt4\" value=\"gaps\"><!-- end question-content--><\/div><!-- end questionWrap--><\/div><\/div><div class=\"watu-question \" id=\"question-5\" style=\";\"><div id=\"questionWrap-5\" class=\"   watupro-question-id-9\">\n\t\t\t<div class=\"question-content\"><p>merinarpa\u00a0 'esmane'\u00a0<input type=\"text\" size=\"10\" name=\"gap_9_1\" class=\"watupro-gap answer answerof-9\" value=\"\">\u00a0\u00a0<span style=\"font-size:16px;\">\u21d4\u00a0<\/span><input type=\"text\" size=\"10\" name=\"gap_9_2\" class=\"watupro-gap answer answerof-9\" value=\"\">\u00a0<\/p>\n<input type=\"hidden\" name=\"question_id[]\" id=\"qID_5\" value=\"9\" class=\"watupro-question-id\"><input type=\"hidden\" id=\"answerType9\" class=\"answerTypeCnt5\" value=\"gaps\"><!-- end question-content--><\/div><!-- end questionWrap--><\/div><\/div><div class=\"watu-question \" id=\"question-6\" style=\";\"><div id=\"questionWrap-6\" class=\"   watupro-question-id-12\">\n\t\t\t<div class=\"question-content\"><p>toresiganimo\u00a0 'v\u00e4ljar\u00e4nne'\u00a0<input type=\"text\" size=\"10\" name=\"gap_12_1\" class=\"watupro-gap answer answerof-12\" value=\"\">\u00a0<span style=\"font-size:16px;\">\u21d4<\/span><input type=\"text\" size=\"10\" name=\"gap_12_2\" class=\"watupro-gap answer answerof-12\" value=\"\">\u00a0<\/p>\n<input type=\"hidden\" name=\"question_id[]\" id=\"qID_6\" value=\"12\" class=\"watupro-question-id\"><input type=\"hidden\" id=\"answerType12\" class=\"answerTypeCnt6\" value=\"gaps\"><!-- end question-content--><\/div><!-- end questionWrap--><\/div><\/div><div class=\"watu-question \" id=\"question-7\" style=\";\"><div id=\"questionWrap-7\" class=\"   watupro-question-id-11\">\n\t\t\t<div class=\"question-content\"><p>silomegon 'uudiskeelend'\u00a0 <input type=\"text\" size=\"10\" name=\"gap_11_1\" class=\"watupro-gap answer answerof-11\" value=\"\">\u00a0<span style=\"font-size:16px;\">\u21d4<\/span><input type=\"text\" size=\"10\" name=\"gap_11_2\" class=\"watupro-gap answer answerof-11\" value=\"\">\u00a0<\/p>\n<input type=\"hidden\" name=\"question_id[]\" id=\"qID_7\" value=\"11\" class=\"watupro-question-id\"><input type=\"hidden\" id=\"answerType11\" class=\"answerTypeCnt7\" value=\"gaps\"><!-- end question-content--><\/div><!-- end questionWrap--><\/div><\/div><div class=\"watu-question \" id=\"question-8\" style=\";\"><div id=\"questionWrap-8\" class=\"   watupro-question-id-13\">\n\t\t\t<div class=\"question-content\"><p>hegemoonen '\u00fchtlane'\u00a0<input type=\"text\" size=\"10\" name=\"gap_13_1\" class=\"watupro-gap answer answerof-13\" value=\"\"><span style=\"font-size:16px;\">\u21d4<\/span>\u00a0<input type=\"text\" size=\"10\" name=\"gap_13_2\" class=\"watupro-gap answer answerof-13\" value=\"\">\u00a0<\/p>\n<input type=\"hidden\" name=\"question_id[]\" id=\"qID_8\" value=\"13\" class=\"watupro-question-id\"><input type=\"hidden\" id=\"answerType13\" class=\"answerTypeCnt8\" value=\"gaps\"><!-- end question-content--><\/div><!-- end questionWrap--><\/div><\/div><div style=\"display:none\" id=\"question-9\">\n\t<div class=\"question-content\">\n\t\t<img loading=\"lazy\" decoding=\"async\" src=\"https:\/\/sisu.ut.ee\/wp-content\/plugins\/watupro\/img\/loading.gif\" width=\"16\" height=\"16\" alt=\"Loading...\" title=\"Loading...\">\u00a0Loading...\t<\/div>\n<\/div>\n\n<br>\n\t\n\t\t\t<div class=\"watupro_buttons flex \" id=\"watuPROButtons2\">\n\t\t  <div id=\"prev-question\" style=\"display:none;\"><input type=\"button\" value=\"&lt; Previous\" onclick=\"WatuPRO.nextQuestion(event, 'previous');\"><\/div>\t\t  \t\t  \t\t   \n\t\t   \t  \t\t<div><input type=\"button\" name=\"action\" class=\"watupro-submit-button\" onclick=\"WatuPRO.submitResult(event)\" id=\"action-button\" value=\"Vaata tulemust\">\n\t\t<\/div>\n\t\t<\/div>\n\t\t\n\t<input type=\"hidden\" name=\"quiz_id\" value=\"2\" id=\"watuPROExamID\">\n\t<input type=\"hidden\" name=\"start_time\" id=\"startTime\" value=\"2026-04-15 10:29:02\">\n\t<input type=\"hidden\" name=\"start_timestamp\" id=\"startTimeStamp\" value=\"1776248942\">\n\t<input type=\"hidden\" name=\"question_ids\" value=\"\">\n\t<input type=\"hidden\" name=\"watupro_questions\" value=\"10:10 | 14:14 | 7: | 8:8 | 9:9 | 12:12 | 11:11 | 13:13\">\n\t<input type=\"hidden\" name=\"no_ajax\" value=\"0\">\t\t\t<\/form>\n\t<p>\u00a0<\/p>\n<\/div>\n\n<script type=\"text\/javascript\">\n\/\/jQuery(document).ready(function(){\ndocument.addEventListener(\"DOMContentLoaded\", function(event) { \t\nvar question_ids = \"10,14,7,8,9,12,11,13\";\nWatuPROSettings[2] = {};\nWatuPRO.qArr = question_ids.split(',');\nWatuPRO.exam_id = 2;\t    \nWatuPRO.post_id = 2109;\nWatuPRO.store_progress = 0;\nWatuPRO.curCatPage = 1;\nWatuPRO.requiredIDs=\"0\".split(\",\");\nWatuPRO.hAppID = \"0.70121000 1776238142\";\nvar url = \"https:\/\/sisu.ut.ee\/wp-content\/plugins\/watupro\/show_exam.php\";\nWatuPRO.examMode = 1;\nWatuPRO.siteURL=\"https:\/\/sisu.ut.ee\/keeleylesanded\/wp-admin\/admin-ajax.php\";\nWatuPRO.emailIsNotRequired = 0;\nWatuPRO.perDecade = 10;\nWatuPROIntel.init(2);\nWatuPRO.inCategoryPages=1;});    \t \n<\/script>\n\n","protected":false},"excerpt":{"rendered":"","protected":false},"author":76,"featured_media":0,"parent":0,"menu_order":0,"comment_status":"closed","ping_status":"closed","template":"","meta":{"_acf_changed":false,"inline_featured_image":false,"footnotes":""},"class_list":["post-2109","page","type-page","status-publish","hentry"],"acf":[],"_links":{"self":[{"href":"https:\/\/sisu.ut.ee\/keeleylesanded\/wp-json\/wp\/v2\/pages\/2109","targetHints":{"allow":["GET"]}}],"collection":[{"href":"https:\/\/sisu.ut.ee\/keeleylesanded\/wp-json\/wp\/v2\/pages"}],"about":[{"href":"https:\/\/sisu.ut.ee\/keeleylesanded\/wp-json\/wp\/v2\/types\/page"}],"author":[{"embeddable":true,"href":"https:\/\/sisu.ut.ee\/keeleylesanded\/wp-json\/wp\/v2\/users\/76"}],"replies":[{"embeddable":true,"href":"https:\/\/sisu.ut.ee\/keeleylesanded\/wp-json\/wp\/v2\/comments?post=2109"}],"version-history":[{"count":0,"href":"https:\/\/sisu.ut.ee\/keeleylesanded\/wp-json\/wp\/v2\/pages\/2109\/revisions"}],"wp:attachment":[{"href":"https:\/\/sisu.ut.ee\/keeleylesanded\/wp-json\/wp\/v2\/media?parent=2109"}],"curies":[{"name":"wp","href":"https:\/\/api.w.org\/{rel}","templated":true}]}}