{"id":210,"date":"2024-04-04T05:03:40","date_gmt":"2024-04-04T02:03:40","guid":{"rendered":"https:\/\/sisu.ut.ee\/keeleylesanded\/paranormaalse-uurija-laul\/"},"modified":"2024-11-29T11:59:33","modified_gmt":"2024-11-29T09:59:33","slug":"paranormaalse-uurija-laul","status":"publish","type":"page","link":"https:\/\/sisu.ut.ee\/keeleylesanded\/paranormaalse-uurija-laul\/","title":{"rendered":"Paranormaalse uurija laul"},"content":{"rendered":"<p><strong>Loe l\u00e4bi ansambli Terminaator \u201cParanormaalse uurija laulu\u201d s\u00f5nad ja vasta esitatud k\u00fcsimustele.<\/strong><\/p>\n<p><strong><em>Paranormaalse uurija laul<\/em><\/strong><\/p>\n<p><em>Ma ei ole laisk, ei amoraalne,<\/em><\/p>\n<p><em>olen lihtsalt \u00fclet\u00f6\u00f6tanud.<\/em><\/p>\n<p><em>Olen natuke paranormaalne,<\/em><\/p>\n<p><em>seda teistegagi juhtunud.<\/em><\/p>\n<p><em>Lapsep\u00f5lvest peale on mul tunne,<\/em><\/p>\n<p><em>et mind r\u00f6\u00f6vis \u00e4ra ufo,<\/em><\/p>\n<p><em>mulle tehti mitmeid-setmeid katseid,<\/em><\/p>\n<p><em>sellep\u00e4rast r\u00e4\u00e4gin selle loo.<\/em><\/p>\n<p><em>K\u00fcsida v\u00f5in Mulderilt v\u00f5i Skullylt,<\/em><\/p>\n<p><em>nemad seda asja jagavad.<\/em><\/p>\n<p><em>T\u00f5de liigub kuskil kaugel ringi,<\/em><\/p>\n<p><em>siis kui inimesed magavad.<\/em><\/p>\n<p><em>M\u00f5ned k\u00fclvavad k\u00fcll ebausku,<\/em><\/p>\n<p><em>teised t\u00fchju s\u00f5nu loobivad,<\/em><\/p>\n<p><em>aga k\u00f5igil on neil vesi ahjus,<\/em><\/p>\n<p><em>kui meid r\u00fcndavad kord tulnukad.<\/em><\/p>\n<p><em>Siis ma k\u00fcsin Mulderilt v\u00f5i Skullylt,<\/em><\/p>\n<p><em>failist uurin seal, kus kirjas x.<\/em><\/p>\n<p><em>T\u00f5de hiilib kuskil kaugel ringi,<\/em><\/p>\n<p><em>aga mina tahan teada, miks.<\/em><\/p>\n<ol>\n<li><strong>Kirjuta tekstist v\u00e4lja kolm v\u00f5\u00f5rs\u00f5na ja selgita iga\u00fche t\u00e4hendust.<\/strong><\/li>\n<li><strong>Leia tekstist \u00fcks valesti kirjutatud s\u00f5na ja kirjuta see koos korrektse variandiga siia.<\/strong><\/li>\n<li><strong>Tekstis esineb tegus\u00f5na <em>jagama <\/em>\u00fches kindlas t\u00e4henduses. Selgita l\u00fchidalt <em>jagama<\/em> nelja v\u00f5imalikku t\u00e4hendust.<\/strong><\/li>\n<li><strong>Kirjuta tekstist v\u00e4lja kolm kujundlikku v\u00e4ljendit ja selgita l\u00fchidalt nende t\u00e4hendust.<\/strong><\/li>\n<\/ol>\n<p>2014<\/p>\n<p>keskmine<\/p>\n<p>l\u00f5ppvoor<\/p>\n<p><a href=\"https:\/\/sisu.ut.ee\/keeleylesanded\/paranormaalse-uurija-laul-vastus\/\">Vastus<\/a><\/p>\n","protected":false},"excerpt":{"rendered":"<p>Loe l\u00e4bi ansambli Terminaator \u201cParanormaalse uurija laulu\u201d s\u00f5nad ja vasta esitatud k\u00fcsimustele. Paranormaalse uurija laul Ma ei ole laisk, ei amoraalne, olen lihtsalt \u00fclet\u00f6\u00f6tanud. Olen natuke paranormaalne, seda teistegagi juhtunud. Lapsep\u00f5lvest peale on mul tunne, et mind r\u00f6\u00f6vis \u00e4ra ufo, &#8230;<\/p>\n","protected":false},"author":185,"featured_media":0,"parent":0,"menu_order":0,"comment_status":"closed","ping_status":"closed","template":"","meta":{"_acf_changed":false,"inline_featured_image":false,"footnotes":""},"class_list":["post-210","page","type-page","status-publish","hentry"],"acf":[],"_links":{"self":[{"href":"https:\/\/sisu.ut.ee\/keeleylesanded\/wp-json\/wp\/v2\/pages\/210","targetHints":{"allow":["GET"]}}],"collection":[{"href":"https:\/\/sisu.ut.ee\/keeleylesanded\/wp-json\/wp\/v2\/pages"}],"about":[{"href":"https:\/\/sisu.ut.ee\/keeleylesanded\/wp-json\/wp\/v2\/types\/page"}],"author":[{"embeddable":true,"href":"https:\/\/sisu.ut.ee\/keeleylesanded\/wp-json\/wp\/v2\/users\/185"}],"replies":[{"embeddable":true,"href":"https:\/\/sisu.ut.ee\/keeleylesanded\/wp-json\/wp\/v2\/comments?post=210"}],"version-history":[{"count":2,"href":"https:\/\/sisu.ut.ee\/keeleylesanded\/wp-json\/wp\/v2\/pages\/210\/revisions"}],"predecessor-version":[{"id":1927,"href":"https:\/\/sisu.ut.ee\/keeleylesanded\/wp-json\/wp\/v2\/pages\/210\/revisions\/1927"}],"wp:attachment":[{"href":"https:\/\/sisu.ut.ee\/keeleylesanded\/wp-json\/wp\/v2\/media?parent=210"}],"curies":[{"name":"wp","href":"https:\/\/api.w.org\/{rel}","templated":true}]}}