{"id":206,"date":"2024-04-04T05:03:40","date_gmt":"2024-04-04T02:03:40","guid":{"rendered":"https:\/\/sisu.ut.ee\/keeleylesanded\/keeleteadlased\/"},"modified":"2024-11-28T23:42:48","modified_gmt":"2024-11-28T21:42:48","slug":"keeleteadlased","status":"publish","type":"page","link":"https:\/\/sisu.ut.ee\/keeleylesanded\/keeleteadlased\/","title":{"rendered":"Keeleteadlased"},"content":{"rendered":"<ol>\n<li style=\"text-align: justify;\">\u00dcks tuntumaid lingvistidest filmitegelasi on foneetikaprofessor Henry Higgins filmist \u201cMinu veetlev leedi\u201d, mis p\u00f5hineb George Bernard Shaw\u2019 n\u00e4idendil \u201cPygmalion\u201d. Selle n\u00f5udliku keeleteadlase protot\u00fc\u00fcbiks on peetud mitut isikut. \u00dcht neist kirjeldab Shaw \u201cPygmalioni\u201d 1916. aasta v\u00e4ljaande eess\u00f5nas kui andekat, aga ebameeldiva iseloomuga meest. 1984. aastal loodi temanimeline keeleteaduse ajaloo uurijate selts. Kellega on tegu?<\/li>\n<li>Eesti keeles on 14 k\u00e4\u00e4net. Kes m\u00f5tles v\u00e4lja k\u00e4\u00e4nete eestikeelsed nimetused? Tema t\u00f5i eesti keelde ka s\u00f5nad <em>t\u00e4hestik, h\u00e4\u00e4lik, r\u00f5hk, p\u00f6\u00f6re, k\u00e4\u00e4ne, ainsus <\/em>ja <em>mitmus. <\/em><\/li>\n<li><em>Mees kambris haaras sulepea ja s\u00fcndis \/ uus pookstav tema k\u00e4e all \u2013 s\u00fcndis \u201c\u00f5\u201d. <\/em>Kes oli see mees, kellest kirjutas August Sang ja kes t\u00f5i eesti keelde \u00f5-t\u00e4he?<\/li>\n<li>1937. aastal ilmus ajalehes S\u00e4demed karikatuur \u201cHooletu liiklemine\u201d. Millist eesti keeleteadlast on sellel pildil kujutatud?<\/li>\n<\/ol>\n<p><img loading=\"lazy\" decoding=\"async\" width=\"410\" height=\"350\" class=\"alignnone wp-image-536\" title=\"Hooletu liiklemine\" src=\"https:\/\/sisu.ut.ee\/wp-content\/uploads\/sites\/354\/keeleteadlane_mootorrattal.jpg\" alt=\"Hooletu liiklemine\" srcset=\"https:\/\/sisu.ut.ee\/wp-content\/uploads\/sites\/354\/keeleteadlane_mootorrattal.jpg 410w, https:\/\/sisu.ut.ee\/wp-content\/uploads\/sites\/354\/keeleteadlane_mootorrattal-300x256.jpg 300w\" sizes=\"auto, (max-width: 410px) 100vw, 410px\"><\/p>\n<p><a href=\"https:\/\/sisu.ut.ee\/keeleylesanded\/keeleteadlased-vastus\/\">Vastus<\/a><\/p>\n","protected":false},"excerpt":{"rendered":"<p>\u00dcks tuntumaid lingvistidest filmitegelasi on foneetikaprofessor Henry Higgins filmist \u201cMinu veetlev leedi\u201d, mis p\u00f5hineb George Bernard Shaw\u2019 n\u00e4idendil \u201cPygmalion\u201d. Selle n\u00f5udliku keeleteadlase protot\u00fc\u00fcbiks on peetud mitut isikut. \u00dcht neist kirjeldab Shaw \u201cPygmalioni\u201d 1916. aasta v\u00e4ljaande eess\u00f5nas kui andekat, aga ebameeldiva &#8230;<\/p>\n","protected":false},"author":185,"featured_media":0,"parent":0,"menu_order":0,"comment_status":"closed","ping_status":"closed","template":"","meta":{"_acf_changed":false,"inline_featured_image":false,"footnotes":""},"class_list":["post-206","page","type-page","status-publish","hentry"],"acf":[],"_links":{"self":[{"href":"https:\/\/sisu.ut.ee\/keeleylesanded\/wp-json\/wp\/v2\/pages\/206","targetHints":{"allow":["GET"]}}],"collection":[{"href":"https:\/\/sisu.ut.ee\/keeleylesanded\/wp-json\/wp\/v2\/pages"}],"about":[{"href":"https:\/\/sisu.ut.ee\/keeleylesanded\/wp-json\/wp\/v2\/types\/page"}],"author":[{"embeddable":true,"href":"https:\/\/sisu.ut.ee\/keeleylesanded\/wp-json\/wp\/v2\/users\/185"}],"replies":[{"embeddable":true,"href":"https:\/\/sisu.ut.ee\/keeleylesanded\/wp-json\/wp\/v2\/comments?post=206"}],"version-history":[{"count":3,"href":"https:\/\/sisu.ut.ee\/keeleylesanded\/wp-json\/wp\/v2\/pages\/206\/revisions"}],"predecessor-version":[{"id":1848,"href":"https:\/\/sisu.ut.ee\/keeleylesanded\/wp-json\/wp\/v2\/pages\/206\/revisions\/1848"}],"wp:attachment":[{"href":"https:\/\/sisu.ut.ee\/keeleylesanded\/wp-json\/wp\/v2\/media?parent=206"}],"curies":[{"name":"wp","href":"https:\/\/api.w.org\/{rel}","templated":true}]}}