{"id":199,"date":"2024-04-04T05:03:39","date_gmt":"2024-04-04T02:03:39","guid":{"rendered":"https:\/\/sisu.ut.ee\/keeleylesanded\/peenutseva-reisilise-voorsonad-vastus\/"},"modified":"2024-11-29T12:04:30","modified_gmt":"2024-11-29T10:04:30","slug":"peenutseva-reisilise-voorsonad-vastus","status":"publish","type":"page","link":"https:\/\/sisu.ut.ee\/keeleylesanded\/peenutseva-reisilise-voorsonad-vastus\/","title":{"rendered":"Peenutseva reisilise v\u00f5\u00f5rs\u00f5nad. Vastus"},"content":{"rendered":"","protected":true},"excerpt":{"rendered":"","protected":true},"author":185,"featured_media":0,"parent":0,"menu_order":0,"comment_status":"closed","ping_status":"closed","template":"","meta":{"_acf_changed":false,"inline_featured_image":false,"footnotes":""},"class_list":["post-199","page","type-page","status-publish","post-password-required","hentry"],"acf":[],"_links":{"self":[{"href":"https:\/\/sisu.ut.ee\/keeleylesanded\/wp-json\/wp\/v2\/pages\/199","targetHints":{"allow":["GET"]}}],"collection":[{"href":"https:\/\/sisu.ut.ee\/keeleylesanded\/wp-json\/wp\/v2\/pages"}],"about":[{"href":"https:\/\/sisu.ut.ee\/keeleylesanded\/wp-json\/wp\/v2\/types\/page"}],"author":[{"embeddable":true,"href":"https:\/\/sisu.ut.ee\/keeleylesanded\/wp-json\/wp\/v2\/users\/185"}],"replies":[{"embeddable":true,"href":"https:\/\/sisu.ut.ee\/keeleylesanded\/wp-json\/wp\/v2\/comments?post=199"}],"version-history":[{"count":1,"href":"https:\/\/sisu.ut.ee\/keeleylesanded\/wp-json\/wp\/v2\/pages\/199\/revisions"}],"predecessor-version":[{"id":1536,"href":"https:\/\/sisu.ut.ee\/keeleylesanded\/wp-json\/wp\/v2\/pages\/199\/revisions\/1536"}],"wp:attachment":[{"href":"https:\/\/sisu.ut.ee\/keeleylesanded\/wp-json\/wp\/v2\/media?parent=199"}],"curies":[{"name":"wp","href":"https:\/\/api.w.org\/{rel}","templated":true}]}}