{"id":196,"date":"2024-04-04T05:03:39","date_gmt":"2024-04-04T02:03:39","guid":{"rendered":"https:\/\/sisu.ut.ee\/keeleylesanded\/stiilivead-i\/"},"modified":"2024-11-29T12:52:21","modified_gmt":"2024-11-29T10:52:21","slug":"stiilivead-i","status":"publish","type":"page","link":"https:\/\/sisu.ut.ee\/keeleylesanded\/stiilivead-i\/","title":{"rendered":"Stiilivead (I)"},"content":{"rendered":"<p style=\"text-align: justify;\"><strong>J\u00e4rgmistes laustes on stiilivigu. Leia ja paranda need ning kirjuta korrektne lausevariant iga lause j\u00e4rele punktiirjoonele.<\/strong><\/p>\n<p style=\"text-align: justify;\">\n<\/p><p style=\"text-align: justify;\">1. Seda filmi alla 14-aastased noored ei n\u00e4e.<\/p>\n<p style=\"text-align: justify;\">\u2026\u2026\u2026\u2026\u2026\u2026\u2026\u2026\u2026\u2026\u2026\u2026\u2026\u2026\u2026\u2026\u2026\u2026\u2026\u2026\u2026\u2026\u2026\u2026\u2026\u2026\u2026\u2026\u2026\u2026\u2026\u2026\u2026.<\/p>\n<p style=\"text-align: justify;\">2. Peaaegu kolm miljonit krooni on seitsme aastaga magama pandud tarbetu kauba alla.<\/p>\n<p style=\"text-align: justify;\">\u2026\u2026\u2026\u2026\u2026\u2026\u2026\u2026\u2026\u2026\u2026\u2026\u2026\u2026\u2026\u2026\u2026\u2026\u2026\u2026\u2026\u2026\u2026\u2026\u2026\u2026\u2026\u2026\u2026\u2026\u2026\u2026\u2026\u2026..<\/p>\n<p style=\"text-align: justify;\">3. N\u00f5uka-aaega meenutavad seal vaid m\u00f5ned mahaj\u00e4etud kolhoosihooned.<\/p>\n<p style=\"text-align: justify;\">\u2026\u2026\u2026\u2026\u2026\u2026\u2026\u2026\u2026\u2026\u2026\u2026\u2026\u2026\u2026\u2026\u2026\u2026\u2026\u2026\u2026\u2026\u2026<\/p>\n<p style=\"text-align: justify;\">4. Leht nendib, et inimene v\u00f5ib sattud ka arsti otsa, kelle t\u00f6\u00f6 kvaliteet tekitab kahtlusi.<\/p>\n<p style=\"text-align: justify;\">\u2026\u2026\u2026\u2026\u2026\u2026\u2026\u2026\u2026\u2026\u2026\u2026\u2026\u2026\u2026\u2026\u2026\u2026\u2026\u2026\u2026\u2026\u2026\u2026\u2026\u2026..<\/p>\n<p style=\"text-align: justify;\">5. Valgu s\u00f5nul l\u00e4hevad tema pildid h\u00e4sti peale norralastele ja soomlastele.<\/p>\n<p style=\"text-align: justify;\">\u2026\u2026\u2026\u2026\u2026\u2026\u2026\u2026\u2026\u2026\u2026\u2026\u2026\u2026\u2026\u2026\u2026\u2026\u2026\u2026\u2026\u2026\u2026\u2026\u2026\u2026\u2026\u2026\u2026\u2026.<\/p>\n<p style=\"text-align: justify;\">\n<\/p><p style=\"text-align: justify;\">2006<\/p>\n<p style=\"text-align: justify;\">noorem<\/p>\n<p style=\"text-align: justify;\">l\u00f5ppvoor<\/p>\n<p><a href=\"_wp_link_placeholder\" data-wplink-edit=\"true\">Vastus<\/a><\/p>\n","protected":false},"excerpt":{"rendered":"<p>J\u00e4rgmistes laustes on stiilivigu. Leia ja paranda need ning kirjuta korrektne lausevariant iga lause j\u00e4rele punktiirjoonele. 1. Seda filmi alla 14-aastased noored ei n\u00e4e. \u2026\u2026\u2026\u2026\u2026\u2026\u2026\u2026\u2026\u2026\u2026\u2026\u2026\u2026\u2026\u2026\u2026\u2026\u2026\u2026\u2026\u2026\u2026\u2026\u2026\u2026\u2026\u2026\u2026\u2026\u2026\u2026\u2026. 2. Peaaegu kolm miljonit krooni on seitsme aastaga magama pandud tarbetu kauba alla. \u2026\u2026\u2026\u2026\u2026\u2026\u2026\u2026\u2026\u2026\u2026\u2026\u2026\u2026\u2026\u2026\u2026\u2026\u2026\u2026\u2026\u2026\u2026\u2026\u2026\u2026\u2026\u2026\u2026\u2026\u2026\u2026\u2026\u2026.. 3. &#8230;<\/p>\n","protected":false},"author":185,"featured_media":0,"parent":0,"menu_order":0,"comment_status":"closed","ping_status":"closed","template":"","meta":{"_acf_changed":false,"inline_featured_image":false,"footnotes":""},"class_list":["post-196","page","type-page","status-publish","hentry"],"acf":[],"_links":{"self":[{"href":"https:\/\/sisu.ut.ee\/keeleylesanded\/wp-json\/wp\/v2\/pages\/196","targetHints":{"allow":["GET"]}}],"collection":[{"href":"https:\/\/sisu.ut.ee\/keeleylesanded\/wp-json\/wp\/v2\/pages"}],"about":[{"href":"https:\/\/sisu.ut.ee\/keeleylesanded\/wp-json\/wp\/v2\/types\/page"}],"author":[{"embeddable":true,"href":"https:\/\/sisu.ut.ee\/keeleylesanded\/wp-json\/wp\/v2\/users\/185"}],"replies":[{"embeddable":true,"href":"https:\/\/sisu.ut.ee\/keeleylesanded\/wp-json\/wp\/v2\/comments?post=196"}],"version-history":[{"count":2,"href":"https:\/\/sisu.ut.ee\/keeleylesanded\/wp-json\/wp\/v2\/pages\/196\/revisions"}],"predecessor-version":[{"id":1986,"href":"https:\/\/sisu.ut.ee\/keeleylesanded\/wp-json\/wp\/v2\/pages\/196\/revisions\/1986"}],"wp:attachment":[{"href":"https:\/\/sisu.ut.ee\/keeleylesanded\/wp-json\/wp\/v2\/media?parent=196"}],"curies":[{"name":"wp","href":"https:\/\/api.w.org\/{rel}","templated":true}]}}