{"id":193,"date":"2024-04-04T05:03:38","date_gmt":"2024-04-04T02:03:38","guid":{"rendered":"https:\/\/sisu.ut.ee\/keeleylesanded\/oiged-vormid\/"},"modified":"2024-11-29T11:50:23","modified_gmt":"2024-11-29T09:50:23","slug":"oiged-vormid","status":"publish","type":"page","link":"https:\/\/sisu.ut.ee\/keeleylesanded\/oiged-vormid\/","title":{"rendered":"\u00d5iged vormid"},"content":{"rendered":"<p><strong>Pane sulgudes olev s\u00f5na \u00f5igesse vormi.<\/strong><\/p>\n<ol>\n<li>Jaan on usin (<em>videod) \u2026\u2026\u2026\u2026\u2026\u2026\u2026\u2026..\u00a0<\/em>vaataja.<\/li>\n<li>Kas (<em>keelekaste\u00a0<\/em>\u2013 a saav) \u2026\u2026\u2026\u2026\u2026\u2026\u2026\u2026\u2026\u2026\u2026\u2026 pakutakse ka midagi kangemat?<\/li>\n<li>Ma (laadima\u00a0\u2013\u00a0olevik) \u2026\u2026\u2026\u2026\u2026\u2026\u2026\u2026.. telefoni aku t\u00e4is ja siis v\u00f5in kas v\u00f5i (<em>m\u00e4gi<\/em>\u00a0\u2013\u00a0mitm os) \u2026\u2026\u2026\u2026\u2026\u2026\u2026\u2026. vallutama (<em>s\u00f5itma<\/em>) \u2026\u2026\u2026\u2026\u2026\u2026\u2026..<\/li>\n<li>Kui (<em>minema<\/em>\u00a0\u2013\u00a0kindel kv ol mitm 1. p) \u2026\u2026\u2026\u2026\u2026\u2026\u2026\u2026. t\u00e4pselt (<em>kaart<\/em>) \u2026\u2026\u2026\u2026\u2026\u2026\u2026. j\u00e4rgi, peaksime (<em>k\u00fcmmekond<\/em>) \u2026\u2026\u2026\u2026\u2026\u2026\u2026. minutiga p\u00e4rale j\u00f5udma.<\/li>\n<li>See punase (<em>pluus<\/em>\u00a0\u2013 a kaasa\u00fctl) \u2026\u2026\u2026\u2026\u2026\u2026..neiu n\u00e4ib olevat v\u00e4ga (<em>haprad<\/em>) \u2026\u2026\u2026\u2026\u2026\u2026\u2026\u2026\u2026\u2026\u2026.. (<em>juuksed\u00a0<\/em>\u2013 a kaasa\u00fctl) \u2026\u2026\u2026\u2026\u2026\u2026\u2026\u2026\u2026\u2026\u2026\u2026\u2026.<\/li>\n<li>P\u00f5uepommar ei (<em>kaebama<\/em>\u00a0\u2013 <em>nud<\/em>-kesks\u00f5na) \u2026\u2026\u2026\u2026\u2026\u2026\u2026\u2026\u2026., et ta (<em>j\u00e4tma<\/em>\u00a0\u2013 umbisikul tegum lihtmin) \u2026\u2026\u2026\u2026\u2026\u2026\u2026\u2026 (<em>kohus<\/em>\u00a0\u2013 a os) \u2026\u2026\u2026\u2026\u2026\u2026\u2026\u2026\u2026\u2026..ootama.<\/li>\n<li>7. (<em>Dateerima<\/em>) \u2026\u2026\u2026\u2026\u2026\u2026\u2026\u2026\u2026\u2026\u2026\u2026\u2026 avalduse t\u00f5ttu j\u00e4id nad ilma v\u00f5imalusest (<em>taotlema<\/em>) \u2026\u2026\u2026\u2026\u2026\u2026\u2026\u2026\u2026\u2026\u2026 (<em>viis<\/em>\u00a0\u2013 a os) \u2026\u2026\u2026\u2026\u2026\u2026\u2026.. erinevat soodustust.<\/li>\n<li>Poiss l\u00f5ikas (<em>n\u00fcri<\/em>) \u2026\u2026\u2026\u2026\u2026\u2026\u2026\u2026\u2026\u2026\u2026. noaga (<em>tume<\/em>) \u2026\u2026\u2026\u2026\u2026\u2026\u2026\u2026\u2026. (<em>m\u00f5ru<\/em>) \u2026\u2026\u2026\u2026\u2026\u2026\u2026\u2026\u2026\u2026\u2026\u2026\u2026 \u0161okolaadi.<\/li>\n<\/ol>\n<p>2006<\/p>\n<p>noorem, keskmine<\/p>\n<p>l\u00f5ppvoor<\/p>\n<p><a href=\"https:\/\/sisu.ut.ee\/keeleylesanded\/oiged-vormid-vastus\/\">Vastus<\/a><\/p>\n","protected":false},"excerpt":{"rendered":"<p>Pane sulgudes olev s\u00f5na \u00f5igesse vormi. Jaan on usin (videod) \u2026\u2026\u2026\u2026\u2026\u2026\u2026\u2026..\u00a0vaataja. Kas (keelekaste\u00a0\u2013 a saav) \u2026\u2026\u2026\u2026\u2026\u2026\u2026\u2026\u2026\u2026\u2026\u2026 pakutakse ka midagi kangemat? Ma (laadima\u00a0\u2013\u00a0olevik) \u2026\u2026\u2026\u2026\u2026\u2026\u2026\u2026.. telefoni aku t\u00e4is ja siis v\u00f5in kas v\u00f5i (m\u00e4gi\u00a0\u2013\u00a0mitm os) \u2026\u2026\u2026\u2026\u2026\u2026\u2026\u2026. vallutama (s\u00f5itma) \u2026\u2026\u2026\u2026\u2026\u2026\u2026.. Kui (minema\u00a0\u2013\u00a0kindel kv &#8230;<\/p>\n","protected":false},"author":185,"featured_media":0,"parent":0,"menu_order":0,"comment_status":"closed","ping_status":"closed","template":"","meta":{"_acf_changed":false,"inline_featured_image":false,"footnotes":""},"class_list":["post-193","page","type-page","status-publish","hentry"],"acf":[],"_links":{"self":[{"href":"https:\/\/sisu.ut.ee\/keeleylesanded\/wp-json\/wp\/v2\/pages\/193","targetHints":{"allow":["GET"]}}],"collection":[{"href":"https:\/\/sisu.ut.ee\/keeleylesanded\/wp-json\/wp\/v2\/pages"}],"about":[{"href":"https:\/\/sisu.ut.ee\/keeleylesanded\/wp-json\/wp\/v2\/types\/page"}],"author":[{"embeddable":true,"href":"https:\/\/sisu.ut.ee\/keeleylesanded\/wp-json\/wp\/v2\/users\/185"}],"replies":[{"embeddable":true,"href":"https:\/\/sisu.ut.ee\/keeleylesanded\/wp-json\/wp\/v2\/comments?post=193"}],"version-history":[{"count":2,"href":"https:\/\/sisu.ut.ee\/keeleylesanded\/wp-json\/wp\/v2\/pages\/193\/revisions"}],"predecessor-version":[{"id":1915,"href":"https:\/\/sisu.ut.ee\/keeleylesanded\/wp-json\/wp\/v2\/pages\/193\/revisions\/1915"}],"wp:attachment":[{"href":"https:\/\/sisu.ut.ee\/keeleylesanded\/wp-json\/wp\/v2\/media?parent=193"}],"curies":[{"name":"wp","href":"https:\/\/api.w.org\/{rel}","templated":true}]}}