{"id":189,"date":"2024-04-04T05:03:38","date_gmt":"2024-04-04T02:03:38","guid":{"rendered":"https:\/\/sisu.ut.ee\/keeleylesanded\/omasona-voorsona-asemele\/"},"modified":"2024-11-29T11:55:44","modified_gmt":"2024-11-29T09:55:44","slug":"omasona-voorsona-asemele","status":"publish","type":"page","link":"https:\/\/sisu.ut.ee\/keeleylesanded\/omasona-voorsona-asemele\/","title":{"rendered":"Omas\u00f5na v\u00f5\u00f5rs\u00f5na asemele"},"content":{"rendered":"<p><strong>Asenda tekstis allajoonitud v\u00f5\u00f5rs\u00f5nad eesti omas\u00f5nadega.<\/strong><\/p>\n<p style=\"text-align: justify;\">Kord tekkis\u00a0<u>dialoog<\/u>\u00a0vaese baleriini ja kuulsa kunstniku vahel. Kunstnik oli\u00a0<u>intellektuaal<\/u>. Tal oli\u00a0<u>tendents<\/u>\u00a0r\u00f5hutada oma\u00a0<u>komplitseeritud<\/u>\u00a0m\u00f5tteviisi. Baleriin oli v\u00e4ga\u00a0<u>graatsiline<\/u>, kuid <u>viktoriinides<\/u>\u00a0ei saanud kunagi \u00fchtegi punkti. Kunstnik joonistas baleriinist suure\u00a0<u>portree<\/u>. See rippus ta n\u00e4itusel aukohal. K\u00f5ik\u00a0<u>kriitikud<\/u>\u00a0olid selle suhtes\u00a0<u>positiivselt<\/u>\u00a0meelestatud. Baleriini pildist sai kunstniku loomingu\u00a0s\u00fcmbol. Kunstnik lootis endale\u00a0<u>globaalset<\/u>\u00a0tuntust, kuid k\u00f5ik olid huvitatud hoopis baleriinist.<\/p>\n<p style=\"text-align: justify;\">\n<\/p><p style=\"text-align: justify;\">2006<\/p>\n<p style=\"text-align: justify;\">noorem, keskmine<\/p>\n<p style=\"text-align: justify;\">l\u00f5ppvoor<\/p>\n<p><a href=\"https:\/\/sisu.ut.ee\/keeleylesanded\/omasona-voorsona-asemele-vastus\/\">Vastus<\/a><\/p>\n","protected":false},"excerpt":{"rendered":"<p>Asenda tekstis allajoonitud v\u00f5\u00f5rs\u00f5nad eesti omas\u00f5nadega. Kord tekkis\u00a0dialoog\u00a0vaese baleriini ja kuulsa kunstniku vahel. Kunstnik oli\u00a0intellektuaal. Tal oli\u00a0tendents\u00a0r\u00f5hutada oma\u00a0komplitseeritud\u00a0m\u00f5tteviisi. Baleriin oli v\u00e4ga\u00a0graatsiline, kuid viktoriinides\u00a0ei saanud kunagi \u00fchtegi punkti. Kunstnik joonistas baleriinist suure\u00a0portree. See rippus ta n\u00e4itusel aukohal. K\u00f5ik\u00a0kriitikud\u00a0olid selle suhtes\u00a0positiivselt\u00a0meelestatud. Baleriini &#8230;<\/p>\n","protected":false},"author":185,"featured_media":0,"parent":0,"menu_order":0,"comment_status":"closed","ping_status":"closed","template":"","meta":{"_acf_changed":false,"inline_featured_image":false,"footnotes":""},"class_list":["post-189","page","type-page","status-publish","hentry"],"acf":[],"_links":{"self":[{"href":"https:\/\/sisu.ut.ee\/keeleylesanded\/wp-json\/wp\/v2\/pages\/189","targetHints":{"allow":["GET"]}}],"collection":[{"href":"https:\/\/sisu.ut.ee\/keeleylesanded\/wp-json\/wp\/v2\/pages"}],"about":[{"href":"https:\/\/sisu.ut.ee\/keeleylesanded\/wp-json\/wp\/v2\/types\/page"}],"author":[{"embeddable":true,"href":"https:\/\/sisu.ut.ee\/keeleylesanded\/wp-json\/wp\/v2\/users\/185"}],"replies":[{"embeddable":true,"href":"https:\/\/sisu.ut.ee\/keeleylesanded\/wp-json\/wp\/v2\/comments?post=189"}],"version-history":[{"count":2,"href":"https:\/\/sisu.ut.ee\/keeleylesanded\/wp-json\/wp\/v2\/pages\/189\/revisions"}],"predecessor-version":[{"id":1922,"href":"https:\/\/sisu.ut.ee\/keeleylesanded\/wp-json\/wp\/v2\/pages\/189\/revisions\/1922"}],"wp:attachment":[{"href":"https:\/\/sisu.ut.ee\/keeleylesanded\/wp-json\/wp\/v2\/media?parent=189"}],"curies":[{"name":"wp","href":"https:\/\/api.w.org\/{rel}","templated":true}]}}