{"id":188,"date":"2024-04-04T05:03:38","date_gmt":"2024-04-04T02:03:38","guid":{"rendered":"https:\/\/sisu.ut.ee\/keeleylesanded\/vali-omasem-sona-i\/"},"modified":"2024-11-29T13:35:27","modified_gmt":"2024-11-29T11:35:27","slug":"vali-omasem-sona-i","status":"publish","type":"page","link":"https:\/\/sisu.ut.ee\/keeleylesanded\/vali-omasem-sona-i\/","title":{"rendered":"Vali omasem s\u00f5na (I)"},"content":{"rendered":"<p><strong>Igal real on sama n\u00e4htuse v\u00f5i asja t\u00e4histamiseks kolm veidi erinevat s\u00f5na. T\u00f5mba igal real ring \u00fcmber s\u00f5nale, mis on eesti keelele k\u00f5ige omasem. Kirjuta om valiku p\u00f5hjendus iga kolmiku alla.<\/strong><\/p>\n<table class=\"table table-hover\" style=\"width: 100%;\" border=\"1\" cellspacing=\"1\" cellpadding=\"1\">\n<tbody>\n<tr>\n<td>1)<\/td>\n<td>e-post<\/td>\n<td>e-mail<\/td>\n<td>email<\/td>\n<\/tr>\n<tr>\n<td><\/td>\n<td colspan=\"3\" rowspan=\"1\"><\/td>\n<\/tr>\n<tr>\n<td>2)<\/td>\n<td>austuskontsert<\/td>\n<td>tribuutkontsert<\/td>\n<td>trib\u00fc\u00fctkontsert<\/td>\n<\/tr>\n<tr>\n<td><\/td>\n<td colspan=\"3\" rowspan=\"1\"><\/td>\n<\/tr>\n<tr>\n<td>3)<\/td>\n<td><em>cream soup<\/em><\/td>\n<td>p\u00fcreesupp<\/td>\n<td>kreemsupp<\/td>\n<\/tr>\n<tr>\n<td><\/td>\n<td colspan=\"3\" rowspan=\"1\"><\/td>\n<\/tr>\n<tr>\n<td>4)<\/td>\n<td>hinnakirja j\u00e4rgselt<\/td>\n<td>hinnakirjaj\u00e4rgselt<\/td>\n<td>hinnakirja j\u00e4rgi<\/td>\n<\/tr>\n<tr>\n<td><\/td>\n<td colspan=\"3\" rowspan=\"1\"><\/td>\n<\/tr>\n<tr>\n<td>5)<\/td>\n<td>kartulikr\u00f5psud<\/td>\n<td>kartuli-<em>chips<\/em>\u2019id<\/td>\n<td>kartulit\u0161ipsid<\/td>\n<\/tr>\n<tr>\n<td><\/td>\n<td colspan=\"3\" rowspan=\"1\"><\/td>\n<\/tr>\n<\/tbody>\n<\/table>\n<p>2014<\/p>\n<p>noorem<\/p>\n<p>l\u00f5ppvoor<\/p>\n<p><a href=\"https:\/\/sisu.ut.ee\/keeleylesanded\/vali-omasem-sona-i-vastus\/\">Vastus<\/a><\/p>\n","protected":false},"excerpt":{"rendered":"<p>Igal real on sama n\u00e4htuse v\u00f5i asja t\u00e4histamiseks kolm veidi erinevat s\u00f5na. T\u00f5mba igal real ring \u00fcmber s\u00f5nale, mis on eesti keelele k\u00f5ige omasem. Kirjuta om valiku p\u00f5hjendus iga kolmiku alla. 1) e-post e-mail email 2) austuskontsert tribuutkontsert trib\u00fc\u00fctkontsert 3) &#8230;<\/p>\n","protected":false},"author":185,"featured_media":0,"parent":0,"menu_order":0,"comment_status":"closed","ping_status":"closed","template":"","meta":{"_acf_changed":false,"inline_featured_image":false,"footnotes":""},"class_list":["post-188","page","type-page","status-publish","hentry"],"acf":[],"_links":{"self":[{"href":"https:\/\/sisu.ut.ee\/keeleylesanded\/wp-json\/wp\/v2\/pages\/188","targetHints":{"allow":["GET"]}}],"collection":[{"href":"https:\/\/sisu.ut.ee\/keeleylesanded\/wp-json\/wp\/v2\/pages"}],"about":[{"href":"https:\/\/sisu.ut.ee\/keeleylesanded\/wp-json\/wp\/v2\/types\/page"}],"author":[{"embeddable":true,"href":"https:\/\/sisu.ut.ee\/keeleylesanded\/wp-json\/wp\/v2\/users\/185"}],"replies":[{"embeddable":true,"href":"https:\/\/sisu.ut.ee\/keeleylesanded\/wp-json\/wp\/v2\/comments?post=188"}],"version-history":[{"count":2,"href":"https:\/\/sisu.ut.ee\/keeleylesanded\/wp-json\/wp\/v2\/pages\/188\/revisions"}],"predecessor-version":[{"id":2047,"href":"https:\/\/sisu.ut.ee\/keeleylesanded\/wp-json\/wp\/v2\/pages\/188\/revisions\/2047"}],"wp:attachment":[{"href":"https:\/\/sisu.ut.ee\/keeleylesanded\/wp-json\/wp\/v2\/media?parent=188"}],"curies":[{"name":"wp","href":"https:\/\/api.w.org\/{rel}","templated":true}]}}