{"id":187,"date":"2024-04-04T05:03:38","date_gmt":"2024-04-04T02:03:38","guid":{"rendered":"https:\/\/sisu.ut.ee\/keeleylesanded\/tuvemitmus-vanas-opikus-0\/"},"modified":"2024-11-29T13:09:21","modified_gmt":"2024-11-29T11:09:21","slug":"tuvemitmus-vanas-opikus-0","status":"publish","type":"page","link":"https:\/\/sisu.ut.ee\/keeleylesanded\/tuvemitmus-vanas-opikus-0\/","title":{"rendered":"T\u00fcvemitmus vanas \u00f5pikus (I)"},"content":{"rendered":"<p>T\u00e4nap\u00e4evases eesti keeles kasutatakse t\u00fcvemitmust peamiselt osastavas k\u00e4\u00e4ndes (v.a <i>\u00f5nnelik-<\/i>t\u00fc\u00fcp, kus tuvemitmus on <i>de-<\/i>mitmusest tavalisem). Muid k\u00e4\u00e4ndevorme kasutatakse fraseologismides ja liits\u00f5nades (nt <b><i>k\u00e4sil <\/i><\/b><i>olema, <b>munele <\/b>hakkama<\/i>). Vanemas keelepruugis on tuvemitmus m\u00e4rksa sagedasem.<br>\nVarem nimetati tuvemitmust <i>i-<\/i>mitmuseks, sest keeleajalooliselt on tegemist <i>i-<\/i>tunnuselise vormiga.<\/p>\n<p>J\u00e4rgnev reeglistik on p\u00e4rit 1942. aastal ilmunud \u00f5pikust \u201eEesti keele grammatika g\u00fcmnaasiumile III. T\u00e4iendav kursus\u201c (autor Henno J\u00e4nes).<\/p>\n<p>(partitiiv = osastav k\u00e4\u00e4ne, genitiiv = omastav k\u00e4\u00e4ne)<\/p>\n<div style=\"border-top: dashedwindowtext1.0pt; padding: 1.0pt0cm0cm0cm;\">\n<p style=\"border: none; padding: 0cm;\"><span style=\"line-height: 107%;\"><span style=\"letter-spacing: 3.0pt;\">L\u00fchike mitmuse partitiiv<\/span><\/span><span style=\"line-height: 107%;\">. L\u00fchikese mitmuse partitiivi l\u00f5pul v\u00f5ib leiduda <b>e<\/b>, <b>u<\/b> v\u00f5i <b>i<\/b>. See oleneb s\u00f5na <span style=\"letter-spacing: 2.0pt;\">t\u00fcvevokaalist<\/span> ja a-t\u00fcvelistel pealeselle veel <span style=\"letter-spacing: 2.0pt;\">esimese silbi<\/span> esimesest <span style=\"letter-spacing: 2.0pt;\">vokaalist<\/span>. J\u00e4rgmise tabeli p\u00f5hjal on v\u00f5imalik leida l\u00fchikese mitm. partitiivi l\u00f5ppvokaal.<\/span><\/p>\n<\/div>\n<table class=\"table table-hover\" style=\"width: 466.1pt; border-collapse: collapse; border: solidwindowtext1.0pt;\" width=\"0\">\n<tbody>\n<tr>\n<td style=\"width: 38.9pt; border: solidwindowtext1.0pt;\" width=\"52\">\n<p style=\"margin-bottom: .0001pt; padding: 0cm5.4pt0cm5.4pt;\"><span style=\"line-height: normal;\">I silbi <\/span><\/p>\n<p style=\"margin-bottom: .0001pt; padding: 0cm5.4pt0cm5.4pt;\"><span style=\"line-height: normal;\">vokaal<\/span><\/p>\n<\/td>\n<td style=\"width: 54.8pt; border: solidwindowtext1.0pt; border-left: none;\" width=\"73\">\n<p style=\"margin-bottom: .0001pt; padding: 0cm5.4pt0cm5.4pt;\"><span style=\"line-height: normal;\">T\u00fcve l\u00f5pp-<\/span><\/p>\n<p style=\"margin-bottom: .0001pt; padding: 0cm5.4pt0cm5.4pt;\"><span style=\"line-height: normal;\">vokaal<\/span><\/p>\n<\/td>\n<td style=\"width: 57.85pt; border: solidwindowtext1.0pt; border-left: none;\" width=\"77\">\n<p style=\"margin-bottom: .0001pt; padding: 0cm5.4pt0cm5.4pt;\"><span style=\"line-height: normal;\">Mitm. part.<\/span><\/p>\n<p style=\"margin-bottom: .0001pt; padding: 0cm5.4pt0cm5.4pt;\"><span style=\"line-height: normal;\">l\u00f5ppvokaal<\/span><\/p>\n<\/td>\n<td style=\"width: 125.1pt; border: solidwindowtext1.0pt; border-left: none;\" width=\"167\">\n<p style=\"margin-bottom: .0001pt; padding: 0cm5.4pt0cm5.4pt;\"><span style=\"line-height: normal;\">N\u00e4iteid<\/span><\/p>\n<\/td>\n<td style=\"width: 189.45pt; border: solidwindowtext1.0pt; border-left: none;\" width=\"253\">\n<p style=\"margin-bottom: .0001pt; padding: 0cm5.4pt0cm5.4pt;\"><span style=\"line-height: normal;\">Erandid<\/span><\/p>\n<\/td>\n<\/tr>\n<tr>\n<td style=\"width: 38.9pt; border: solidwindowtext1.0pt; border-top: none;\" width=\"52\">\n<p style=\"margin-bottom: .0001pt; padding: 0cm5.4pt0cm5.4pt;\">\n<\/p><\/td>\n<td style=\"width: 54.8pt; border-top: none; border-left: none; border-bottom: solidwindowtext1.0pt; border-right: solidwindowtext1.0pt;\" width=\"73\">\n<p style=\"margin-bottom: .0001pt; padding: 0cm5.4pt0cm5.4pt;\"><span style=\"line-height: normal;\">e<\/span><\/p>\n<\/td>\n<td style=\"width: 57.85pt; border-top: none; border-left: none; border-bottom: solidwindowtext1.0pt; border-right: solidwindowtext1.0pt;\" width=\"77\">\n<p style=\"margin-bottom: .0001pt; padding: 0cm5.4pt0cm5.4pt;\"><span style=\"line-height: normal;\">i<\/span><\/p>\n<\/td>\n<td style=\"width: 125.1pt; border-top: none; border-left: none; border-bottom: solidwindowtext1.0pt; border-right: solidwindowtext1.0pt;\" width=\"167\">\n<p style=\"margin-bottom: .0001pt; padding: 0cm5.4pt0cm5.4pt;\"><span style=\"line-height: normal;\"><i>hetki, nurmi<\/i><\/span><\/p>\n<\/td>\n<td style=\"width: 189.45pt; border-top: none; border-left: none; border-bottom: solidwindowtext1.0pt; border-right: solidwindowtext1.0pt;\" width=\"253\">\n<p style=\"margin-bottom: .0001pt; padding: 0cm5.4pt0cm5.4pt;\">\n<\/p><\/td>\n<\/tr>\n<tr>\n<td style=\"width: 38.9pt; border: solidwindowtext1.0pt; border-top: none;\" width=\"52\">\n<p style=\"margin-bottom: .0001pt; padding: 0cm5.4pt0cm5.4pt;\">\n<\/p><\/td>\n<td style=\"width: 54.8pt; border-top: none; border-left: none; border-bottom: solidwindowtext1.0pt; border-right: solidwindowtext1.0pt;\" width=\"73\">\n<p style=\"margin-bottom: .0001pt; padding: 0cm5.4pt0cm5.4pt;\"><span style=\"line-height: normal;\">i<\/span><\/p>\n<\/td>\n<td style=\"width: 57.85pt; border-top: none; border-left: none; border-bottom: solidwindowtext1.0pt; border-right: solidwindowtext1.0pt;\" width=\"77\">\n<p style=\"margin-bottom: .0001pt; padding: 0cm5.4pt0cm5.4pt;\"><span style=\"line-height: normal;\">e<\/span><\/p>\n<\/td>\n<td style=\"width: 125.1pt; border-top: none; border-left: none; border-bottom: solidwindowtext1.0pt; border-right: solidwindowtext1.0pt;\" width=\"167\">\n<p style=\"margin-bottom: .0001pt; padding: 0cm5.4pt0cm5.4pt;\"><span style=\"line-height: normal;\"><i>keppe, sokke, piiskoppe<\/i><\/span><\/p>\n<\/td>\n<td style=\"width: 189.45pt; border-top: none; border-left: none; border-bottom: solidwindowtext1.0pt; border-right: solidwindowtext1.0pt;\" width=\"253\">\n<p style=\"margin-bottom: .0001pt; padding: 0cm5.4pt0cm5.4pt;\">\n<\/p><\/td>\n<\/tr>\n<tr>\n<td style=\"width: 38.9pt; border: solidwindowtext1.0pt; border-top: none;\" width=\"52\">\n<p style=\"margin-bottom: .0001pt; padding: 0cm5.4pt0cm5.4pt;\">\n<\/p><\/td>\n<td style=\"width: 54.8pt; border-top: none; border-left: none; border-bottom: solidwindowtext1.0pt; border-right: solidwindowtext1.0pt;\" width=\"73\">\n<p style=\"margin-bottom: .0001pt; padding: 0cm5.4pt0cm5.4pt;\"><span style=\"line-height: normal;\">u<\/span><\/p>\n<\/td>\n<td style=\"width: 57.85pt; border-top: none; border-left: none; border-bottom: solidwindowtext1.0pt; border-right: solidwindowtext1.0pt;\" width=\"77\">\n<p style=\"margin-bottom: .0001pt; padding: 0cm5.4pt0cm5.4pt;\"><span style=\"line-height: normal;\">e<\/span><\/p>\n<\/td>\n<td style=\"width: 125.1pt; border-top: none; border-left: none; border-bottom: solidwindowtext1.0pt; border-right: solidwindowtext1.0pt;\" width=\"167\">\n<p style=\"margin-bottom: .0001pt; padding: 0cm5.4pt0cm5.4pt;\"><span style=\"line-height: normal;\"><i>kulme, iseloome<\/i><\/span><\/p>\n<\/td>\n<td style=\"width: 189.45pt; border-top: none; border-left: none; border-bottom: solidwindowtext1.0pt; border-right: solidwindowtext1.0pt;\" width=\"253\">\n<p style=\"margin-bottom: .0001pt; padding: 0cm5.4pt0cm5.4pt;\">\n<\/p><\/td>\n<\/tr>\n<tr>\n<td style=\"width: 38.9pt; border: solidwindowtext1.0pt; border-top: none;\" width=\"52\">\n<p style=\"margin-bottom: .0001pt; padding: 0cm5.4pt0cm5.4pt;\"><span style=\"line-height: normal;\">a<\/span><\/p>\n<p style=\"margin-bottom: .0001pt; padding: 0cm5.4pt0cm5.4pt;\"><span style=\"line-height: normal;\">i<\/span><\/p>\n<p style=\"margin-bottom: .0001pt; padding: 0cm5.4pt0cm5.4pt;\"><span style=\"line-height: normal;\">\u00f5<\/span><\/p>\n<p style=\"margin-bottom: .0001pt; padding: 0cm5.4pt0cm5.4pt;\"><span style=\"line-height: normal;\">ei<\/span><\/p>\n<p style=\"margin-bottom: .0001pt; padding: 0cm5.4pt0cm5.4pt;\"><span style=\"line-height: normal;\">\u00e4i<\/span><\/p>\n<\/td>\n<td style=\"width: 54.8pt; border-top: none; border-left: none; border-bottom: solidwindowtext1.0pt; border-right: solidwindowtext1.0pt;\" rowspan=\"2\" width=\"73\">\n<p style=\"margin-bottom: .0001pt; padding: 0cm5.4pt0cm5.4pt;\"><span style=\"line-height: normal;\">a<\/span><\/p>\n<\/td>\n<td style=\"width: 57.85pt; border-top: none; border-left: none; border-bottom: solidwindowtext1.0pt; border-right: solidwindowtext1.0pt;\" width=\"77\">\n<p style=\"margin-bottom: .0001pt; padding: 0cm5.4pt0cm5.4pt;\"><span style=\"line-height: normal;\">u<\/span><\/p>\n<\/td>\n<td style=\"width: 125.1pt; border-top: none; border-left: none; border-bottom: solidwindowtext1.0pt; border-right: solidwindowtext1.0pt;\" width=\"167\">\n<p style=\"margin-bottom: .0001pt; padding: 0cm5.4pt0cm5.4pt;\"><span style=\"line-height: normal;\"><i>kanu, aegu, asju<\/i><\/span><\/p>\n<p style=\"margin-bottom: .0001pt; padding: 0cm5.4pt0cm5.4pt;\"><span style=\"line-height: normal;\"><i>sigu, linnu<\/i><\/span><\/p>\n<p style=\"margin-bottom: .0001pt; padding: 0cm5.4pt0cm5.4pt;\"><span style=\"line-height: normal;\"><i>m\u00f5\u00f5ku, \u00f5unu<\/i><\/span><\/p>\n<p style=\"margin-bottom: .0001pt; padding: 0cm5.4pt0cm5.4pt;\"><span style=\"line-height: normal;\"><i>seinu<\/i><\/span><\/p>\n<p style=\"margin-bottom: .0001pt; padding: 0cm5.4pt0cm5.4pt;\"><span style=\"line-height: normal;\"><i>\u00e4iu<\/i><\/span><\/p>\n<\/td>\n<td style=\"width: 189.45pt; border-top: none; border-left: none; border-bottom: solidwindowtext1.0pt; border-right: solidwindowtext1.0pt;\" width=\"253\">\n<p style=\"margin-bottom: .0001pt; padding: 0cm5.4pt0cm5.4pt;\"><span style=\"line-height: normal;\"><i>pikk \u2013 pikki<\/i><\/span><\/p>\n<p style=\"margin-bottom: .0001pt; padding: 0cm5.4pt0cm5.4pt;\"><span style=\"line-height: normal;\"><i>king \u2013 kingi<\/i><\/span><\/p>\n<p style=\"margin-bottom: .0001pt; padding: 0cm5.4pt0cm5.4pt;\"><span style=\"line-height: normal;\"><i>silm \u2013 silmi<\/i><a title=\"\" href=\"#_ftn1\" name=\"_ftnref1\"><span style=\"line-height: 107%;\">[1]<\/span><\/a><\/span><\/p>\n<\/td>\n<\/tr>\n<tr>\n<td style=\"width: 38.9pt; border: solidwindowtext1.0pt; border-top: none;\" width=\"52\">\n<p style=\"margin-bottom: .0001pt; padding: 0cm5.4pt0cm5.4pt;\"><span style=\"line-height: normal;\">e<\/span><\/p>\n<p style=\"margin-bottom: .0001pt; padding: 0cm5.4pt0cm5.4pt;\"><span style=\"line-height: normal;\">o<\/span><\/p>\n<p style=\"margin-bottom: .0001pt; padding: 0cm5.4pt0cm5.4pt;\"><span style=\"line-height: normal;\">u<\/span><\/p>\n<p style=\"margin-bottom: .0001pt; padding: 0cm5.4pt0cm5.4pt;\"><span style=\"line-height: normal;\">\u00e4<\/span><\/p>\n<p style=\"margin-bottom: .0001pt; padding: 0cm5.4pt0cm5.4pt;\"><span style=\"line-height: normal;\">\u00f6<\/span><\/p>\n<p style=\"margin-bottom: .0001pt; padding: 0cm5.4pt0cm5.4pt;\"><span style=\"line-height: normal;\">\u00fc<\/span><\/p>\n<\/td>\n<td style=\"width: 57.85pt; border-top: none; border-left: none; border-bottom: solidwindowtext1.0pt; border-right: solidwindowtext1.0pt;\" width=\"77\">\n<p style=\"margin-bottom: .0001pt; padding: 0cm5.4pt0cm5.4pt;\"><span style=\"line-height: normal;\">i<\/span><\/p>\n<\/td>\n<td style=\"width: 125.1pt; border-top: none; border-left: none; border-bottom: solidwindowtext1.0pt; border-right: solidwindowtext1.0pt;\" width=\"167\">\n<p style=\"margin-bottom: .0001pt; padding: 0cm5.4pt0cm5.4pt;\"><span style=\"line-height: normal;\"><i>keni, relvi; kelli, metsi<\/i><\/span><\/p>\n<p style=\"margin-bottom: .0001pt; padding: 0cm5.4pt0cm5.4pt;\"><span style=\"line-height: normal;\"><i>nokki, kohti; otri, konni<\/i><\/span><\/p>\n<p style=\"margin-bottom: .0001pt; padding: 0cm5.4pt0cm5.4pt;\"><span style=\"line-height: normal;\"><i>sukki, nurki; musti, julmi<\/i><\/span><\/p>\n<p style=\"margin-bottom: .0001pt; padding: 0cm5.4pt0cm5.4pt;\"><span style=\"line-height: normal;\"><i>m\u00e4rgi, p\u00e4rni<\/i><\/span><\/p>\n<p style=\"margin-bottom: .0001pt; padding: 0cm5.4pt0cm5.4pt;\"><span style=\"line-height: normal;\"><i>p\u00f6\u00f6ri<\/i><\/span><\/p>\n<p style=\"margin-bottom: .0001pt; padding: 0cm5.4pt0cm5.4pt;\"><span style=\"line-height: normal;\"><i>l\u00fcnki<\/i><\/span><\/p>\n<\/td>\n<td style=\"width: 189.45pt; border-top: none; border-left: none; border-bottom: solidwindowtext1.0pt; border-right: solidwindowtext1.0pt;\" width=\"253\">\n<p style=\"margin-bottom: .0001pt; padding: 0cm5.4pt0cm5.4pt;\"><span style=\"line-height: normal;\">1) <i>i <\/i>ja <i>j <\/i>j\u00e4rel <b>i <\/b>muutub <b>e<\/b>-ks: <i>nuie<\/i>, <i>t\u00fchje<\/i><a title=\"\" href=\"#_ftn2\" name=\"_ftnref2\"><span style=\"line-height: 107%;\">[2]<\/span><\/a>;<\/span><\/p>\n<p style=\"margin-bottom: .0001pt; padding: 0cm5.4pt0cm5.4pt;\"><span style=\"line-height: normal;\">2) 2-silbilistel esmav\u00e4ltelistel s\u00f5nadel, mil on esimeses silbis <b>o <\/b>v\u00f5i <b>u<\/b>, on mitm. partitiivis <b>e<\/b> (v\u00e4lja arvatud <i>oma, osa \u2013 omi, osi<\/i>)<\/span><\/p>\n<p style=\"margin-bottom: .0001pt; padding: 0cm5.4pt0cm5.4pt;\"><span style=\"line-height: normal;\"><i>oda \u2013 ode; muna \u2013 mune; tuba \u2013 tube<\/i><\/span><\/p>\n<\/td>\n<\/tr>\n<\/tbody>\n<\/table>\n<p style=\"margin: 6.0pt 0cm 6.0pt 0cm;\"><i><span style=\"line-height: 107%;\"><span style=\"letter-spacing: 2.0pt;\">i-<\/span><\/span><\/i><span style=\"line-height: 107%;\"><span style=\"letter-spacing: 2.0pt;\">mitmuse<\/span><\/span><span style=\"line-height: 107%;\"> k\u00e4\u00e4nded moodustatakse mitm. partitiivi p\u00f5hjal j\u00e4rgmiselt:<\/span><\/p>\n<ol>\n<li style=\"margin-top: 0cm; margin-right: 0cm; margin-bottom: 10.0pt;\"><span style=\"line-height: 115%;\"><span style=\"line-height: 115%;\">Kui mitm. partitiivi l\u00f5pul on <b>-id<\/b>, siis j\u00e4etakse <b>-d<\/b> l\u00f5pust \u00e4ra ja liidetakse saadud t\u00fcvele soovitava k\u00e4\u00e4nde l\u00f5pp: <i>m\u00f5ttei-d \u2013 m\u00f5ttei-s, mai-d \u2013 mai-le.<\/i><\/span><\/span><\/li>\n<li style=\"margin-top: 0cm; margin-right: 0cm; margin-bottom: 10.0pt;\"><span style=\"line-height: 115%;\"><span style=\"line-height: 115%;\">Kui mitm. partitiivi l\u00f5pul on <b><i>u, i <\/i><\/b>v\u00f5i <b><i>e<\/i><\/b>, siis liidetakse mitm. partitiivile soovitava k\u00e4\u00e4nde l\u00f5pp. Astmevahelduslikel s\u00f5nul muudetakse seejuures tugevaastmeline t\u00fcvi n\u00f5rgaastmeliseks: <i>vanu \u2013 vanule, kive \u2013 kivel, \u00f5nnelikke \u2013 \u00f5nnelikele, lehti \u2013 lehile.<\/i><\/span><\/span><\/li>\n<li style=\"margin-top: 0cm; margin-right: 0cm; margin-bottom: 10.0pt;\"><span style=\"line-height: 115%;\"><span style=\"line-height: 115%;\">S\u00f5nadel, mil mitm. partitiivi l\u00f5pul on <b>sid<\/b>, i-mitmus puudub.<\/span><\/span><\/li>\n<li style=\"margin-top: 0cm; margin-right: 0cm; margin-bottom: 10.0pt;\"><span style=\"line-height: 115%;\"><span style=\"line-height: 115%;\">Kui <i>i-<\/i>mitmuses <i>j <\/i>sattub <i>i <\/i>ette, siis ei j\u00e4\u00e4 h\u00e4\u00e4liku\u00fchend <i>ji <\/i>p\u00fcsima, vaid:<\/span><\/span>\n<ol style=\"list-style-type: lower-alpha;\">\n<li style=\"margin-top: 0cm; margin-right: 0cm; margin-bottom: 10.0pt;\"><span style=\"line-height: 115%;\"><i><span style=\"line-height: 115%;\">a-<\/span><\/i><span style=\"line-height: 115%;\">t\u00fcvelistel s\u00f5nadel muutub <i>ji je-<\/i>ks (<i>n\u00e4lg \u2013 n\u00e4ljele, h\u00e4rg \u2013 h\u00e4rjele<\/i>);<\/span><\/span><\/li>\n<li style=\"margin-top: 0cm; margin-right: 0cm; margin-bottom: 10.0pt;\"><span style=\"line-height: 115%;\"><i><span style=\"line-height: 115%;\">e-<\/span><\/i><span style=\"line-height: 115%;\">t\u00fcvelistel s\u00f5nadel <i>ji <\/i>muutub <i>i-<\/i>ks (<i>j\u00e4lg \u2013 j\u00e4lile, k\u00fclg \u2013 k\u00fclile<\/i>).<\/span><\/span><\/li>\n<\/ol>\n<\/li>\n<\/ol>\n<div style=\"border-bottom: dashedwindowtext1.0pt; padding: 0cm0cm1.0pt0cm; margin-left: 0cm; margin-right: -9.35pt;\">\n<ol start=\"5\">\n<li style=\"border: none; margin-top: 0cm; margin-right: 0cm; margin-bottom: 10.0pt; padding: 0cm;\"><span style=\"line-height: 115%;\"><span style=\"line-height: 115%;\">Mitm. partitiivi t\u00fcves olev <i>s <\/i>j\u00e4\u00e4b <i>i-<\/i>mitmuses p\u00fcsima (<i>uusi \u2013 uusile, varsi \u2013 varsil<\/i>).<\/span><\/span><\/li>\n<\/ol>\n<\/div>\n<p>Moodusta neile reeglitele tuginedes n\u00f5utud <i>i-<\/i>mitmuse vormid:<\/p>\n<p style=\"margin-left: 36.0pt;\"><i>paks mets <\/i>(sees\u00fctlev)<\/p>\n<p style=\"margin-left: 36.0pt;\"><i>soe ilm<\/i> (saav)<\/p>\n<p style=\"margin-left: 36.0pt;\"><i>t\u00fchi aed <\/i>(sees\u00fctlev)<\/p>\n<p style=\"margin-left: 36.0pt;\"><i>lilleline sukk <\/i>(sees\u00fctlev)<\/p>\n<p style=\"margin-left: 36.0pt;\"><i>suur v\u00f5lg<\/i> (sees\u00fctlev)<\/p>\n<p style=\"margin-left: 36.0pt;\"><i>paha s\u00f5ber <\/i>(seest\u00fctlev)<\/p>\n<p style=\"margin-left: 36.0pt;\"><i>pruun leib <\/i>(alale\u00fctlev)<\/p>\n<p style=\"margin-left: 36.0pt;\"><i>t\u00fchi v\u00e4li <\/i>(alale\u00fctlev)<\/p>\n<p style=\"margin-left: 36.0pt;\"><i>k\u00fclm tuisk<\/i> (sisse\u00fctlev)<\/p>\n<p style=\"margin-left: 36.0pt;\"><i>jalg <\/i>(alal\u00fctlev)<\/p>\n<p style=\"margin-left: 36.0pt;\"><i>vaks <\/i>(sisse\u00fctlev)<\/p>\n<div>\n<hr align=\"left\" size=\"1\" width=\"33%\">\n<div id=\"ftn1\">\n<p class=\"MsoFootnoteText\"><a title=\"\" href=\"#_ftnref1\" name=\"_ftn1\"><span style=\"line-height: 107%;\">[1]<\/span><\/a> Lisaks neile kolmele veel viis v\u00e4hem esinevat s\u00f5na: <i>iga \u2014 igi, isa \u2013 isi, iva \u2013 ivi, lisa \u2013 lisi, nisa \u2013 nisi. <\/i>s\u00f5nust <i>iga, isa, lisa <\/i>tarvitatakse harilikult aga <i>sid-<\/i>l\u00f5pulisi vorme: <i>igasid, isasid, lisasis.<\/i><\/p>\n<\/div>\n<div id=\"ftn2\">\n<p class=\"MsoFootnoteText\"><a title=\"\" href=\"#_ftnref2\" name=\"_ftn2\"><span style=\"line-height: 107%;\">[2]<\/span><\/a> S\u00f5nadest <i>neli <\/i>ja <i>v\u00e4li <\/i>on lubatud reeglip\u00e4raste vormide <i>nelje, v\u00e4lje <\/i>k\u00f5rval tarvitada ka vorme <i>nelju, v\u00e4lju<\/i>, mis viimased ongi eelistatavad.<\/p>\n<p class=\"MsoFootnoteText\">\n<\/p><p class=\"MsoFootnoteText\">\n<\/p><p class=\"MsoFootnoteText\">2018<\/p>\n<p class=\"MsoFootnoteText\">keskmine<\/p>\n<p class=\"MsoFootnoteText\">piirkonnavoor<\/p>\n<p><a href=\"https:\/\/sisu.ut.ee\/keeleylesanded\/tuvemitmus-vanas-opikus-i-vastus\/\">Vastus<\/a><\/p>\n<\/div>\n<\/div>\n","protected":false},"excerpt":{"rendered":"<p>T\u00e4nap\u00e4evases eesti keeles kasutatakse t\u00fcvemitmust peamiselt osastavas k\u00e4\u00e4ndes (v.a \u00f5nnelik-t\u00fc\u00fcp, kus tuvemitmus on de-mitmusest tavalisem). Muid k\u00e4\u00e4ndevorme kasutatakse fraseologismides ja liits\u00f5nades (nt k\u00e4sil olema, munele hakkama). Vanemas keelepruugis on tuvemitmus m\u00e4rksa sagedasem. Varem nimetati tuvemitmust i-mitmuseks, sest keeleajalooliselt on tegemist &#8230;<\/p>\n","protected":false},"author":185,"featured_media":0,"parent":0,"menu_order":0,"comment_status":"closed","ping_status":"closed","template":"","meta":{"_acf_changed":false,"inline_featured_image":false,"footnotes":""},"class_list":["post-187","page","type-page","status-publish","hentry"],"acf":[],"_links":{"self":[{"href":"https:\/\/sisu.ut.ee\/keeleylesanded\/wp-json\/wp\/v2\/pages\/187","targetHints":{"allow":["GET"]}}],"collection":[{"href":"https:\/\/sisu.ut.ee\/keeleylesanded\/wp-json\/wp\/v2\/pages"}],"about":[{"href":"https:\/\/sisu.ut.ee\/keeleylesanded\/wp-json\/wp\/v2\/types\/page"}],"author":[{"embeddable":true,"href":"https:\/\/sisu.ut.ee\/keeleylesanded\/wp-json\/wp\/v2\/users\/185"}],"replies":[{"embeddable":true,"href":"https:\/\/sisu.ut.ee\/keeleylesanded\/wp-json\/wp\/v2\/comments?post=187"}],"version-history":[{"count":2,"href":"https:\/\/sisu.ut.ee\/keeleylesanded\/wp-json\/wp\/v2\/pages\/187\/revisions"}],"predecessor-version":[{"id":2010,"href":"https:\/\/sisu.ut.ee\/keeleylesanded\/wp-json\/wp\/v2\/pages\/187\/revisions\/2010"}],"wp:attachment":[{"href":"https:\/\/sisu.ut.ee\/keeleylesanded\/wp-json\/wp\/v2\/media?parent=187"}],"curies":[{"name":"wp","href":"https:\/\/api.w.org\/{rel}","templated":true}]}}