{"id":186,"date":"2024-04-04T05:03:38","date_gmt":"2024-04-04T02:03:38","guid":{"rendered":"https:\/\/sisu.ut.ee\/keeleylesanded\/vanad-sonad-tanapaeva-vastus\/"},"modified":"2024-11-29T13:40:05","modified_gmt":"2024-11-29T11:40:05","slug":"vanad-sonad-tanapaeva-vastus","status":"publish","type":"page","link":"https:\/\/sisu.ut.ee\/keeleylesanded\/vanad-sonad-tanapaeva-vastus\/","title":{"rendered":"Vanad s\u00f5nad t\u00e4nap\u00e4eva. Vastus"},"content":{"rendered":"","protected":true},"excerpt":{"rendered":"","protected":true},"author":185,"featured_media":0,"parent":0,"menu_order":0,"comment_status":"closed","ping_status":"closed","template":"","meta":{"_acf_changed":false,"inline_featured_image":false,"footnotes":""},"class_list":["post-186","page","type-page","status-publish","post-password-required","hentry"],"acf":[],"_links":{"self":[{"href":"https:\/\/sisu.ut.ee\/keeleylesanded\/wp-json\/wp\/v2\/pages\/186","targetHints":{"allow":["GET"]}}],"collection":[{"href":"https:\/\/sisu.ut.ee\/keeleylesanded\/wp-json\/wp\/v2\/pages"}],"about":[{"href":"https:\/\/sisu.ut.ee\/keeleylesanded\/wp-json\/wp\/v2\/types\/page"}],"author":[{"embeddable":true,"href":"https:\/\/sisu.ut.ee\/keeleylesanded\/wp-json\/wp\/v2\/users\/185"}],"replies":[{"embeddable":true,"href":"https:\/\/sisu.ut.ee\/keeleylesanded\/wp-json\/wp\/v2\/comments?post=186"}],"version-history":[{"count":1,"href":"https:\/\/sisu.ut.ee\/keeleylesanded\/wp-json\/wp\/v2\/pages\/186\/revisions"}],"predecessor-version":[{"id":1544,"href":"https:\/\/sisu.ut.ee\/keeleylesanded\/wp-json\/wp\/v2\/pages\/186\/revisions\/1544"}],"wp:attachment":[{"href":"https:\/\/sisu.ut.ee\/keeleylesanded\/wp-json\/wp\/v2\/media?parent=186"}],"curies":[{"name":"wp","href":"https:\/\/api.w.org\/{rel}","templated":true}]}}