{"id":183,"date":"2024-04-04T05:03:37","date_gmt":"2024-04-04T02:03:37","guid":{"rendered":"https:\/\/sisu.ut.ee\/keeleylesanded\/uudissonade-moodustamine-0\/"},"modified":"2024-11-29T13:23:27","modified_gmt":"2024-11-29T11:23:27","slug":"uudissonade-moodustamine-0","status":"publish","type":"page","link":"https:\/\/sisu.ut.ee\/keeleylesanded\/uudissonade-moodustamine-0\/","title":{"rendered":"Uudiss\u00f5nade moodustamine"},"content":{"rendered":"<p style=\"margin: 0cm 0cm 8.0pt 0cm;\"><b><span style=\"color: black;\">Maire Raadiku raamatusse \u201eUudiss\u00f5nu uue aastatuhande algusest\u201c on kogutud \u00d5S 2006 ja \u00d5S 2013 uued s\u00f5nad. <\/span><\/b><b><span style=\"color: black;\">R\u00fchmita raamatust leitud uudisverbid kolme r\u00fchma moodustusviisi alusel ja lisa tabeli esimesse ritta igale neist moodustusviisi nimetus.<\/span><\/b><\/p>\n<p style=\"margin: 0cm 0cm 8.0pt 0cm;\"><span style=\"color: black;\">Alarahastama, apostillima, blogima, eelkeetma, eesm\u00e4rgistama, egotsema, geenmuundama, guugeldama, haipima, h\u00e4kkima, joogatama, j\u00e4relvaatama, kaubastuma, k\u00fclmpressima, linkima, netistama, ostlema, parkuurima, sundparteistama, \u00fclerahvastama.<\/span><\/p>\n<table class=\"table table-hover\" style=\"width: 100%;\" border=\"1\" cellspacing=\"1\" cellpadding=\"1\">\n<thead>\n<tr>\n<th scope=\"col\"><\/th>\n<th scope=\"col\"><\/th>\n<th scope=\"col\"><\/th>\n<\/tr>\n<\/thead>\n<tbody>\n<tr>\n<td><\/td>\n<td><\/td>\n<td><\/td>\n<\/tr>\n<tr>\n<td><\/td>\n<td><\/td>\n<td><\/td>\n<\/tr>\n<tr>\n<td><\/td>\n<td><\/td>\n<td><\/td>\n<\/tr>\n<tr>\n<td><\/td>\n<td><\/td>\n<td><\/td>\n<\/tr>\n<tr>\n<td><\/td>\n<td><\/td>\n<td><\/td>\n<\/tr>\n<tr>\n<td><\/td>\n<td><\/td>\n<td><\/td>\n<\/tr>\n<tr>\n<td><\/td>\n<td><\/td>\n<td><\/td>\n<\/tr>\n<tr>\n<td><\/td>\n<td><\/td>\n<td><\/td>\n<\/tr>\n<\/tbody>\n<\/table>\n<p>2018<\/p>\n<p>keskmine<\/p>\n<p>piirkonnavoor<\/p>\n<p><a href=\"https:\/\/sisu.ut.ee\/keeleylesanded\/uudissonade-moodustamine-vastus\/\">Vastus<\/a><\/p>\n","protected":false},"excerpt":{"rendered":"<p>Maire Raadiku raamatusse \u201eUudiss\u00f5nu uue aastatuhande algusest\u201c on kogutud \u00d5S 2006 ja \u00d5S 2013 uued s\u00f5nad. R\u00fchmita raamatust leitud uudisverbid kolme r\u00fchma moodustusviisi alusel ja lisa tabeli esimesse ritta igale neist moodustusviisi nimetus. Alarahastama, apostillima, blogima, eelkeetma, eesm\u00e4rgistama, egotsema, geenmuundama, &#8230;<\/p>\n","protected":false},"author":185,"featured_media":0,"parent":0,"menu_order":0,"comment_status":"closed","ping_status":"closed","template":"","meta":{"_acf_changed":false,"inline_featured_image":false,"footnotes":""},"class_list":["post-183","page","type-page","status-publish","hentry"],"acf":[],"_links":{"self":[{"href":"https:\/\/sisu.ut.ee\/keeleylesanded\/wp-json\/wp\/v2\/pages\/183","targetHints":{"allow":["GET"]}}],"collection":[{"href":"https:\/\/sisu.ut.ee\/keeleylesanded\/wp-json\/wp\/v2\/pages"}],"about":[{"href":"https:\/\/sisu.ut.ee\/keeleylesanded\/wp-json\/wp\/v2\/types\/page"}],"author":[{"embeddable":true,"href":"https:\/\/sisu.ut.ee\/keeleylesanded\/wp-json\/wp\/v2\/users\/185"}],"replies":[{"embeddable":true,"href":"https:\/\/sisu.ut.ee\/keeleylesanded\/wp-json\/wp\/v2\/comments?post=183"}],"version-history":[{"count":2,"href":"https:\/\/sisu.ut.ee\/keeleylesanded\/wp-json\/wp\/v2\/pages\/183\/revisions"}],"predecessor-version":[{"id":2026,"href":"https:\/\/sisu.ut.ee\/keeleylesanded\/wp-json\/wp\/v2\/pages\/183\/revisions\/2026"}],"wp:attachment":[{"href":"https:\/\/sisu.ut.ee\/keeleylesanded\/wp-json\/wp\/v2\/media?parent=183"}],"curies":[{"name":"wp","href":"https:\/\/api.w.org\/{rel}","templated":true}]}}