{"id":180,"date":"2024-04-04T05:03:37","date_gmt":"2024-04-04T02:03:37","guid":{"rendered":"https:\/\/sisu.ut.ee\/keeleylesanded\/vanad-oskussonad\/"},"modified":"2024-11-29T13:39:48","modified_gmt":"2024-11-29T11:39:48","slug":"vanad-oskussonad","status":"publish","type":"page","link":"https:\/\/sisu.ut.ee\/keeleylesanded\/vanad-oskussonad\/","title":{"rendered":"Vanad oskuss\u00f5nad"},"content":{"rendered":"<p style=\"text-align: justify;\"><strong>Allpool on kahes tulbas esitatud oskuss\u00f5nade paarid: vasakpoolses tulbas mitu p\u00f5lvkonda tagasi kasutusel olnud v\u00f5i kasutusele v\u00f5tta soovitatud, parempoolsest t\u00e4nap\u00e4evased terminid. Esimeses tulba s\u00f5nad on nummerdatud. Kirjuta samad numbrid teise tulba sama t\u00e4hendusega s\u00f5nade ette.<\/strong><\/p>\n<p style=\"text-align: justify;\">\n<\/p><table class=\"table table-hover\" style=\"width: 100%;\" border=\"0\" cellspacing=\"1\" cellpadding=\"1\">\n<tbody>\n<tr>\n<td>1. v\u00f5imustetu saadik<\/td>\n<td>___ dilemma<\/td>\n<\/tr>\n<tr>\n<td>2. k\u00fclgehakkav haigus<\/td>\n<td>___ geiser<\/td>\n<\/tr>\n<tr>\n<td>3. helit\u00f5ug<\/td>\n<td>___ nakkushaigus<\/td>\n<\/tr>\n<tr>\n<td>4. kokkuheli<\/td>\n<td>___eelarvamus<\/td>\n<\/tr>\n<tr>\n<td>5. veekeevus<\/td>\n<td>___ akord<\/td>\n<\/tr>\n<tr>\n<td>6. k\u00f5ma-\u00f5petus<\/td>\n<td>___ volinik<\/td>\n<\/tr>\n<tr>\n<td>7.kuningarodu<\/td>\n<td>___ \u00fclesanne<\/td>\n<\/tr>\n<tr>\n<td>8. kahekordne kimbatus<\/td>\n<td>___ jagatis<\/td>\n<\/tr>\n<tr>\n<td>9. m\u00f5tte\u00f5pe<\/td>\n<td>___egoist<\/td>\n<\/tr>\n<tr>\n<td>10. vallalem\u00f5tlemine<\/td>\n<td>___ helistik<\/td>\n<\/tr>\n<tr>\n<td>11. \u00fclej\u00e4\u00e4dav<\/td>\n<td>___ loogika<\/td>\n<\/tr>\n<tr>\n<td>12. katusm<\/td>\n<td>___ f\u00fc\u00fcsika<\/td>\n<\/tr>\n<tr>\n<td>13. isenik<\/td>\n<td>___ akustika<\/td>\n<\/tr>\n<tr>\n<td>14. urgastee<\/td>\n<td>___ tunnel<\/td>\n<\/tr>\n<tr>\n<td>15. loodusv\u00e4eteadus<\/td>\n<td>___ d\u00fcnastia<\/td>\n<\/tr>\n<\/tbody>\n<\/table>\n<p>2006<\/p>\n<p>noorem, keskmine<\/p>\n<p>l\u00f5ppvoor<\/p>\n<p><a href=\"https:\/\/sisu.ut.ee\/keeleylesanded\/vanad-oskussonad-vastus\/\">Vastus<\/a><\/p>\n","protected":false},"excerpt":{"rendered":"<p>Allpool on kahes tulbas esitatud oskuss\u00f5nade paarid: vasakpoolses tulbas mitu p\u00f5lvkonda tagasi kasutusel olnud v\u00f5i kasutusele v\u00f5tta soovitatud, parempoolsest t\u00e4nap\u00e4evased terminid. Esimeses tulba s\u00f5nad on nummerdatud. Kirjuta samad numbrid teise tulba sama t\u00e4hendusega s\u00f5nade ette. 1. v\u00f5imustetu saadik ___ dilemma &#8230;<\/p>\n","protected":false},"author":185,"featured_media":0,"parent":0,"menu_order":0,"comment_status":"closed","ping_status":"closed","template":"","meta":{"_acf_changed":false,"inline_featured_image":false,"footnotes":""},"class_list":["post-180","page","type-page","status-publish","hentry"],"acf":[],"_links":{"self":[{"href":"https:\/\/sisu.ut.ee\/keeleylesanded\/wp-json\/wp\/v2\/pages\/180","targetHints":{"allow":["GET"]}}],"collection":[{"href":"https:\/\/sisu.ut.ee\/keeleylesanded\/wp-json\/wp\/v2\/pages"}],"about":[{"href":"https:\/\/sisu.ut.ee\/keeleylesanded\/wp-json\/wp\/v2\/types\/page"}],"author":[{"embeddable":true,"href":"https:\/\/sisu.ut.ee\/keeleylesanded\/wp-json\/wp\/v2\/users\/185"}],"replies":[{"embeddable":true,"href":"https:\/\/sisu.ut.ee\/keeleylesanded\/wp-json\/wp\/v2\/comments?post=180"}],"version-history":[{"count":2,"href":"https:\/\/sisu.ut.ee\/keeleylesanded\/wp-json\/wp\/v2\/pages\/180\/revisions"}],"predecessor-version":[{"id":2053,"href":"https:\/\/sisu.ut.ee\/keeleylesanded\/wp-json\/wp\/v2\/pages\/180\/revisions\/2053"}],"wp:attachment":[{"href":"https:\/\/sisu.ut.ee\/keeleylesanded\/wp-json\/wp\/v2\/media?parent=180"}],"curies":[{"name":"wp","href":"https:\/\/api.w.org\/{rel}","templated":true}]}}