{"id":18,"date":"2024-04-04T05:03:22","date_gmt":"2024-04-04T02:03:22","guid":{"rendered":"https:\/\/sisu.ut.ee\/keeleylesanded\/sonavormid\/"},"modified":"2024-04-04T05:07:30","modified_gmt":"2024-04-04T02:07:30","slug":"sonavormid","status":"publish","type":"page","link":"https:\/\/sisu.ut.ee\/keeleylesanded\/sonavormid\/","title":{"rendered":"S\u00f5navormid (I)"},"content":{"rendered":"<p>\n\t<b>Moodusta v\u00f5imalikult palju lauseid, kus j\u00e4rgmised sonavormid oleksid kasutusel <i>erinevas <\/i>t\u00e4henduses.<\/b>\n<\/p>\n<p>\n\t<i>kulu<\/i>\n<\/p>\n<p>\n\t<i>loo <\/i>\n<\/p>\n<p>\n\t\u00a0\n<\/p>\n<p>\n\t\u00a0\n<\/p>\n<p>\n\t2008\n<\/p>\n<p>\n\tKeskmine\n<\/p>\n<p>\n\tL\u00f5ppvoor<\/p>\n","protected":false},"excerpt":{"rendered":"<p>Moodusta v\u00f5imalikult palju lauseid, kus j\u00e4rgmised sonavormid oleksid kasutusel erinevas t\u00e4henduses. kulu loo \u00a0 \u00a0 2008 Keskmine L\u00f5ppvoor<\/p>\n","protected":false},"author":185,"featured_media":0,"parent":0,"menu_order":0,"comment_status":"closed","ping_status":"closed","template":"","meta":{"_acf_changed":false,"inline_featured_image":false,"footnotes":""},"class_list":["post-18","page","type-page","status-publish","hentry"],"acf":[],"_links":{"self":[{"href":"https:\/\/sisu.ut.ee\/keeleylesanded\/wp-json\/wp\/v2\/pages\/18","targetHints":{"allow":["GET"]}}],"collection":[{"href":"https:\/\/sisu.ut.ee\/keeleylesanded\/wp-json\/wp\/v2\/pages"}],"about":[{"href":"https:\/\/sisu.ut.ee\/keeleylesanded\/wp-json\/wp\/v2\/types\/page"}],"author":[{"embeddable":true,"href":"https:\/\/sisu.ut.ee\/keeleylesanded\/wp-json\/wp\/v2\/users\/185"}],"replies":[{"embeddable":true,"href":"https:\/\/sisu.ut.ee\/keeleylesanded\/wp-json\/wp\/v2\/comments?post=18"}],"version-history":[{"count":1,"href":"https:\/\/sisu.ut.ee\/keeleylesanded\/wp-json\/wp\/v2\/pages\/18\/revisions"}],"predecessor-version":[{"id":1719,"href":"https:\/\/sisu.ut.ee\/keeleylesanded\/wp-json\/wp\/v2\/pages\/18\/revisions\/1719"}],"wp:attachment":[{"href":"https:\/\/sisu.ut.ee\/keeleylesanded\/wp-json\/wp\/v2\/media?parent=18"}],"curies":[{"name":"wp","href":"https:\/\/api.w.org\/{rel}","templated":true}]}}