{"id":179,"date":"2024-04-04T05:03:37","date_gmt":"2024-04-04T02:03:37","guid":{"rendered":"https:\/\/sisu.ut.ee\/keeleylesanded\/homonuumid\/"},"modified":"2024-11-28T23:29:33","modified_gmt":"2024-11-28T21:29:33","slug":"homonuumid","status":"publish","type":"page","link":"https:\/\/sisu.ut.ee\/keeleylesanded\/homonuumid\/","title":{"rendered":"Homon\u00fc\u00fcmid"},"content":{"rendered":"<p><b>Leia sobiv homon\u00fc\u00fcm ja kirjuta see punktiirile.<\/b><\/p>\n<p>1) \u2026\u2026\u2026\u2026\u2026\u2026\u2026\u2026\u2026\u2026\u2026\u2026\u2026\u2026\u00a0 \u00a01. vali, range<\/p>\n<p>2. ving (<em>murdes)<\/em><\/p>\n<p>2) \u2026\u2026\u2026\u2026\u2026\u2026\u2026\u2026\u2026\u2026\u2026\u2026\u2026\u2026\u00a0 \u00a01. malem\u00e4ngutermin<\/p>\n<p>2. tuhm, l\u00e4iketu<\/p>\n<p>3) \u2026\u2026\u2026\u2026\u2026\u2026\u2026\u2026\u2026\u2026\u2026\u2026\u2026\u2026\u00a0 \u00a01. pragu<\/p>\n<p>2. kala<\/p>\n<p>4) \u2026\u2026\u2026\u2026\u2026\u2026\u2026\u2026\u2026\u2026\u2026\u2026\u2026\u2026\u00a0 \u00a01. v\u00e4ike l\u00f5ngaviht<\/p>\n<p>2. kepp, teivas<\/p>\n<p>5) \u2026\u2026\u2026\u2026\u2026\u2026\u2026\u2026\u2026\u2026\u2026\u2026\u2026\u2026\u00a0 \u00a01. kivine merep\u00f5hja k\u00f5rgendik<\/p>\n<p>2. riiu puudumine, leplikkus<\/p>\n<p>6) \u2026\u2026\u2026\u2026\u2026\u2026\u2026\u2026\u2026\u2026\u2026\u2026\u2026\u2026\u00a0 \u00a01. ringk\u00e4ik, niisama ringik\u00f5ndimine<\/p>\n<p>2. veelind<\/p>\n<p>7) \u2026\u2026\u2026\u2026\u2026\u2026\u2026\u2026\u2026\u2026\u2026\u2026\u2026\u2026\u00a0 \u00a01. mustriline v\u00f5rkkkudum<\/p>\n<p>2.napsiklaas<\/p>\n<p>8) \u2026\u2026\u2026\u2026\u2026\u2026\u2026\u2026\u2026\u2026\u2026\u2026\u2026\u2026\u00a0 \u00a01. p\u00fchakoda<\/p>\n<p>2. (v\u00e4rvi)pitsat<\/p>\n<p>9) \u2026\u2026\u2026\u2026\u2026\u2026\u2026\u2026\u2026\u2026\u2026\u2026\u2026\u2026\u00a0 \u00a01. p\u00f6\u00f6rlev keha<\/p>\n<p>2. vunts<\/p>\n<p>10) \u2026\u2026\u2026\u2026\u2026\u2026\u2026\u2026\u2026\u2026\u2026\u2026\u2026\u2026\u00a0 \u00a01. endine raha\u00fchik<\/p>\n<p>2. ritv<\/p>\n<p><a href=\"https:\/\/sisu.ut.ee\/keeleylesanded\/homonuumid-vastus\/\">Vastus<\/a><\/p>\n","protected":false},"excerpt":{"rendered":"<p>Leia sobiv homon\u00fc\u00fcm ja kirjuta see punktiirile. 1) \u2026\u2026\u2026\u2026\u2026\u2026\u2026\u2026\u2026\u2026\u2026\u2026\u2026\u2026\u00a0 \u00a01. vali, range 2. ving (murdes) 2) \u2026\u2026\u2026\u2026\u2026\u2026\u2026\u2026\u2026\u2026\u2026\u2026\u2026\u2026\u00a0 \u00a01. malem\u00e4ngutermin 2. tuhm, l\u00e4iketu 3) \u2026\u2026\u2026\u2026\u2026\u2026\u2026\u2026\u2026\u2026\u2026\u2026\u2026\u2026\u00a0 \u00a01. pragu 2. kala 4) \u2026\u2026\u2026\u2026\u2026\u2026\u2026\u2026\u2026\u2026\u2026\u2026\u2026\u2026\u00a0 \u00a01. v\u00e4ike l\u00f5ngaviht 2. kepp, teivas 5) \u2026\u2026\u2026\u2026\u2026\u2026\u2026\u2026\u2026\u2026\u2026\u2026\u2026\u2026\u00a0 \u00a01. kivine &#8230;<\/p>\n","protected":false},"author":185,"featured_media":0,"parent":0,"menu_order":0,"comment_status":"closed","ping_status":"closed","template":"","meta":{"_acf_changed":false,"inline_featured_image":false,"footnotes":""},"class_list":["post-179","page","type-page","status-publish","hentry"],"acf":[],"_links":{"self":[{"href":"https:\/\/sisu.ut.ee\/keeleylesanded\/wp-json\/wp\/v2\/pages\/179","targetHints":{"allow":["GET"]}}],"collection":[{"href":"https:\/\/sisu.ut.ee\/keeleylesanded\/wp-json\/wp\/v2\/pages"}],"about":[{"href":"https:\/\/sisu.ut.ee\/keeleylesanded\/wp-json\/wp\/v2\/types\/page"}],"author":[{"embeddable":true,"href":"https:\/\/sisu.ut.ee\/keeleylesanded\/wp-json\/wp\/v2\/users\/185"}],"replies":[{"embeddable":true,"href":"https:\/\/sisu.ut.ee\/keeleylesanded\/wp-json\/wp\/v2\/comments?post=179"}],"version-history":[{"count":2,"href":"https:\/\/sisu.ut.ee\/keeleylesanded\/wp-json\/wp\/v2\/pages\/179\/revisions"}],"predecessor-version":[{"id":1836,"href":"https:\/\/sisu.ut.ee\/keeleylesanded\/wp-json\/wp\/v2\/pages\/179\/revisions\/1836"}],"wp:attachment":[{"href":"https:\/\/sisu.ut.ee\/keeleylesanded\/wp-json\/wp\/v2\/media?parent=179"}],"curies":[{"name":"wp","href":"https:\/\/api.w.org\/{rel}","templated":true}]}}