{"id":170,"date":"2024-04-04T05:03:36","date_gmt":"2024-04-04T02:03:36","guid":{"rendered":"https:\/\/sisu.ut.ee\/keeleylesanded\/vali-omasem-sona\/"},"modified":"2024-11-29T13:34:53","modified_gmt":"2024-11-29T11:34:53","slug":"vali-omasem-sona","status":"publish","type":"page","link":"https:\/\/sisu.ut.ee\/keeleylesanded\/vali-omasem-sona\/","title":{"rendered":"Vali omasem s\u00f5na (II)"},"content":{"rendered":"<p><strong>Igal real on sama n\u00e4htuse v\u00f5i asja t\u00e4histamiseks kolm veidi erinevat s\u00f5na. T\u00f5mba igal real ring \u00fcmber s\u00f5nale, mis on eesti keelele k\u00f5ige omasem. Kirjuta oma valiku p\u00f5hjendus iga kolmiku alla.<\/strong><\/p>\n<table class=\"table table-hover\" style=\"width: 100%;\" border=\"1\" cellspacing=\"1\" cellpadding=\"1\">\n<tbody>\n<tr>\n<td>1)<\/td>\n<td><em>cr\u00e8me br\u00fbl\u00e9e<\/em><\/td>\n<td>br\u00fcleekreem<\/td>\n<td>kreembr\u00fclee<\/td>\n<\/tr>\n<tr>\n<td><\/td>\n<td colspan=\"3\" rowspan=\"1\"><\/td>\n<\/tr>\n<tr>\n<td>2)<\/td>\n<td>pubi<\/td>\n<td>pub<\/td>\n<td><em>pub<\/em><\/td>\n<\/tr>\n<tr>\n<td><\/td>\n<td colspan=\"3\" rowspan=\"1\"><\/td>\n<\/tr>\n<tr>\n<td>3)<\/td>\n<td>k\u00e4ed-vaba-seade<\/td>\n<td><em>hands free<\/em><\/td>\n<td>vabak\u00e4eseade<\/td>\n<\/tr>\n<tr>\n<td><\/td>\n<td colspan=\"3\" rowspan=\"1\"><\/td>\n<\/tr>\n<tr>\n<td>4)<\/td>\n<td>e-post<\/td>\n<td>e-mail<\/td>\n<td>emmail<\/td>\n<\/tr>\n<tr>\n<td><\/td>\n<td colspan=\"3\" rowspan=\"1\"><\/td>\n<\/tr>\n<tr>\n<td>5)<\/td>\n<td><em>manager<\/em><\/td>\n<td>juht, korraldaja<\/td>\n<td>m\u00e4ned\u017eer<\/td>\n<\/tr>\n<tr>\n<td><\/td>\n<td colspan=\"3\" rowspan=\"1\"><\/td>\n<\/tr>\n<tr>\n<td>6)<\/td>\n<td>haridusn\u00f5ustaja<\/td>\n<td>n\u00f5ustaja hariduse osas<\/td>\n<td>konsultant hariduse alal<\/td>\n<\/tr>\n<tr>\n<td><\/td>\n<td colspan=\"3\" rowspan=\"1\"><\/td>\n<\/tr>\n<\/tbody>\n<\/table>\n<p>2014<\/p>\n<p>keskmine<\/p>\n<p>l\u00f5ppvoor<\/p>\n<p><a href=\"https:\/\/sisu.ut.ee\/keeleylesanded\/vali-omasem-sona-vastus\/\">Vastus<\/a><\/p>\n","protected":false},"excerpt":{"rendered":"<p>Igal real on sama n\u00e4htuse v\u00f5i asja t\u00e4histamiseks kolm veidi erinevat s\u00f5na. T\u00f5mba igal real ring \u00fcmber s\u00f5nale, mis on eesti keelele k\u00f5ige omasem. Kirjuta oma valiku p\u00f5hjendus iga kolmiku alla. 1) cr\u00e8me br\u00fbl\u00e9e br\u00fcleekreem kreembr\u00fclee 2) pubi pub pub &#8230;<\/p>\n","protected":false},"author":185,"featured_media":0,"parent":0,"menu_order":0,"comment_status":"closed","ping_status":"closed","template":"","meta":{"_acf_changed":false,"inline_featured_image":false,"footnotes":""},"class_list":["post-170","page","type-page","status-publish","hentry"],"acf":[],"_links":{"self":[{"href":"https:\/\/sisu.ut.ee\/keeleylesanded\/wp-json\/wp\/v2\/pages\/170","targetHints":{"allow":["GET"]}}],"collection":[{"href":"https:\/\/sisu.ut.ee\/keeleylesanded\/wp-json\/wp\/v2\/pages"}],"about":[{"href":"https:\/\/sisu.ut.ee\/keeleylesanded\/wp-json\/wp\/v2\/types\/page"}],"author":[{"embeddable":true,"href":"https:\/\/sisu.ut.ee\/keeleylesanded\/wp-json\/wp\/v2\/users\/185"}],"replies":[{"embeddable":true,"href":"https:\/\/sisu.ut.ee\/keeleylesanded\/wp-json\/wp\/v2\/comments?post=170"}],"version-history":[{"count":2,"href":"https:\/\/sisu.ut.ee\/keeleylesanded\/wp-json\/wp\/v2\/pages\/170\/revisions"}],"predecessor-version":[{"id":2046,"href":"https:\/\/sisu.ut.ee\/keeleylesanded\/wp-json\/wp\/v2\/pages\/170\/revisions\/2046"}],"wp:attachment":[{"href":"https:\/\/sisu.ut.ee\/keeleylesanded\/wp-json\/wp\/v2\/media?parent=170"}],"curies":[{"name":"wp","href":"https:\/\/api.w.org\/{rel}","templated":true}]}}