{"id":160,"date":"2024-04-04T05:03:35","date_gmt":"2024-04-04T02:03:35","guid":{"rendered":"https:\/\/sisu.ut.ee\/keeleylesanded\/kuidas-oige\/"},"modified":"2024-11-29T10:28:49","modified_gmt":"2024-11-29T08:28:49","slug":"kuidas-oige","status":"publish","type":"page","link":"https:\/\/sisu.ut.ee\/keeleylesanded\/kuidas-oige\/","title":{"rendered":"Kuidas on \u00f5ige?"},"content":{"rendered":"<p><strong>Vali \u00f5ige vastus ja kirjuta selle ees olev t\u00e4ht rea l\u00f5ppu joonele<\/strong><\/p>\n<table class=\"table table-hover\" style=\"width: 100%;\" border=\"0\" cellspacing=\"1\" cellpadding=\"1\">\n<tbody>\n<tr>\n<td><strong>1. Paariss\u00f5na\u00a0<em>lasteaed-algkool<\/em>\u00a0sees\u00fctlev k\u00e4\u00e4ne on<\/strong>\n<p>a) lasteaia-algkoolis: b) lasteaed-algkoolis; c) lasteaias-algkoolis.<\/p><\/td>\n<td>____<\/td>\n<\/tr>\n<tr>\n<td><strong>2. \u00dchend\u00a0<em>isikut t\u00f5endav (dokument)\u00a0<\/em>on \u00f5ige kirjutada<\/strong>\n<p>a) kokku; b) lahku; c) nii kokku kui ka lahku.<\/p><\/td>\n<td>___<\/td>\n<\/tr>\n<tr>\n<td><strong>3) Lauses\u00a0<em>Tere, Tiina!\u00a0<\/em>on vaja kasutada koma, sest see on<\/strong>\n<p>a) \u00fcttega lause; b) \u00f6eldiset lause; c) koondlause.<\/p><\/td>\n<td>____<\/td>\n<\/tr>\n<tr>\n<td><strong>4. Tegus\u00f5na\u00a0<em>taotlema<\/em>\u00a0umbisikulise tegumoe oleviku vorm on<\/strong>\n<p>a) taodeldakse; b) taotletakse; c) taodletakse.<\/p><\/td>\n<td>___<\/td>\n<\/tr>\n<tr>\n<td><strong>5. J\u00e4rgmistest s\u00f5nadest on \u00f5igesti kirjutatud<\/strong>\n<p>a) bro\u017e\u00fc\u00fcr; b) effekt; c) kandidaat.<\/p><\/td>\n<td>___<\/td>\n<\/tr>\n<tr>\n<td><strong>6. \u00d5igesti on kirjutatud<\/strong>\n<p>a) inglise keelne; b) ingliskeelne; c) inglisekeelne.<\/p><\/td>\n<td>____<\/td>\n<\/tr>\n<tr>\n<td><strong>7. Eesti riigi raha on\u00a0<\/strong>\n<p>a) Eesti kroon; b) eesti kroon; c) Eesti Kroon.<\/p><\/td>\n<td>____<\/td>\n<\/tr>\n<tr>\n<td><strong>8. \u00d5ige on<\/strong>\n<p>a) ainult vorm\u00a0<em>l\u00f5peb<\/em>; b) ainult vorm\u00a0<em>l\u00f5ppeb<\/em>; c) nii\u00a0<em>l\u00f5peb<\/em>\u00a0kui ka\u00a0<em>l\u00f5ppeb.<\/em><\/p><\/td>\n<td>____<\/td>\n<\/tr>\n<tr>\n<td><strong>9. Nime Tallinn osastav k\u00e4\u00e4ne on<\/strong>\n<p>a) Tallinna; b) Tallinat; c) Tallinnat.<\/p><\/td>\n<td>____<\/td>\n<\/tr>\n<tr>\n<td><strong>10. S\u00f5na\u00a0<em>aktsiaselts\u00a0<\/em>l\u00fchend on\u00a0<\/strong>\n<p>a) a\/s; b) AS; c) A\/s.<\/p><\/td>\n<td>____<\/td>\n<\/tr>\n<tr>\n<td><strong>11. Lause keskel on \u00f5ige kirjutada<\/strong>\n<p>a) Suur reede; b) Suur Reede, c) suur reede.<\/p><\/td>\n<td>____<\/td>\n<\/tr>\n<tr>\n<td><b>12. ETV uudistesaade on<\/b>\n<p>a) \u201cAktuaalne Kaamera\u201d; b) Aktuaalne Kaamera; c) \u201cAktuaalne kaamera\u201d.<\/p><\/td>\n<td>____<\/td>\n<\/tr>\n<tr>\n<td><strong>13. \u00d5ige on<\/strong>\n<p>a) L\u00e4\u00e4nemere \u00e4\u00e4rsed riigid; b) L\u00e4\u00e4nemere-\u00e4\u00e4rsed riigid; c) L\u00e4\u00e4nemere\u00e4\u00e4rsed riigid; d) L\u00e4\u00e4ne mere \u00e4\u00e4rsed riigid.<\/p><\/td>\n<td>___<\/td>\n<\/tr>\n<tr>\n<td><strong>14. \u00d5ige on<\/strong>\n<p>a) kahek\u00fcmneviieaastane; b) kahek\u00fcmne viie aastane; c) 25 aastane.<\/p><\/td>\n<td>____<\/td>\n<\/tr>\n<tr>\n<td><strong>15. S\u00f5na\u00a0<em>\u00a0viis<\/em><\/strong><em>\u00a0<\/em><strong>ainsuse osastav k\u00e4\u00e4ne on\u00a0<\/strong>\n<p>a) viide; b) viite; c) viit.<\/p><\/td>\n<td>____<\/td>\n<\/tr>\n<\/tbody>\n<\/table>\n<p>2006<\/p>\n<p>noorem, keskmine<\/p>\n<p>l\u00f5ppvoor<\/p>\n<p><a href=\"https:\/\/sisu.ut.ee\/keeleylesanded\/kuidas-oige-vastus\/\">Vastus<\/a><\/p>\n","protected":false},"excerpt":{"rendered":"<p>Vali \u00f5ige vastus ja kirjuta selle ees olev t\u00e4ht rea l\u00f5ppu joonele 1. Paariss\u00f5na\u00a0lasteaed-algkool\u00a0sees\u00fctlev k\u00e4\u00e4ne on a) lasteaia-algkoolis: b) lasteaed-algkoolis; c) lasteaias-algkoolis. ____ 2. \u00dchend\u00a0isikut t\u00f5endav (dokument)\u00a0on \u00f5ige kirjutada a) kokku; b) lahku; c) nii kokku kui ka lahku. ___ &#8230;<\/p>\n","protected":false},"author":185,"featured_media":0,"parent":0,"menu_order":0,"comment_status":"closed","ping_status":"closed","template":"","meta":{"_acf_changed":false,"inline_featured_image":false,"footnotes":""},"class_list":["post-160","page","type-page","status-publish","hentry"],"acf":[],"_links":{"self":[{"href":"https:\/\/sisu.ut.ee\/keeleylesanded\/wp-json\/wp\/v2\/pages\/160","targetHints":{"allow":["GET"]}}],"collection":[{"href":"https:\/\/sisu.ut.ee\/keeleylesanded\/wp-json\/wp\/v2\/pages"}],"about":[{"href":"https:\/\/sisu.ut.ee\/keeleylesanded\/wp-json\/wp\/v2\/types\/page"}],"author":[{"embeddable":true,"href":"https:\/\/sisu.ut.ee\/keeleylesanded\/wp-json\/wp\/v2\/users\/185"}],"replies":[{"embeddable":true,"href":"https:\/\/sisu.ut.ee\/keeleylesanded\/wp-json\/wp\/v2\/comments?post=160"}],"version-history":[{"count":2,"href":"https:\/\/sisu.ut.ee\/keeleylesanded\/wp-json\/wp\/v2\/pages\/160\/revisions"}],"predecessor-version":[{"id":1872,"href":"https:\/\/sisu.ut.ee\/keeleylesanded\/wp-json\/wp\/v2\/pages\/160\/revisions\/1872"}],"wp:attachment":[{"href":"https:\/\/sisu.ut.ee\/keeleylesanded\/wp-json\/wp\/v2\/media?parent=160"}],"curies":[{"name":"wp","href":"https:\/\/api.w.org\/{rel}","templated":true}]}}