{"id":159,"date":"2024-04-04T05:03:35","date_gmt":"2024-04-04T02:03:35","guid":{"rendered":"https:\/\/sisu.ut.ee\/keeleylesanded\/vanasonad-vanas-tekstis\/"},"modified":"2024-11-29T13:43:05","modified_gmt":"2024-11-29T11:43:05","slug":"vanasonad-vanas-tekstis","status":"publish","type":"page","link":"https:\/\/sisu.ut.ee\/keeleylesanded\/vanasonad-vanas-tekstis\/","title":{"rendered":"Vanas\u00f5nad vanas tekstis"},"content":{"rendered":"<p><strong>Kirjuta j\u00e4rgmised 18. sajandi alguses kirja pandud vanas\u00f5nad \u00fcmber t\u00e4nap\u00e4eval tuntud kujul<\/strong>.<\/p>\n<p><strong>N\u00e4ide: <em>Kaks kowwa kiwwi te mitte h\u00e4id jahud \u2013 Kaks k\u00f5va kivi ei jahvata head jahu.<\/em><\/strong><\/p>\n<p>Kurri sigga monda wigga.<\/p>\n<p>K\u00fcllap aeg annab katsta.<\/p>\n<p>Kes koera sabba k\u00e4hhitab, kui ta isse ei k\u00e4hhita?<\/p>\n<p>Keik hakkatus raske.<\/p>\n<p>Hea sanna s\u00f6\u00f6b wo\u00f6ra w\u00e4e.<\/p>\n<p>Kelle jalg latsutab, selle suu matsutab.<\/p>\n<p>2014<\/p>\n<p>keskmine<\/p>\n<p>l\u00f5ppvoor<\/p>\n<p><a href=\"https:\/\/sisu.ut.ee\/keeleylesanded\/vanasonad-vanas-tekstis-vastus\/\">Vastus<\/a><\/p>\n","protected":false},"excerpt":{"rendered":"<p>Kirjuta j\u00e4rgmised 18. sajandi alguses kirja pandud vanas\u00f5nad \u00fcmber t\u00e4nap\u00e4eval tuntud kujul. N\u00e4ide: Kaks kowwa kiwwi te mitte h\u00e4id jahud \u2013 Kaks k\u00f5va kivi ei jahvata head jahu. Kurri sigga monda wigga. K\u00fcllap aeg annab katsta. Kes koera sabba k\u00e4hhitab, &#8230;<\/p>\n","protected":false},"author":185,"featured_media":0,"parent":0,"menu_order":0,"comment_status":"closed","ping_status":"closed","template":"","meta":{"_acf_changed":false,"inline_featured_image":false,"footnotes":""},"class_list":["post-159","page","type-page","status-publish","hentry"],"acf":[],"_links":{"self":[{"href":"https:\/\/sisu.ut.ee\/keeleylesanded\/wp-json\/wp\/v2\/pages\/159","targetHints":{"allow":["GET"]}}],"collection":[{"href":"https:\/\/sisu.ut.ee\/keeleylesanded\/wp-json\/wp\/v2\/pages"}],"about":[{"href":"https:\/\/sisu.ut.ee\/keeleylesanded\/wp-json\/wp\/v2\/types\/page"}],"author":[{"embeddable":true,"href":"https:\/\/sisu.ut.ee\/keeleylesanded\/wp-json\/wp\/v2\/users\/185"}],"replies":[{"embeddable":true,"href":"https:\/\/sisu.ut.ee\/keeleylesanded\/wp-json\/wp\/v2\/comments?post=159"}],"version-history":[{"count":2,"href":"https:\/\/sisu.ut.ee\/keeleylesanded\/wp-json\/wp\/v2\/pages\/159\/revisions"}],"predecessor-version":[{"id":2058,"href":"https:\/\/sisu.ut.ee\/keeleylesanded\/wp-json\/wp\/v2\/pages\/159\/revisions\/2058"}],"wp:attachment":[{"href":"https:\/\/sisu.ut.ee\/keeleylesanded\/wp-json\/wp\/v2\/media?parent=159"}],"curies":[{"name":"wp","href":"https:\/\/api.w.org\/{rel}","templated":true}]}}