{"id":154,"date":"2024-04-04T05:03:35","date_gmt":"2024-04-04T02:03:35","guid":{"rendered":"https:\/\/sisu.ut.ee\/keeleylesanded\/liivi-keel-ja-eesti-keel\/"},"modified":"2024-11-29T10:40:14","modified_gmt":"2024-11-29T08:40:14","slug":"liivi-keel-ja-eesti-keel","status":"publish","type":"page","link":"https:\/\/sisu.ut.ee\/keeleylesanded\/liivi-keel-ja-eesti-keel\/","title":{"rendered":"Liivi keel ja eesti keel"},"content":{"rendered":"<p>1. \u00dchenda liivikeelsed laused nende eestikeelsete t\u00f5lgetega.<\/p>\n<table class=\"table table-hover\" style=\"width: 500px;\" border=\"0\" cellspacing=\"1\" cellpadding=\"1\">\n<tbody>\n<tr>\n<td><em>Mi\u2019n tuba u\u2019m kila sidamt\u00f5.<\/em><\/td>\n<td><em>Kalamehed seisavad mere \u00e4\u00e4res.<\/em><\/td>\n<\/tr>\n<tr>\n<td><em>Jema istab mi\u2019n kilgs\u00f5.<\/em><\/td>\n<td><em>Minu maja on k\u00fcla keskel.<\/em><\/td>\n<\/tr>\n<tr>\n<td><em>Kalami\u2019ed pil\u00f5b\u00f5d mie\u2019rnaigas.<\/em><\/td>\n<td><em>Ema istub minu k\u00f5rval.<\/em><\/td>\n<\/tr>\n<\/tbody>\n<\/table>\n<p>2. Leia liivikeelsed vasted eestikeelsetele tagas\u00f5nadele <em>keskel <\/em>ja <em>k\u00f5rval<\/em><br>\nning seleta, milliseid sarnasusi\/erinevusi m\u00e4rkad.<\/p>\n<p>3. Eesti et\u00fcmoloogias\u00f5naraamatus on kirje <em>ai : aia : aia<\/em> \u2018seeliku (v s\u00e4rgi)<br>\n\u00e4\u00e4rispael\u2019. Millise \u00fclaltoodud liivikeelse s\u00f5naga v\u00f5iks <em>ai <\/em>seotud olla?<\/p>\n<p><a href=\"https:\/\/sisu.ut.ee\/keeleylesanded\/liivi-keel-ja-eesti-keel-vastus\/\">Vastus<\/a><\/p>\n","protected":false},"excerpt":{"rendered":"<p>1. \u00dchenda liivikeelsed laused nende eestikeelsete t\u00f5lgetega. Mi\u2019n tuba u\u2019m kila sidamt\u00f5. Kalamehed seisavad mere \u00e4\u00e4res. Jema istab mi\u2019n kilgs\u00f5. Minu maja on k\u00fcla keskel. Kalami\u2019ed pil\u00f5b\u00f5d mie\u2019rnaigas. Ema istub minu k\u00f5rval. 2. Leia liivikeelsed vasted eestikeelsetele tagas\u00f5nadele keskel ja &#8230;<\/p>\n","protected":false},"author":185,"featured_media":0,"parent":0,"menu_order":0,"comment_status":"closed","ping_status":"closed","template":"","meta":{"_acf_changed":false,"inline_featured_image":false,"footnotes":""},"class_list":["post-154","page","type-page","status-publish","hentry"],"acf":[],"_links":{"self":[{"href":"https:\/\/sisu.ut.ee\/keeleylesanded\/wp-json\/wp\/v2\/pages\/154","targetHints":{"allow":["GET"]}}],"collection":[{"href":"https:\/\/sisu.ut.ee\/keeleylesanded\/wp-json\/wp\/v2\/pages"}],"about":[{"href":"https:\/\/sisu.ut.ee\/keeleylesanded\/wp-json\/wp\/v2\/types\/page"}],"author":[{"embeddable":true,"href":"https:\/\/sisu.ut.ee\/keeleylesanded\/wp-json\/wp\/v2\/users\/185"}],"replies":[{"embeddable":true,"href":"https:\/\/sisu.ut.ee\/keeleylesanded\/wp-json\/wp\/v2\/comments?post=154"}],"version-history":[{"count":2,"href":"https:\/\/sisu.ut.ee\/keeleylesanded\/wp-json\/wp\/v2\/pages\/154\/revisions"}],"predecessor-version":[{"id":1886,"href":"https:\/\/sisu.ut.ee\/keeleylesanded\/wp-json\/wp\/v2\/pages\/154\/revisions\/1886"}],"wp:attachment":[{"href":"https:\/\/sisu.ut.ee\/keeleylesanded\/wp-json\/wp\/v2\/media?parent=154"}],"curies":[{"name":"wp","href":"https:\/\/api.w.org\/{rel}","templated":true}]}}