{"id":153,"date":"2024-04-04T05:03:35","date_gmt":"2024-04-04T02:03:35","guid":{"rendered":"https:\/\/sisu.ut.ee\/keeleylesanded\/imelikud-sonad\/"},"modified":"2024-11-28T23:30:27","modified_gmt":"2024-11-28T21:30:27","slug":"imelikud-sonad","status":"publish","type":"page","link":"https:\/\/sisu.ut.ee\/keeleylesanded\/imelikud-sonad\/","title":{"rendered":"Imelikud s\u00f5nad"},"content":{"rendered":"<p style=\"text-align: justify;\"><strong>Aastal 2002 toimus s\u00f5nav\u00f5istlus, et t\u00e4ita l\u00fcnki eestikeelses Euroopa Liidu sonavaras. Otsiti eestikeelseid vasteid kindlate m\u00f5istete t\u00e4histamiseks. H\u00e4id ettepanekuid saabus palju, kuid k\u00f5ik keelehuviliste pakutud s\u00f5nad ei sobinud eesti keelde.<\/strong><\/p>\n<p style=\"text-align: justify;\"><strong>Leia iga s\u00f5na kohta v\u00e4hemalt \u00fcks p\u00f5hjus, miks see ei sobi eesti keelde.<\/strong><\/p>\n<ol>\n<li style=\"text-align: justify;\">vurldimine (s\u00f5na\u00a0<em>globaliseerumine<\/em>\u00a0asemel)<\/li>\n<li style=\"text-align: justify;\">shm\u00e4ssimine (s\u00f5na\u00a0<em>integratsioon<\/em>\u00a0asemel)<\/li>\n<li style=\"text-align: justify;\">eie (s\u00f5na\u00a0<em>nulltolerants<\/em>\u00a0asemel)<\/li>\n<li style=\"text-align: justify;\">suppistumine (s\u00f5na\u00a0<em>globaliseerumine\u00a0<\/em>asemel)<\/li>\n<li style=\"text-align: justify;\">tidelivinks (s\u00f5na ad hoc-<em>komisjon<\/em>\u00a0asemel)<\/li>\n<li style=\"text-align: justify;\">lauslaiamine (s\u00f5na\u00a0<em>globaliseerumine<\/em>\u00a0asemel)<\/li>\n<li style=\"text-align: justify;\">halbseisparandus (s\u00f5na\u00a0<em>kriisikorraldus<\/em>\u00a0asemel)<\/li>\n<li style=\"text-align: justify;\">globimine (s\u00f5na\u00a0<em>globaliseerumine<\/em>\u00a0asemel)<\/li>\n<li style=\"text-align: justify;\">m\u00f5g\u00f5p (s\u00f5na\u00a0<em>globaliseerumine\u00a0<\/em>\u00a0asemel)<\/li>\n<li style=\"text-align: justify;\">pullinull (s\u00f5na\u00a0<em>nulltolerants<\/em>\u00a0asemel)<\/li>\n<\/ol>\n<p style=\"text-align: justify;\">2006<\/p>\n<p style=\"text-align: justify;\">noorem, keskmine<\/p>\n<p style=\"text-align: justify;\">l\u00f5ppvoor<\/p>\n<p><a href=\"https:\/\/sisu.ut.ee\/keeleylesanded\/imelikud-sonad-vastus\/\">Vastus<\/a><\/p>\n","protected":false},"excerpt":{"rendered":"<p>Aastal 2002 toimus s\u00f5nav\u00f5istlus, et t\u00e4ita l\u00fcnki eestikeelses Euroopa Liidu sonavaras. Otsiti eestikeelseid vasteid kindlate m\u00f5istete t\u00e4histamiseks. H\u00e4id ettepanekuid saabus palju, kuid k\u00f5ik keelehuviliste pakutud s\u00f5nad ei sobinud eesti keelde. Leia iga s\u00f5na kohta v\u00e4hemalt \u00fcks p\u00f5hjus, miks see ei &#8230;<\/p>\n","protected":false},"author":185,"featured_media":0,"parent":0,"menu_order":0,"comment_status":"closed","ping_status":"closed","template":"","meta":{"_acf_changed":false,"inline_featured_image":false,"footnotes":""},"class_list":["post-153","page","type-page","status-publish","hentry"],"acf":[],"_links":{"self":[{"href":"https:\/\/sisu.ut.ee\/keeleylesanded\/wp-json\/wp\/v2\/pages\/153","targetHints":{"allow":["GET"]}}],"collection":[{"href":"https:\/\/sisu.ut.ee\/keeleylesanded\/wp-json\/wp\/v2\/pages"}],"about":[{"href":"https:\/\/sisu.ut.ee\/keeleylesanded\/wp-json\/wp\/v2\/types\/page"}],"author":[{"embeddable":true,"href":"https:\/\/sisu.ut.ee\/keeleylesanded\/wp-json\/wp\/v2\/users\/185"}],"replies":[{"embeddable":true,"href":"https:\/\/sisu.ut.ee\/keeleylesanded\/wp-json\/wp\/v2\/comments?post=153"}],"version-history":[{"count":2,"href":"https:\/\/sisu.ut.ee\/keeleylesanded\/wp-json\/wp\/v2\/pages\/153\/revisions"}],"predecessor-version":[{"id":1837,"href":"https:\/\/sisu.ut.ee\/keeleylesanded\/wp-json\/wp\/v2\/pages\/153\/revisions\/1837"}],"wp:attachment":[{"href":"https:\/\/sisu.ut.ee\/keeleylesanded\/wp-json\/wp\/v2\/media?parent=153"}],"curies":[{"name":"wp","href":"https:\/\/api.w.org\/{rel}","templated":true}]}}