{"id":152,"date":"2024-04-04T05:03:35","date_gmt":"2024-04-04T02:03:35","guid":{"rendered":"https:\/\/sisu.ut.ee\/keeleylesanded\/voorsona-tahendus-0\/"},"modified":"2024-11-29T13:50:41","modified_gmt":"2024-11-29T11:50:41","slug":"voorsona-tahendus-0","status":"publish","type":"page","link":"https:\/\/sisu.ut.ee\/keeleylesanded\/voorsona-tahendus-0\/","title":{"rendered":"V\u00f5\u00f5rs\u00f5na t\u00e4hendus (I)"},"content":{"rendered":"<p style=\"margin: 0cm; margin-bottom: .0001pt;\"><span style=\"vertical-align: baseline;\"><b><span style=\"color: black;\">\u00dchenda v\u00f5\u00f5rs\u00f5na sobiva t\u00e4hendusega, kirjutades v\u00f5\u00f5rs\u00f5na ees oleva numbri parempoolses tulbas sobiva t\u00e4henduse ette. T\u00e4ida vajaduse korral l\u00fcnk \u00f5ige t\u00e4hega, et v\u00f5\u00f5rs\u00f5na oleks \u00f5igesti kirjutatud.<\/span><\/b><\/span><\/p>\n<p style=\"margin: 0cm; margin-bottom: .0001pt;\">\n<\/p><table class=\"table table-hover\" style=\"width: 500px;\" border=\"0\" cellspacing=\"1\" cellpadding=\"1\">\n<tbody>\n<tr>\n<td><span style=\"vertical-align: baseline;\"><span style=\"color: black;\">1. e_limineerima <\/span><\/span><\/td>\n<td><span style=\"font-size: 18px;\">\u2751<\/span> <span style=\"vertical-align: baseline;\"><span style=\"color: black;\">keedutainakook<\/span><\/span><\/td>\n<\/tr>\n<tr>\n<td><span style=\"vertical-align: baseline;\"><span style=\"color: black;\">2. prestii_ <\/span><\/span><\/td>\n<td>\u2751 <span style=\"vertical-align: baseline;\"><span style=\"color: black;\">v\u00f5imkond, p\u00e4devus<\/span><\/span><\/td>\n<\/tr>\n<tr>\n<td><span style=\"vertical-align: baseline;\"><span style=\"color: black;\">3. du_likaat <\/span><\/span><\/td>\n<td>\u2751 <span style=\"vertical-align: baseline;\"><span style=\"color: black;\">dokumendi teine eksemplar<\/span><\/span><\/td>\n<\/tr>\n<tr>\n<td><span style=\"vertical-align: baseline;\"><span style=\"color: black;\">4. ekle_r <\/span><\/span><\/td>\n<td>\u2751 <span style=\"vertical-align: baseline;\"><span style=\"color: black;\">kuvand<\/span><\/span><\/td>\n<\/tr>\n<tr>\n<td><span style=\"vertical-align: baseline;\"><span style=\"color: black;\">5. makro_n <\/span><\/span><\/td>\n<td>\u2751 <span style=\"vertical-align: baseline;\"><span style=\"color: black;\">kogu-<\/span><\/span><\/td>\n<\/tr>\n<tr>\n<td><span style=\"vertical-align: baseline;\"><span style=\"color: black;\">6. ima_go <\/span><\/span><\/td>\n<td>\u2751 <span style=\"vertical-align: baseline;\"><span style=\"color: black;\">k\u00f5rvaldama<\/span><\/span><\/td>\n<\/tr>\n<tr>\n<td><span style=\"vertical-align: baseline;\"><span style=\"color: black;\">7. lans_eerima <\/span><\/span><\/td>\n<td>\u2751 <span style=\"vertical-align: baseline;\"><span style=\"color: black;\">\u00fcmmargune mandlik\u00fcpsis<\/span><\/span><\/td>\n<\/tr>\n<tr>\n<td><span style=\"vertical-align: baseline;\"><span style=\"color: black;\">8. al_ianss <\/span><\/span><\/td>\n<td>\u2751 <span style=\"vertical-align: baseline;\"><span style=\"color: black;\">k\u00e4iku panema<\/span><\/span><\/td>\n<\/tr>\n<tr>\n<td><span style=\"vertical-align: baseline;\"><span style=\"color: black;\">9. kompeten_s <\/span><\/span><\/td>\n<td>\u2751 <span style=\"vertical-align: baseline;\"><span style=\"color: black;\">maine<\/span><\/span><\/td>\n<\/tr>\n<tr>\n<td><span style=\"vertical-align: baseline;\"><span style=\"color: black;\">10. brut_o <\/span><\/span><\/td>\n<td>\u2751 <span style=\"vertical-align: baseline;\"><span style=\"color: black;\">\u00fchendus<\/span><\/span><\/td>\n<\/tr>\n<\/tbody>\n<\/table>\n<p style=\"margin: 0cm 0cm 0.0001pt;\">\n<\/p><p style=\"margin: 0cm 0cm 0.0001pt;\">\n<\/p><p style=\"margin: 0cm 0cm 0.0001pt;\">2018<\/p>\n<p style=\"margin: 0cm 0cm 0.0001pt;\">keskmine<\/p>\n<p style=\"margin: 0cm 0cm 0.0001pt;\">piirkonnavoor<\/p>\n<p><a href=\"https:\/\/sisu.ut.ee\/keeleylesanded\/voorsona-tahendus-vastus-0\/\">Vastus<\/a><\/p>\n","protected":false},"excerpt":{"rendered":"<p>\u00dchenda v\u00f5\u00f5rs\u00f5na sobiva t\u00e4hendusega, kirjutades v\u00f5\u00f5rs\u00f5na ees oleva numbri parempoolses tulbas sobiva t\u00e4henduse ette. T\u00e4ida vajaduse korral l\u00fcnk \u00f5ige t\u00e4hega, et v\u00f5\u00f5rs\u00f5na oleks \u00f5igesti kirjutatud. 1. e_limineerima \u2751 keedutainakook 2. prestii_ \u2751 v\u00f5imkond, p\u00e4devus 3. du_likaat \u2751 dokumendi teine eksemplar &#8230;<\/p>\n","protected":false},"author":185,"featured_media":0,"parent":0,"menu_order":0,"comment_status":"closed","ping_status":"closed","template":"","meta":{"_acf_changed":false,"inline_featured_image":false,"footnotes":""},"class_list":["post-152","page","type-page","status-publish","hentry"],"acf":[],"_links":{"self":[{"href":"https:\/\/sisu.ut.ee\/keeleylesanded\/wp-json\/wp\/v2\/pages\/152","targetHints":{"allow":["GET"]}}],"collection":[{"href":"https:\/\/sisu.ut.ee\/keeleylesanded\/wp-json\/wp\/v2\/pages"}],"about":[{"href":"https:\/\/sisu.ut.ee\/keeleylesanded\/wp-json\/wp\/v2\/types\/page"}],"author":[{"embeddable":true,"href":"https:\/\/sisu.ut.ee\/keeleylesanded\/wp-json\/wp\/v2\/users\/185"}],"replies":[{"embeddable":true,"href":"https:\/\/sisu.ut.ee\/keeleylesanded\/wp-json\/wp\/v2\/comments?post=152"}],"version-history":[{"count":2,"href":"https:\/\/sisu.ut.ee\/keeleylesanded\/wp-json\/wp\/v2\/pages\/152\/revisions"}],"predecessor-version":[{"id":2071,"href":"https:\/\/sisu.ut.ee\/keeleylesanded\/wp-json\/wp\/v2\/pages\/152\/revisions\/2071"}],"wp:attachment":[{"href":"https:\/\/sisu.ut.ee\/keeleylesanded\/wp-json\/wp\/v2\/media?parent=152"}],"curies":[{"name":"wp","href":"https:\/\/api.w.org\/{rel}","templated":true}]}}