{"id":15,"date":"2024-04-04T05:03:22","date_gmt":"2024-04-04T02:03:22","guid":{"rendered":"https:\/\/sisu.ut.ee\/keeleylesanded\/vigane-malemangukuulutus-0\/"},"modified":"2024-11-29T13:46:05","modified_gmt":"2024-11-29T11:46:05","slug":"vigane-malemangukuulutus-0","status":"publish","type":"page","link":"https:\/\/sisu.ut.ee\/keeleylesanded\/vigane-malemangukuulutus-0\/","title":{"rendered":"Vigane malem\u00e4ngukuulutus"},"content":{"rendered":"<p><em><b>Leia tekstist \u00f5igekirja- ja vormivead ning tee parandused teksti.<\/b><\/em><\/p>\n<p><b>Tere males\u00f5ber,<\/b><\/p>\n<p><b>ootame k\u00f5iki \u00f5pilasi intelektuaalsesse seltskonda, et \u00fchiselt malet \u00f5ppida. Saame kokku igal Neljap\u00e4eval kell 16.00\u201317.00 kooli Raamatukogus. Esimene kohtumine on 28 jaanuaril 2010.<\/b><\/p>\n<p><b>8b malef\u00e4nnid<\/b><\/p>\n<p><b>MALE <\/b>\u2013 selle strategilise laua m\u00e4ngu v\u00f5lu peitub kunsti, spordi ja teaduse elementide \u00fchendamises. Male on alguse saanud 6 sajandi paiku indiast ning levinud sealt Euroopasse ja Ida poole Jaapanisse.<\/p>\n<p>Malem\u00e4ngu mida m\u00e4ngitakse 64 ruuduga vahelduvate v\u00e4rvidega m\u00e4ngu laual kus kumbki m\u00e4ngija saab 16 malendit kasutades n\u00e4idata oma v\u00e4hejuhi oskust teeb p\u00f5nevaks eesm\u00e4rk \u2013 mattistada vastase kuningas.<\/p>\n<p>M\u00e4ngu eesti keelse nimetuse kohta on Ado Grenzstein selgituseks kirjutanud nii S\u00f5na <i>male<\/i> tuleb s\u00f5nast <i>maleva<\/i>, millega eestlased ennemuiste oma s\u00f5jav\u00e4ge t\u00e4hendasivad.<\/p>\n<p>Eesti k\u00f5ige parim maletaja oli Paul Keres, kes neli korda j\u00e4rjest tuli Maailmameistri pretententide turniiril teiseks.<\/p>\n<p>2010<\/p>\n<p>noorem<\/p>\n<p>piirkonnavoor<\/p>\n<p><a href=\"https:\/\/sisu.ut.ee\/keeleylesanded\/vigane-malemangukuulutus-vastus-0\/\">Vastus<\/a><\/p>\n","protected":false},"excerpt":{"rendered":"<p>Leia tekstist \u00f5igekirja- ja vormivead ning tee parandused teksti. Tere males\u00f5ber, ootame k\u00f5iki \u00f5pilasi intelektuaalsesse seltskonda, et \u00fchiselt malet \u00f5ppida. Saame kokku igal Neljap\u00e4eval kell 16.00\u201317.00 kooli Raamatukogus. Esimene kohtumine on 28 jaanuaril 2010. 8b malef\u00e4nnid MALE \u2013 selle strategilise &#8230;<\/p>\n","protected":false},"author":185,"featured_media":0,"parent":0,"menu_order":0,"comment_status":"closed","ping_status":"closed","template":"","meta":{"_acf_changed":false,"inline_featured_image":false,"footnotes":""},"class_list":["post-15","page","type-page","status-publish","hentry"],"acf":[],"_links":{"self":[{"href":"https:\/\/sisu.ut.ee\/keeleylesanded\/wp-json\/wp\/v2\/pages\/15","targetHints":{"allow":["GET"]}}],"collection":[{"href":"https:\/\/sisu.ut.ee\/keeleylesanded\/wp-json\/wp\/v2\/pages"}],"about":[{"href":"https:\/\/sisu.ut.ee\/keeleylesanded\/wp-json\/wp\/v2\/types\/page"}],"author":[{"embeddable":true,"href":"https:\/\/sisu.ut.ee\/keeleylesanded\/wp-json\/wp\/v2\/users\/185"}],"replies":[{"embeddable":true,"href":"https:\/\/sisu.ut.ee\/keeleylesanded\/wp-json\/wp\/v2\/comments?post=15"}],"version-history":[{"count":2,"href":"https:\/\/sisu.ut.ee\/keeleylesanded\/wp-json\/wp\/v2\/pages\/15\/revisions"}],"predecessor-version":[{"id":2063,"href":"https:\/\/sisu.ut.ee\/keeleylesanded\/wp-json\/wp\/v2\/pages\/15\/revisions\/2063"}],"wp:attachment":[{"href":"https:\/\/sisu.ut.ee\/keeleylesanded\/wp-json\/wp\/v2\/media?parent=15"}],"curies":[{"name":"wp","href":"https:\/\/api.w.org\/{rel}","templated":true}]}}