{"id":147,"date":"2024-04-04T05:03:34","date_gmt":"2024-04-04T02:03:34","guid":{"rendered":"https:\/\/sisu.ut.ee\/keeleylesanded\/arvude-ja-numbrite-oigekiri-0\/"},"modified":"2024-11-28T15:02:27","modified_gmt":"2024-11-28T13:02:27","slug":"arvude-ja-numbrite-oigekiri-0","status":"publish","type":"page","link":"https:\/\/sisu.ut.ee\/keeleylesanded\/arvude-ja-numbrite-oigekiri-0\/","title":{"rendered":"Arvude ja numbrite \u00f5igekiri"},"content":{"rendered":"<p style=\"margin-bottom: .0001pt;\"><span style=\"line-height: normal;\"><b><span lang=\"FI\"><span style=\"color: black;\">Paranda arvude ja numbrite \u00f5igekirjutuse vead. <\/span><\/span><\/b><b><span lang=\"EN-US\"><span style=\"color: black;\">Kirjuta punktiirjoonele ainult \u00f5ige keelend, mitte terve lause. NB! Igas lauses viga ei olegi.<\/span><\/span><\/b><\/span><\/p>\n<p style=\"margin-bottom: .0001pt;\">\n<\/p><p style=\"margin-bottom: .0001pt;\"><span style=\"line-height: normal;\"><span lang=\"FI\"><span style=\"color: black;\">2. jaanuari seisuga \u00f5pib IX. klassides 76 \u00f5pilast.<\/span><\/span><\/span><\/p>\n<p style=\"margin-bottom: .0001pt;\">\n<\/p><p style=\"margin-bottom: .0001pt;\"><span style=\"line-height: normal;\"><span lang=\"EN-US\"><span style=\"color: black;\">\u2026\u2026\u2026\u2026\u2026\u2026\u2026\u2026\u2026\u2026\u2026\u2026\u2026\u2026.\u2026\u2026\u2026\u2026<\/span><\/span><\/span><\/p>\n<p style=\"margin-bottom: .0001pt;\">\n<\/p><p style=\"margin-bottom: .0001pt;\"><span style=\"line-height: normal;\"><span lang=\"EN-US\"><span style=\"color: black;\">Palju \u00f5nne, olete selle FB-grupi 5000-s liige.<\/span><\/span><\/span><\/p>\n<p style=\"margin-bottom: .0001pt;\">\n<\/p><p style=\"margin-bottom: .0001pt;\"><span style=\"line-height: normal;\"><span lang=\"EN-US\"><span style=\"color: black;\">\u2026\u2026\u2026\u2026\u2026\u2026\u2026\u2026\u2026\u2026\u2026\u2026\u2026\u2026.\u2026\u2026\u2026\u2026<\/span><\/span><\/span><\/p>\n<p style=\"margin-bottom: 12.0pt;\">\n<\/p><p style=\"margin-bottom: .0001pt;\"><span style=\"line-height: normal;\"><span lang=\"EN-US\"><span style=\"color: black;\">Soovin \u00fc\u00fcrida 1-he toalist korterit.<\/span><\/span><\/span><\/p>\n<p style=\"margin-bottom: .0001pt;\">\n<\/p><p style=\"margin-bottom: .0001pt;\"><span style=\"line-height: normal;\"><span lang=\"EN-US\"><span style=\"color: black;\">\u2026\u2026\u2026\u2026\u2026\u2026\u2026\u2026\u2026\u2026\u2026\u2026\u2026\u2026.\u2026\u2026\u2026\u2026<\/span><\/span><\/span><\/p>\n<p style=\"margin-bottom: .0001pt;\">\n<\/p><p style=\"margin-bottom: .0001pt;\"><span style=\"line-height: normal;\"><span lang=\"FI\"><span style=\"color: black;\">Kristjan Ilvese v\u00f5istlus eba\u00f5nnestus ja ta tuli 43ndaks.<\/span><\/span><\/span><\/p>\n<p style=\"margin-bottom: .0001pt;\">\n<\/p><p style=\"margin-bottom: .0001pt;\"><span style=\"line-height: normal;\"><span lang=\"EN-US\"><span style=\"color: black;\">\u2026\u2026\u2026\u2026\u2026\u2026\u2026\u2026\u2026\u2026\u2026\u2026\u2026\u2026.\u2026\u2026\u2026\u2026<\/span><\/span><\/span><\/p>\n<p style=\"margin-bottom: .0001pt;\">\n<\/p><p style=\"margin-bottom: .0001pt;\"><span style=\"line-height: normal;\"><span lang=\"EN-US\"><span style=\"color: black;\">Tabelis 4A on esitatud detsembris laekunud summad.<\/span><\/span><\/span><\/p>\n<p style=\"margin-bottom: .0001pt;\">\n<\/p><p style=\"margin-bottom: .0001pt;\"><span style=\"line-height: normal;\"><span lang=\"EN-US\"><span style=\"color: black;\">\u2026\u2026\u2026\u2026\u2026\u2026\u2026\u2026\u2026\u2026\u2026\u2026\u2026\u2026.\u2026\u2026\u2026\u2026<\/span><\/span><\/span><\/p>\n<p style=\"margin-bottom: .0001pt;\">\n<\/p><p style=\"margin-bottom: .0001pt;\"><span style=\"line-height: normal;\"><span lang=\"FI\"><span style=\"color: black;\">Vastasin aasta viimasel p\u00e4eval juba 3000-le p\u00f6\u00f6rdumisele (mullu ainult 2132 p\u00f6\u00f6rdumist) toodete ja teenuste madala kvaliteedi p\u00e4rast.<\/span><\/span><\/span><\/p>\n<p style=\"margin-bottom: .0001pt;\">\n<\/p><p style=\"margin-bottom: .0001pt;\"><span style=\"line-height: normal;\"><span lang=\"EN-US\"><span style=\"color: black;\">\u2026\u2026\u2026\u2026\u2026\u2026\u2026\u2026\u2026\u2026\u2026\u2026\u2026\u2026.\u2026\u2026\u2026\u2026<\/span><\/span><\/span><\/p>\n<p style=\"margin-bottom: .0001pt;\">\n<\/p><p style=\"margin-bottom: .0001pt;\"><span style=\"line-height: normal;\"><span lang=\"EN-US\"><span style=\"color: black;\">S\u00f5pruse sild sai valmis 1980ndal aastal.<\/span><\/span><\/span><\/p>\n<p style=\"margin-bottom: .0001pt;\">\n<\/p><p style=\"margin-bottom: .0001pt;\"><span style=\"line-height: normal;\"><span lang=\"EN-US\"><span style=\"color: black;\">\u2026\u2026\u2026\u2026\u2026\u2026\u2026\u2026\u2026\u2026\u2026\u2026\u2026\u2026.\u2026\u2026\u2026\u2026<\/span><\/span><\/span><\/p>\n<p style=\"margin-bottom: .0001pt;\">\n<\/p><p style=\"margin-bottom: .0001pt;\"><span style=\"line-height: normal;\"><span lang=\"FI\"><span style=\"color: black;\">Riigikogus k\u00e4sitleti valimis\u00f5iguse vanusepiiri langetamist 16. eluaastale.<\/span><\/span><\/span><\/p>\n<p style=\"margin-bottom: .0001pt;\">\n<\/p><p style=\"margin-bottom: .0001pt;\"><span style=\"line-height: normal;\"><span lang=\"EN-US\"><span style=\"color: black;\">\u2026\u2026\u2026\u2026\u2026\u2026\u2026\u2026\u2026\u2026\u2026\u2026\u2026\u2026.\u2026\u2026\u2026\u2026<\/span><\/span><\/span><\/p>\n<p style=\"margin-bottom: .0001pt;\">\n<\/p><p style=\"margin-bottom: .0001pt;\"><span style=\"line-height: normal;\"><span lang=\"EN-US\"><span style=\"color: black;\">Kooli 120.-nda aastap\u00e4eva pidustused kestsid terve oktoobrikuu.<\/span><\/span><\/span><\/p>\n<p style=\"margin-bottom: .0001pt;\">\n<\/p><p style=\"margin-bottom: .0001pt;\"><span style=\"line-height: normal;\"><span lang=\"EN-US\"><span style=\"color: black;\">\u2026\u2026\u2026\u2026\u2026\u2026\u2026\u2026\u2026\u2026\u2026\u2026\u2026\u2026.\u2026\u2026\u2026\u2026<\/span><\/span><\/span><\/p>\n<p style=\"margin-bottom: .0001pt;\">\n<\/p><p style=\"margin-bottom: .0001pt;\"><span style=\"line-height: normal;\"><span lang=\"EN-US\"><span style=\"color: black;\">Alates aastast 2018 on igas kortermajas korteri\u00fchistu kohustuslik.<\/span><\/span><\/span><\/p>\n<p style=\"margin-bottom: .0001pt;\">\n<\/p><p style=\"margin-bottom: .0001pt;\"><span style=\"line-height: normal;\"><span lang=\"EN-US\"><span style=\"color: black;\">\u2026\u2026\u2026\u2026\u2026\u2026\u2026\u2026\u2026\u2026\u2026\u2026\u2026\u2026\u2026\u2026\u2026\u2026.<\/span><\/span><\/span><\/p>\n<p style=\"margin-bottom: .0001pt;\"><span style=\"line-height: normal;\">\u00a0<\/span><\/p>\n<p style=\"margin-bottom: .0001pt;\"><span style=\"line-height: normal;\"><span lang=\"FI\"><span style=\"background: white;\"><span style=\"color: black;\">7.b klass viibib klassiekskursioonil L\u00e4tis 10\u201311. maini.<\/span><\/span><\/span><\/span><\/p>\n<p><a href=\"https:\/\/sisu.ut.ee\/keeleylesanded\/arvude-ja-numbrite-oigekiri-vastus\/\">Vastus<\/a><\/p>\n","protected":false},"excerpt":{"rendered":"<p>Paranda arvude ja numbrite \u00f5igekirjutuse vead. Kirjuta punktiirjoonele ainult \u00f5ige keelend, mitte terve lause. NB! Igas lauses viga ei olegi. 2. jaanuari seisuga \u00f5pib IX. klassides 76 \u00f5pilast. \u2026\u2026\u2026\u2026\u2026\u2026\u2026\u2026\u2026\u2026\u2026\u2026\u2026\u2026.\u2026\u2026\u2026\u2026 Palju \u00f5nne, olete selle FB-grupi 5000-s liige. \u2026\u2026\u2026\u2026\u2026\u2026\u2026\u2026\u2026\u2026\u2026\u2026\u2026\u2026.\u2026\u2026\u2026\u2026 Soovin \u00fc\u00fcrida 1-he &#8230;<\/p>\n","protected":false},"author":185,"featured_media":0,"parent":0,"menu_order":0,"comment_status":"closed","ping_status":"closed","template":"","meta":{"_acf_changed":false,"inline_featured_image":false,"footnotes":""},"class_list":["post-147","page","type-page","status-publish","hentry"],"acf":[],"_links":{"self":[{"href":"https:\/\/sisu.ut.ee\/keeleylesanded\/wp-json\/wp\/v2\/pages\/147","targetHints":{"allow":["GET"]}}],"collection":[{"href":"https:\/\/sisu.ut.ee\/keeleylesanded\/wp-json\/wp\/v2\/pages"}],"about":[{"href":"https:\/\/sisu.ut.ee\/keeleylesanded\/wp-json\/wp\/v2\/types\/page"}],"author":[{"embeddable":true,"href":"https:\/\/sisu.ut.ee\/keeleylesanded\/wp-json\/wp\/v2\/users\/185"}],"replies":[{"embeddable":true,"href":"https:\/\/sisu.ut.ee\/keeleylesanded\/wp-json\/wp\/v2\/comments?post=147"}],"version-history":[{"count":2,"href":"https:\/\/sisu.ut.ee\/keeleylesanded\/wp-json\/wp\/v2\/pages\/147\/revisions"}],"predecessor-version":[{"id":1794,"href":"https:\/\/sisu.ut.ee\/keeleylesanded\/wp-json\/wp\/v2\/pages\/147\/revisions\/1794"}],"wp:attachment":[{"href":"https:\/\/sisu.ut.ee\/keeleylesanded\/wp-json\/wp\/v2\/media?parent=147"}],"curies":[{"name":"wp","href":"https:\/\/api.w.org\/{rel}","templated":true}]}}