{"id":142,"date":"2024-04-04T05:03:34","date_gmt":"2024-04-04T02:03:34","guid":{"rendered":"https:\/\/sisu.ut.ee\/keeleylesanded\/voorkeelsete-sonade-vasted-i\/"},"modified":"2024-11-29T13:48:33","modified_gmt":"2024-11-29T11:48:33","slug":"voorkeelsete-sonade-vasted-i","status":"publish","type":"page","link":"https:\/\/sisu.ut.ee\/keeleylesanded\/voorkeelsete-sonade-vasted-i\/","title":{"rendered":"V\u00f5\u00f5rkeelsete s\u00f5nade vasted (I)"},"content":{"rendered":"<p style=\"text-align: justify;\"><strong>Sobita v\u00f5\u00f5rkeelsed s\u00f5nad ja nende eestikeelsed vasted. Kirjuta \u00f5ige j\u00e4rjekorranumber parempoolse tulba s\u00f5nade ette.<\/strong><\/p>\n<p style=\"text-align: justify;\">\n<\/p><table class=\"table table-hover\" style=\"width: 100%;\" border=\"0\" cellspacing=\"1\" cellpadding=\"1\">\n<tbody>\n<tr>\n<td>1.\u00a0<em>know-how<\/em><\/td>\n<td>\u00a0___ lumelauas\u00f5it<\/td>\n<\/tr>\n<tr>\n<td>2.\u00a0<em>action<\/em>-film<\/td>\n<td>___ k\u00fcljendus<\/td>\n<\/tr>\n<tr>\n<td>3.\u00a0<em>snowtubing<\/em><\/td>\n<td>___ harrastuskeegel<\/td>\n<\/tr>\n<tr>\n<td>4.\u00a0<em>paintball<\/em><\/td>\n<td>___ seinatennis<\/td>\n<\/tr>\n<tr>\n<td>5.\u00a0<em>yuppie<\/em><\/td>\n<td>___ l\u00f6\u00f6kkuulim\u00e4ng<\/td>\n<\/tr>\n<tr>\n<td>6.\u00a0<em>snowboarding<\/em><\/td>\n<td>___ lumer\u00f5ngas\u00f5it<\/td>\n<\/tr>\n<tr>\n<td>7.\u00a0<em>bowling<\/em><\/td>\n<td>___ reklaamlause<\/td>\n<\/tr>\n<tr>\n<td>8.\u00a0<em>thriller<\/em><\/td>\n<td>___ pintsaklipslane<\/td>\n<\/tr>\n<tr>\n<td>9.\u00a0<em>attachment<\/em><\/td>\n<td>___ p\u00f5nevusfilm<\/td>\n<\/tr>\n<tr>\n<td>10.\u00a0<em>layout<\/em><\/td>\n<td>___ manus<\/td>\n<\/tr>\n<tr>\n<td>11.\u00a0<em>slogan<\/em><\/td>\n<td>___ m\u00e4rulifilm<\/td>\n<\/tr>\n<tr>\n<td>12.\u00a0<em>pinball<\/em><\/td>\n<td>___ uurimistoetus<\/td>\n<\/tr>\n<tr>\n<td>13.\u00a0<em>grant<\/em><\/td>\n<td>___ k\u00fcngaslaskumine<\/td>\n<\/tr>\n<tr>\n<td>14.\u00a0<em>squash<\/em><\/td>\n<td>___ oskusteave<\/td>\n<\/tr>\n<tr>\n<td>15.\u00a0<em>mogul<\/em><\/td>\n<td>___ v\u00e4rvis\u00f5da<\/td>\n<\/tr>\n<\/tbody>\n<\/table>\n<p>2006<\/p>\n<p>noorem<\/p>\n<p>l\u00f5ppvoor<\/p>\n<p><a href=\"https:\/\/sisu.ut.ee\/keeleylesanded\/voorkeelsete-sonade-vasted-i-vastus\/\">Vastus<\/a><\/p>\n","protected":false},"excerpt":{"rendered":"<p>Sobita v\u00f5\u00f5rkeelsed s\u00f5nad ja nende eestikeelsed vasted. Kirjuta \u00f5ige j\u00e4rjekorranumber parempoolse tulba s\u00f5nade ette. 1.\u00a0know-how \u00a0___ lumelauas\u00f5it 2.\u00a0action-film ___ k\u00fcljendus 3.\u00a0snowtubing ___ harrastuskeegel 4.\u00a0paintball ___ seinatennis 5.\u00a0yuppie ___ l\u00f6\u00f6kkuulim\u00e4ng 6.\u00a0snowboarding ___ lumer\u00f5ngas\u00f5it 7.\u00a0bowling ___ reklaamlause 8.\u00a0thriller ___ pintsaklipslane 9.\u00a0attachment ___ &#8230;<\/p>\n","protected":false},"author":185,"featured_media":0,"parent":0,"menu_order":0,"comment_status":"closed","ping_status":"closed","template":"","meta":{"_acf_changed":false,"inline_featured_image":false,"footnotes":""},"class_list":["post-142","page","type-page","status-publish","hentry"],"acf":[],"_links":{"self":[{"href":"https:\/\/sisu.ut.ee\/keeleylesanded\/wp-json\/wp\/v2\/pages\/142","targetHints":{"allow":["GET"]}}],"collection":[{"href":"https:\/\/sisu.ut.ee\/keeleylesanded\/wp-json\/wp\/v2\/pages"}],"about":[{"href":"https:\/\/sisu.ut.ee\/keeleylesanded\/wp-json\/wp\/v2\/types\/page"}],"author":[{"embeddable":true,"href":"https:\/\/sisu.ut.ee\/keeleylesanded\/wp-json\/wp\/v2\/users\/185"}],"replies":[{"embeddable":true,"href":"https:\/\/sisu.ut.ee\/keeleylesanded\/wp-json\/wp\/v2\/comments?post=142"}],"version-history":[{"count":2,"href":"https:\/\/sisu.ut.ee\/keeleylesanded\/wp-json\/wp\/v2\/pages\/142\/revisions"}],"predecessor-version":[{"id":2067,"href":"https:\/\/sisu.ut.ee\/keeleylesanded\/wp-json\/wp\/v2\/pages\/142\/revisions\/2067"}],"wp:attachment":[{"href":"https:\/\/sisu.ut.ee\/keeleylesanded\/wp-json\/wp\/v2\/media?parent=142"}],"curies":[{"name":"wp","href":"https:\/\/api.w.org\/{rel}","templated":true}]}}