{"id":141,"date":"2024-04-04T05:03:34","date_gmt":"2024-04-04T02:03:34","guid":{"rendered":"https:\/\/sisu.ut.ee\/keeleylesanded\/murdetekstid-0\/"},"modified":"2024-11-29T10:49:06","modified_gmt":"2024-11-29T08:49:06","slug":"murdetekstid-0","status":"publish","type":"page","link":"https:\/\/sisu.ut.ee\/keeleylesanded\/murdetekstid-0\/","title":{"rendered":"Murdetekstid"},"content":{"rendered":"<p><b>Valige l\u00fcnka sobiv s\u00f5na. Kas tekstid p\u00e4rinevad Mulgi, saarte v\u00f5i Tartu murdealalt? T\u00f5lkige tekstid kirjakeelde.<\/b><\/p>\n<p>1.<\/p>\n<p>Rugine leib oli \u2026\u2026\u2026\u2026\u2026\u2026\u2026 sehes `apnemas. Ommiku `s\u00f5tkusid uiesti `\u00fcmber. Leevas `sisse sai `\u00f6uni `pandud vei \u00e4pusid `kaapsud. `S\u00f6uke puu- \u2026\u2026\u2026\u2026\u2026\u2026\u2026\u2026\u2026\u2026 oli, vars `j\u00e4rges ka. Siis sai \u2026\u2026\u2026\u2026\u2026\u2026\u2026\u2026\u2026\u2026. `ahju `pandud. \u2026\u2026\u2026\u2026\u2026\u2026\u2026\u2026\u2026\u2026. `pandi keige ede ahju suu `peele. Kellu `j\u00e4rgi oli kaks `tundi `ahjus. P\u00fchade `aegus `tehti piilirugist `leiba.<\/p>\n<p>Tekst p\u00e4rineb \u2026\u2026\u2026\u2026\u2026\u2026\u2026. murdealalt.<\/p>\n<p><b>T\u00f5lge:<\/b><\/p>\n<p><b>2.<\/b><\/p>\n<p>No aga toda kodutul\u00f5kit, toda `uuts\u00f5t `\u00f5kva nigu aina `aigu ood\u00f5tass \u2026\u2026\u2026\u2026\u2026\u2026.. pilve alt. Mitu kord olli m\u00f5\u00f5detu joba vari \u00e4r\u00e4, iks olli pikk. Mitu kord olli `loetu tsia \u00e4r\u00e4, k\u00e4en omma k\u00f5ik. No kui tsikuga kodu sait, siss olli jala `valla v\u00f5tmine. Nuu tsuvva \u2026\u2026\u2026\u2026\u2026\u2026\u2026 olliva vahel `kiirdu l\u00e4nn\u00fcv\u00e4. Tulli \u2026\u2026\u2026\u2026\u2026\u2026\u2026\u2026 `v\u00e4ll\u00e4 `v\u00f5tta ja \u2026\u2026\u2026\u2026\u2026\u2026\u2026\u2026 `katski t\u00f5mmata, et ennembi jalast \u00e4r\u00e4 saava.<\/p>\n<p>Tekst p\u00e4rineb \u2026\u2026\u2026\u2026\u2026\u2026\u2026. murdealalt.<\/p>\n<p><b>T\u00f5lge:<\/b><\/p>\n<p><u>NB! M\u00e4rk ` t\u00e4histab komandav\u00e4ltelist s\u00f5na.<\/u><\/p>\n<p><i>S\u00f5nad valikuks:\u00a0<\/i><b><i>p\u00e4iv\u00e4, kabel, kiha, lasn, raabikakk, kabla, v\u00e4its, lasnaga<\/i><\/b><\/p>\n<p><i>2008<\/i><\/p>\n<p>keskmine, noorem<\/p>\n<p>l\u00f5ppvoor<\/p>\n<p><a href=\"https:\/\/sisu.ut.ee\/keeleylesanded\/murdetekstid-vastus\/\">Vastus<\/a><\/p>\n","protected":false},"excerpt":{"rendered":"<p>Valige l\u00fcnka sobiv s\u00f5na. Kas tekstid p\u00e4rinevad Mulgi, saarte v\u00f5i Tartu murdealalt? T\u00f5lkige tekstid kirjakeelde. 1. Rugine leib oli \u2026\u2026\u2026\u2026\u2026\u2026\u2026 sehes `apnemas. Ommiku `s\u00f5tkusid uiesti `\u00fcmber. Leevas `sisse sai `\u00f6uni `pandud vei \u00e4pusid `kaapsud. `S\u00f6uke puu- \u2026\u2026\u2026\u2026\u2026\u2026\u2026\u2026\u2026\u2026 oli, vars `j\u00e4rges &#8230;<\/p>\n","protected":false},"author":185,"featured_media":0,"parent":0,"menu_order":0,"comment_status":"closed","ping_status":"closed","template":"","meta":{"_acf_changed":false,"inline_featured_image":false,"footnotes":""},"class_list":["post-141","page","type-page","status-publish","hentry"],"acf":[],"_links":{"self":[{"href":"https:\/\/sisu.ut.ee\/keeleylesanded\/wp-json\/wp\/v2\/pages\/141","targetHints":{"allow":["GET"]}}],"collection":[{"href":"https:\/\/sisu.ut.ee\/keeleylesanded\/wp-json\/wp\/v2\/pages"}],"about":[{"href":"https:\/\/sisu.ut.ee\/keeleylesanded\/wp-json\/wp\/v2\/types\/page"}],"author":[{"embeddable":true,"href":"https:\/\/sisu.ut.ee\/keeleylesanded\/wp-json\/wp\/v2\/users\/185"}],"replies":[{"embeddable":true,"href":"https:\/\/sisu.ut.ee\/keeleylesanded\/wp-json\/wp\/v2\/comments?post=141"}],"version-history":[{"count":2,"href":"https:\/\/sisu.ut.ee\/keeleylesanded\/wp-json\/wp\/v2\/pages\/141\/revisions"}],"predecessor-version":[{"id":1899,"href":"https:\/\/sisu.ut.ee\/keeleylesanded\/wp-json\/wp\/v2\/pages\/141\/revisions\/1899"}],"wp:attachment":[{"href":"https:\/\/sisu.ut.ee\/keeleylesanded\/wp-json\/wp\/v2\/media?parent=141"}],"curies":[{"name":"wp","href":"https:\/\/api.w.org\/{rel}","templated":true}]}}