{"id":137,"date":"2024-04-04T05:03:33","date_gmt":"2024-04-04T02:03:33","guid":{"rendered":"https:\/\/sisu.ut.ee\/keeleylesanded\/segiaetud-voorsonad-i\/"},"modified":"2024-11-29T12:22:02","modified_gmt":"2024-11-29T10:22:02","slug":"segiaetud-voorsonad-i","status":"publish","type":"page","link":"https:\/\/sisu.ut.ee\/keeleylesanded\/segiaetud-voorsonad-i\/","title":{"rendered":"Segiaetud v\u00f5\u00f5rs\u00f5nad (I)"},"content":{"rendered":"<p style=\"text-align: justify;\"><b>Moodusta segi aetud t\u00e4htedest sulgudes antud t\u00e4hendusega v\u00f5\u00f5rs\u00f5na ja lisa selle anton\u00fc\u00fcm.<\/b><\/p>\n<table class=\"table table-hover\" style=\"width: 100%;\" border=\"0\" cellspacing=\"1\" cellpadding=\"1\">\n<tbody>\n<tr>\n<td>tiklismipot<\/td>\n<td>(elur\u00f5\u00f5mus)<\/td>\n<td>\u2026\u2026\u2026\u2026\u2026\u2026\u2026\u2026\u2026\u2026\u2026\u2026\u2026<\/td>\n<td>\u2026\u2026\u2026\u2026\u2026\u2026\u2026\u2026\u2026\u2026\u2026\u2026\u2026<\/td>\n<\/tr>\n<tr>\n<td>ronihomaa<\/td>\n<td>(koosk\u00f5la)<\/td>\n<td>\u2026\u2026\u2026\u2026\u2026\u2026\u2026\u2026\u2026\u2026\u2026\u2026\u2026<\/td>\n<td>\u2026\u2026\u2026\u2026\u2026\u2026\u2026\u2026\u2026\u2026\u2026\u2026\u2026<\/td>\n<\/tr>\n<tr>\n<td>tikudovirpne<\/td>\n<td>(viljakas)<\/td>\n<td>\u2026\u2026\u2026\u2026\u2026\u2026\u2026\u2026\u2026\u2026\u2026\u2026\u2026<\/td>\n<td>\u2026\u2026\u2026\u2026\u2026\u2026\u2026\u2026\u2026\u2026\u2026\u2026\u2026<\/td>\n<\/tr>\n<tr>\n<td>ligonoile<\/td>\n<td>(m\u00f5istusp\u00e4rane)<\/td>\n<td>\u2026\u2026\u2026\u2026\u2026\u2026\u2026\u2026\u2026\u2026\u2026\u2026\u2026<\/td>\n<td>\u2026\u2026\u2026\u2026\u2026\u2026\u2026\u2026\u2026\u2026\u2026\u2026\u2026<\/td>\n<\/tr>\n<tr>\n<td>tipaatinaa<\/td>\n<td>(vastumeelsus)<\/td>\n<td>\u2026\u2026\u2026\u2026\u2026\u2026\u2026\u2026\u2026\u2026\u2026\u2026\u2026<\/td>\n<td>\u2026\u2026\u2026\u2026\u2026\u2026\u2026\u2026\u2026\u2026\u2026\u2026\u2026<\/td>\n<\/tr>\n<tr>\n<td>t\u00fcsenes<\/td>\n<td>(osade \u00fchendamine)<\/td>\n<td>\u2026\u2026\u2026\u2026\u2026\u2026\u2026\u2026\u2026\u2026\u2026\u2026\u2026<\/td>\n<td>\u2026\u2026\u2026\u2026\u2026\u2026\u2026\u2026\u2026\u2026\u2026\u2026\u2026<\/td>\n<\/tr>\n<tr>\n<td>trentakasb<\/td>\n<td>(m\u00f5tteline)<\/td>\n<td>\u2026\u2026\u2026\u2026\u2026\u2026\u2026\u2026\u2026\u2026\u2026\u2026\u2026<\/td>\n<td>\u2026\u2026\u2026\u2026\u2026\u2026\u2026\u2026\u2026\u2026\u2026\u2026\u2026<\/td>\n<\/tr>\n<\/tbody>\n<\/table>\n<p>2006<\/p>\n<p>noorem, keskmine<\/p>\n<p>l\u00f5ppvoor<\/p>\n<p><a href=\"https:\/\/sisu.ut.ee\/keeleylesanded\/segiaetud-voorsonad-i-vastus\/\">Vastus<\/a><\/p>\n","protected":false},"excerpt":{"rendered":"<p>Moodusta segi aetud t\u00e4htedest sulgudes antud t\u00e4hendusega v\u00f5\u00f5rs\u00f5na ja lisa selle anton\u00fc\u00fcm. tiklismipot (elur\u00f5\u00f5mus) \u2026\u2026\u2026\u2026\u2026\u2026\u2026\u2026\u2026\u2026\u2026\u2026\u2026 \u2026\u2026\u2026\u2026\u2026\u2026\u2026\u2026\u2026\u2026\u2026\u2026\u2026 ronihomaa (koosk\u00f5la) \u2026\u2026\u2026\u2026\u2026\u2026\u2026\u2026\u2026\u2026\u2026\u2026\u2026 \u2026\u2026\u2026\u2026\u2026\u2026\u2026\u2026\u2026\u2026\u2026\u2026\u2026 tikudovirpne (viljakas) \u2026\u2026\u2026\u2026\u2026\u2026\u2026\u2026\u2026\u2026\u2026\u2026\u2026 \u2026\u2026\u2026\u2026\u2026\u2026\u2026\u2026\u2026\u2026\u2026\u2026\u2026 ligonoile (m\u00f5istusp\u00e4rane) \u2026\u2026\u2026\u2026\u2026\u2026\u2026\u2026\u2026\u2026\u2026\u2026\u2026 \u2026\u2026\u2026\u2026\u2026\u2026\u2026\u2026\u2026\u2026\u2026\u2026\u2026 tipaatinaa (vastumeelsus) \u2026\u2026\u2026\u2026\u2026\u2026\u2026\u2026\u2026\u2026\u2026\u2026\u2026 \u2026\u2026\u2026\u2026\u2026\u2026\u2026\u2026\u2026\u2026\u2026\u2026\u2026 t\u00fcsenes (osade \u00fchendamine) \u2026\u2026\u2026\u2026\u2026\u2026\u2026\u2026\u2026\u2026\u2026\u2026\u2026 \u2026\u2026\u2026\u2026\u2026\u2026\u2026\u2026\u2026\u2026\u2026\u2026\u2026 trentakasb (m\u00f5tteline) \u2026\u2026\u2026\u2026\u2026\u2026\u2026\u2026\u2026\u2026\u2026\u2026\u2026 &#8230;<\/p>\n","protected":false},"author":185,"featured_media":0,"parent":0,"menu_order":0,"comment_status":"closed","ping_status":"closed","template":"","meta":{"_acf_changed":false,"inline_featured_image":false,"footnotes":""},"class_list":["post-137","page","type-page","status-publish","hentry"],"acf":[],"_links":{"self":[{"href":"https:\/\/sisu.ut.ee\/keeleylesanded\/wp-json\/wp\/v2\/pages\/137","targetHints":{"allow":["GET"]}}],"collection":[{"href":"https:\/\/sisu.ut.ee\/keeleylesanded\/wp-json\/wp\/v2\/pages"}],"about":[{"href":"https:\/\/sisu.ut.ee\/keeleylesanded\/wp-json\/wp\/v2\/types\/page"}],"author":[{"embeddable":true,"href":"https:\/\/sisu.ut.ee\/keeleylesanded\/wp-json\/wp\/v2\/users\/185"}],"replies":[{"embeddable":true,"href":"https:\/\/sisu.ut.ee\/keeleylesanded\/wp-json\/wp\/v2\/comments?post=137"}],"version-history":[{"count":2,"href":"https:\/\/sisu.ut.ee\/keeleylesanded\/wp-json\/wp\/v2\/pages\/137\/revisions"}],"predecessor-version":[{"id":1954,"href":"https:\/\/sisu.ut.ee\/keeleylesanded\/wp-json\/wp\/v2\/pages\/137\/revisions\/1954"}],"wp:attachment":[{"href":"https:\/\/sisu.ut.ee\/keeleylesanded\/wp-json\/wp\/v2\/media?parent=137"}],"curies":[{"name":"wp","href":"https:\/\/api.w.org\/{rel}","templated":true}]}}