{"id":130,"date":"2024-04-04T05:03:33","date_gmt":"2024-04-04T02:03:33","guid":{"rendered":"https:\/\/sisu.ut.ee\/keeleylesanded\/argikeel-ja-kirjakeel-i\/"},"modified":"2024-11-28T14:58:33","modified_gmt":"2024-11-28T12:58:33","slug":"argikeel-ja-kirjakeel-i","status":"publish","type":"page","link":"https:\/\/sisu.ut.ee\/keeleylesanded\/argikeel-ja-kirjakeel-i\/","title":{"rendered":"Argikeel ja kirjakeel (I)"},"content":{"rendered":"<p style=\"text-align: justify;\"><strong>J\u00e4rgnevas jutukeses on argikeele s\u00f5nu ja v\u00e4ljendeid, mis stiili poolest kirjakeelsesse teksti ei sobi. Leia need s\u00f5nad ja paranda kirjakeelseks.<\/strong><\/p>\n<p style=\"text-align: justify;\">P\u00e4rast p\u00f5hikooli l\u00f5petamist kavatsen edasi \u00f5ppida. V\u00f5ib-olla \u00f5nnestub \u00f5ppimise k\u00f5rvalt ka kuhugile t\u00f6\u00f6le saada.T\u00f6\u00f6kogemus mul on, sest olen l\u00e4bi aastate suviti raha teeninud.<\/p>\n<p style=\"text-align: justify;\">Mulle meeldibki suviti t\u00f6\u00f6data. Eelmisel aastal juuli kuni august olin v\u00e4likohvikus ettekandja. Teenisin \u00fcsna h\u00e4sti. Palavatel p\u00e4evadel oli tegelikult \u00f5udsalt raske. Peale t\u00f6\u00f6d olin t\u00e4itsa l\u00e4bi. Vahel n\u00e4is k\u00fcll olevat m\u00f5ttetu mingi mitu tundi lihtsalt niisama oodata. Eriti hommikuti, kui rahvast oli v\u00e4ga v\u00e4he. Siis vaatasin multikaid ja tegin niisama aega parajaks. M\u00f5nikord lugesin m\u00f6\u00f6das\u00f5itvaid autosi, lihtsalt ajaviiteks. Kuid \u00f5htuti tundus, et kliente on liiga palju \u2013 peaasi, et jook ja kr\u00f5psud ennem ei l\u00f5puks!<\/p>\n<p style=\"text-align: justify;\">Kohvikus oli v\u00e4ga huvitav inimestevaheliseid suhteid\u00a0 j\u00e4lgida. Tavaliselt saad ju kohe aru, kui tulijate k\u00e4itumisega ei ole k\u00f5ik \u00f5ieti. Inimesed n\u00e4itavad nii h\u00e4sti v\u00e4lja, kui neil mingi jama on. No kurvameelsetega p\u00fc\u00fcdsin alati h\u00e4sti s\u00f5bralik olla. Mul endal oli siis selline hea tunne, nagu oleksin t\u00f5esti kedagi aitanud. Kohvikusse ma tegelt kogu eluks t\u00f6\u00f6le j\u00e4\u00e4da ei taha, ehkki seal on s\u00f5brad ja musa ja muu v\u00e4rk. Tahan hakata millegi t\u00f5sisemaga tegelema.<\/p>\n<p style=\"text-align: justify;\">\n<\/p><table class=\"table table-hover\" style=\"width: 100%;\" border=\"0\" cellspacing=\"1\" cellpadding=\"1\">\n<thead>\n<tr>\n<th scope=\"col\"><\/th>\n<th scope=\"col\">Kirjakeelde sobimatu s\u00f5na v\u00f5i v\u00e4ljend<\/th>\n<th scope=\"col\">Parandus<\/th>\n<\/tr>\n<\/thead>\n<tbody>\n<tr>\n<td>1.<\/td>\n<td><\/td>\n<td><\/td>\n<\/tr>\n<tr>\n<td>2.<\/td>\n<td><\/td>\n<td><\/td>\n<\/tr>\n<tr>\n<td>3.<\/td>\n<td><\/td>\n<td><\/td>\n<\/tr>\n<tr>\n<td>4.<\/td>\n<td><\/td>\n<td><\/td>\n<\/tr>\n<tr>\n<td>5.<\/td>\n<td><\/td>\n<td><\/td>\n<\/tr>\n<tr>\n<td>6.<\/td>\n<td><\/td>\n<td><\/td>\n<\/tr>\n<tr>\n<td>7.<\/td>\n<td><\/td>\n<td><\/td>\n<\/tr>\n<tr>\n<td>8.<\/td>\n<td><\/td>\n<td><\/td>\n<\/tr>\n<tr>\n<td>9.<\/td>\n<td><\/td>\n<td><\/td>\n<\/tr>\n<tr>\n<td>10.<\/td>\n<td><\/td>\n<td><\/td>\n<\/tr>\n<tr>\n<td>11.<\/td>\n<td><\/td>\n<td><\/td>\n<\/tr>\n<tr>\n<td>12.<\/td>\n<td><\/td>\n<td><\/td>\n<\/tr>\n<tr>\n<td>13.<\/td>\n<td><\/td>\n<td><\/td>\n<\/tr>\n<tr>\n<td>14.<\/td>\n<td><\/td>\n<td><\/td>\n<\/tr>\n<tr>\n<td>15.<\/td>\n<td><\/td>\n<td><\/td>\n<\/tr>\n<tr>\n<td>16.<\/td>\n<td><\/td>\n<td><\/td>\n<\/tr>\n<tr>\n<td>17.<\/td>\n<td><\/td>\n<td><\/td>\n<\/tr>\n<tr>\n<td>18.<\/td>\n<td><\/td>\n<td><\/td>\n<\/tr>\n<tr>\n<td>19.<\/td>\n<td><\/td>\n<td><\/td>\n<\/tr>\n<tr>\n<td>20.<\/td>\n<td><\/td>\n<td><\/td>\n<\/tr>\n<\/tbody>\n<\/table>\n<p>2006<\/p>\n<p>noorem, keskmine<\/p>\n<p>l\u00f5ppvoor<\/p>\n<p><a href=\"https:\/\/sisu.ut.ee\/keeleylesanded\/argikeel-ja-kirjakeel-i-vastus\/\">Vastus<\/a><\/p>\n","protected":false},"excerpt":{"rendered":"<p>J\u00e4rgnevas jutukeses on argikeele s\u00f5nu ja v\u00e4ljendeid, mis stiili poolest kirjakeelsesse teksti ei sobi. Leia need s\u00f5nad ja paranda kirjakeelseks. P\u00e4rast p\u00f5hikooli l\u00f5petamist kavatsen edasi \u00f5ppida. V\u00f5ib-olla \u00f5nnestub \u00f5ppimise k\u00f5rvalt ka kuhugile t\u00f6\u00f6le saada.T\u00f6\u00f6kogemus mul on, sest olen l\u00e4bi aastate &#8230;<\/p>\n","protected":false},"author":185,"featured_media":0,"parent":0,"menu_order":0,"comment_status":"closed","ping_status":"closed","template":"","meta":{"_acf_changed":false,"inline_featured_image":false,"footnotes":""},"class_list":["post-130","page","type-page","status-publish","hentry"],"acf":[],"_links":{"self":[{"href":"https:\/\/sisu.ut.ee\/keeleylesanded\/wp-json\/wp\/v2\/pages\/130","targetHints":{"allow":["GET"]}}],"collection":[{"href":"https:\/\/sisu.ut.ee\/keeleylesanded\/wp-json\/wp\/v2\/pages"}],"about":[{"href":"https:\/\/sisu.ut.ee\/keeleylesanded\/wp-json\/wp\/v2\/types\/page"}],"author":[{"embeddable":true,"href":"https:\/\/sisu.ut.ee\/keeleylesanded\/wp-json\/wp\/v2\/users\/185"}],"replies":[{"embeddable":true,"href":"https:\/\/sisu.ut.ee\/keeleylesanded\/wp-json\/wp\/v2\/comments?post=130"}],"version-history":[{"count":2,"href":"https:\/\/sisu.ut.ee\/keeleylesanded\/wp-json\/wp\/v2\/pages\/130\/revisions"}],"predecessor-version":[{"id":1791,"href":"https:\/\/sisu.ut.ee\/keeleylesanded\/wp-json\/wp\/v2\/pages\/130\/revisions\/1791"}],"wp:attachment":[{"href":"https:\/\/sisu.ut.ee\/keeleylesanded\/wp-json\/wp\/v2\/media?parent=130"}],"curies":[{"name":"wp","href":"https:\/\/api.w.org\/{rel}","templated":true}]}}