{"id":129,"date":"2024-04-04T05:03:32","date_gmt":"2024-04-04T02:03:32","guid":{"rendered":"https:\/\/sisu.ut.ee\/keeleylesanded\/puuduv-taht-lunka-0\/"},"modified":"2024-11-29T12:09:03","modified_gmt":"2024-11-29T10:09:03","slug":"puuduv-taht-lunka-0","status":"publish","type":"page","link":"https:\/\/sisu.ut.ee\/keeleylesanded\/puuduv-taht-lunka-0\/","title":{"rendered":"Puuduv t\u00e4ht l\u00fcnka"},"content":{"rendered":"<p><b>Kirjuta kriipsu asemele puuduv t\u00e4ht.<\/b><\/p>\n<p>M _ _ _ _ _ \u00a0\u00a0\u00a0\u00a0\u00a0\u00a0\u00a0\u00a0\u00a0\u00a0\u00a0\u00a0\u00a0\u00a0\u00a0 \u00a0\u00a0\u00a0\u00a0\u00a0\u00a0\u00a0\u00a0\u00a0\u00a0\u00a0 \u00fcks eesti keele lauseliige<\/p>\n<p>_ U _ _ _ _ _ _ _ _ _\u00a0 \u00a0\u00a0\u00a0\u00a0\u00a0\u00a0\u00a0\u00a0\u00a0\u00a0\u00a0 nimis\u00f5na (v\u00f5\u00f5rs\u00f5naga)<\/p>\n<p>_ _ U_ _ _ _\u00a0\u00a0\u00a0\u00a0\u00a0\u00a0\u00a0\u00a0\u00a0\u00a0\u00a0\u00a0\u00a0\u00a0 \u00a0\u00a0\u00a0\u00a0\u00a0\u00a0\u00a0\u00a0\u00a0\u00a0\u00a0 sulgh\u00e4\u00e4lik<\/p>\n<p>_ _ _ T\u00a0 \u00a0 \u00a0 \u00a0 \u00a0 \u00a0 \u00a0 \u00a0 \u00a0 \u00a0 \u00a0 \u00a0 \u00a0 \u00a0 \u00a0 \u00a0 \u00a0 \u00a0tuntud eesti fonoloog-morfoloog, TL\u00dc emeriitprofessor (perekonnanimi)<\/p>\n<p>_ _ _ _ U _ _ \u00a0\u00a0\u00a0\u00a0\u00a0\u00a0\u00a0\u00a0\u00a0\u00a0\u00a0\u00a0 \u00a0\u00a0\u00a0\u00a0\u00a0\u00a0\u00a0\u00a0\u00a0\u00a0\u00a0 s\u00f5na <i>\u00a0teisenema <\/i>s\u00fcnon\u00fc\u00fcm<\/p>\n<p>_ _ _ _ _ V_ _ _ _ _ _ _ \u00a0\u00a0\u00a0\u00a0\u00a0\u00a0\u00a0 eesti keelele omane t\u00fcvemuutusn\u00e4htus<\/p>\n<p>K _ _ _ _ _ \u00a0\u00a0\u00a0\u00a0\u00a0\u00a0\u00a0\u00a0\u00a0\u00a0\u00a0\u00a0\u00a0\u00a0\u00a0\u00a0\u00a0\u00a0\u00a0\u00a0\u00a0\u00a0\u00a0\u00a0\u00a0\u00a0\u00a0 \u00fcks eesti keele k\u00f5neviis<\/p>\n<p>_E _ _ _ _ _ _ _ \u00a0\u00a0\u00a0\u00a0\u00a0\u00a0\u00a0\u00a0\u00a0\u00a0\u00a0\u00a0\u00a0\u00a0\u00a0\u00a0\u00a0\u00a0\u00a0\u00a0 t\u00e4hendus\u00f5petus (v\u00f5\u00f5rterminiga)<\/p>\n<p>_ _ E _ _\u00a0\u00a0\u00a0\u00a0\u00a0\u00a0\u00a0\u00a0\u00a0\u00a0\u00a0\u00a0\u00a0\u00a0\u00a0\u00a0\u00a0\u00a0\u00a0\u00a0\u00a0\u00a0\u00a0\u00a0\u00a0\u00a0\u00a0\u00a0\u00a0\u00a0\u00a0\u00a0 Eesti juhtiv keelekorraldaja (perekonnanimi)<\/p>\n<p>_ _ _ L _ _ _ _ _ _ _ _ \u00a0\u00a0\u00a0\u00a0\u00a0\u00a0\u00a0\u00a0\u00a0\u00a0 Johannes Aaviku algatatud liikumine<\/p>\n<p>2008<\/p>\n<p>vanem, keskmine, noorem<\/p>\n<p>l\u00f5ppvoor<\/p>\n<p><a href=\"https:\/\/sisu.ut.ee\/keeleylesanded\/puuduv-taht-lunka-vastus\/\">Vastus<\/a><\/p>\n","protected":false},"excerpt":{"rendered":"<p>Kirjuta kriipsu asemele puuduv t\u00e4ht. M _ _ _ _ _ \u00a0\u00a0\u00a0\u00a0\u00a0\u00a0\u00a0\u00a0\u00a0\u00a0\u00a0\u00a0\u00a0\u00a0\u00a0 \u00a0\u00a0\u00a0\u00a0\u00a0\u00a0\u00a0\u00a0\u00a0\u00a0\u00a0 \u00fcks eesti keele lauseliige _ U _ _ _ _ _ _ _ _ _\u00a0 \u00a0\u00a0\u00a0\u00a0\u00a0\u00a0\u00a0\u00a0\u00a0\u00a0\u00a0 nimis\u00f5na (v\u00f5\u00f5rs\u00f5naga) _ _ U_ _ _ _\u00a0\u00a0\u00a0\u00a0\u00a0\u00a0\u00a0\u00a0\u00a0\u00a0\u00a0\u00a0\u00a0\u00a0 \u00a0\u00a0\u00a0\u00a0\u00a0\u00a0\u00a0\u00a0\u00a0\u00a0\u00a0 sulgh\u00e4\u00e4lik _ &#8230;<\/p>\n","protected":false},"author":185,"featured_media":0,"parent":0,"menu_order":0,"comment_status":"closed","ping_status":"closed","template":"","meta":{"_acf_changed":false,"inline_featured_image":false,"footnotes":""},"class_list":["post-129","page","type-page","status-publish","hentry"],"acf":[],"_links":{"self":[{"href":"https:\/\/sisu.ut.ee\/keeleylesanded\/wp-json\/wp\/v2\/pages\/129","targetHints":{"allow":["GET"]}}],"collection":[{"href":"https:\/\/sisu.ut.ee\/keeleylesanded\/wp-json\/wp\/v2\/pages"}],"about":[{"href":"https:\/\/sisu.ut.ee\/keeleylesanded\/wp-json\/wp\/v2\/types\/page"}],"author":[{"embeddable":true,"href":"https:\/\/sisu.ut.ee\/keeleylesanded\/wp-json\/wp\/v2\/users\/185"}],"replies":[{"embeddable":true,"href":"https:\/\/sisu.ut.ee\/keeleylesanded\/wp-json\/wp\/v2\/comments?post=129"}],"version-history":[{"count":2,"href":"https:\/\/sisu.ut.ee\/keeleylesanded\/wp-json\/wp\/v2\/pages\/129\/revisions"}],"predecessor-version":[{"id":1941,"href":"https:\/\/sisu.ut.ee\/keeleylesanded\/wp-json\/wp\/v2\/pages\/129\/revisions\/1941"}],"wp:attachment":[{"href":"https:\/\/sisu.ut.ee\/keeleylesanded\/wp-json\/wp\/v2\/media?parent=129"}],"curies":[{"name":"wp","href":"https:\/\/api.w.org\/{rel}","templated":true}]}}