{"id":122,"date":"2024-04-04T05:03:32","date_gmt":"2024-04-04T02:03:32","guid":{"rendered":"https:\/\/sisu.ut.ee\/keeleylesanded\/tsitaatsonade-mugandamine-i\/"},"modified":"2024-11-29T13:06:42","modified_gmt":"2024-11-29T11:06:42","slug":"tsitaatsonade-mugandamine-i","status":"publish","type":"page","link":"https:\/\/sisu.ut.ee\/keeleylesanded\/tsitaatsonade-mugandamine-i\/","title":{"rendered":"Tsitaats\u00f5nade mugandamine (I)"},"content":{"rendered":"<p style=\"text-align: justify;\"><strong>V\u00f5rdle j\u00e4rgmisi inglise tsitaats\u00f5nu ja nende mugandatud kujusid. Missuguseid tsitaats\u00f5nade mugandamise reegleid leiad? Too reeglite kohta n\u00e4iteid.<\/strong><\/p>\n<table class=\"table table-hover\" style=\"width: 100%;\" border=\"0\" cellspacing=\"1\" cellpadding=\"1\">\n<thead>\n<tr>\n<th scope=\"col\">Tsitaats\u00f5na<\/th>\n<th scope=\"col\">Mugandus<\/th>\n<\/tr>\n<\/thead>\n<tbody>\n<tr>\n<td><em>coca-cola<\/em><\/td>\n<td>kokakoola<\/td>\n<\/tr>\n<tr>\n<td><em>curry<\/em><\/td>\n<td>karri<\/td>\n<\/tr>\n<tr>\n<td><em>mop<\/em><\/td>\n<td>mopp<\/td>\n<\/tr>\n<tr>\n<td><em>club<\/em><\/td>\n<td>klubi<\/td>\n<\/tr>\n<tr>\n<td><em>graffiti<\/em><\/td>\n<td>grafiti<\/td>\n<\/tr>\n<tr>\n<td><em>pixel<\/em><\/td>\n<td>piksel<\/td>\n<\/tr>\n<tr>\n<td><em>gel<\/em><\/td>\n<td>geel<\/td>\n<\/tr>\n<tr>\n<td><em>hacker<\/em><\/td>\n<td>h\u00e4kker<\/td>\n<\/tr>\n<tr>\n<td><em>boxers<\/em><\/td>\n<td>bokserid<\/td>\n<\/tr>\n<tr>\n<td><em>dealer<\/em><\/td>\n<td>diiler<\/td>\n<\/tr>\n<tr>\n<td><em>leasing<\/em><\/td>\n<td>liising<\/td>\n<\/tr>\n<tr>\n<td><em>pub<\/em><\/td>\n<td>pubi<\/td>\n<\/tr>\n<tr>\n<td><em>fan<\/em><\/td>\n<td>f\u00e4nn<\/td>\n<\/tr>\n<tr>\n<td><em>rap<\/em><\/td>\n<td>r\u00e4pp<\/td>\n<\/tr>\n<tr>\n<td><em>web<\/em><\/td>\n<td>veeb<\/td>\n<\/tr>\n<tr>\n<td><em>rock<\/em><\/td>\n<td>rokk<\/td>\n<\/tr>\n<\/tbody>\n<\/table>\n<p>2006<\/p>\n<p>noorem, keskmine<\/p>\n<p>l\u00f5ppvoor<\/p>\n<p><a href=\"https:\/\/sisu.ut.ee\/keeleylesanded\/tsitaatsonade-mugandamine-i-vastus\/\">Vastus<\/a><\/p>\n","protected":false},"excerpt":{"rendered":"<p>V\u00f5rdle j\u00e4rgmisi inglise tsitaats\u00f5nu ja nende mugandatud kujusid. Missuguseid tsitaats\u00f5nade mugandamise reegleid leiad? Too reeglite kohta n\u00e4iteid. Tsitaats\u00f5na Mugandus coca-cola kokakoola curry karri mop mopp club klubi graffiti grafiti pixel piksel gel geel hacker h\u00e4kker boxers bokserid dealer diiler leasing &#8230;<\/p>\n","protected":false},"author":185,"featured_media":0,"parent":0,"menu_order":0,"comment_status":"closed","ping_status":"closed","template":"","meta":{"_acf_changed":false,"inline_featured_image":false,"footnotes":""},"class_list":["post-122","page","type-page","status-publish","hentry"],"acf":[],"_links":{"self":[{"href":"https:\/\/sisu.ut.ee\/keeleylesanded\/wp-json\/wp\/v2\/pages\/122","targetHints":{"allow":["GET"]}}],"collection":[{"href":"https:\/\/sisu.ut.ee\/keeleylesanded\/wp-json\/wp\/v2\/pages"}],"about":[{"href":"https:\/\/sisu.ut.ee\/keeleylesanded\/wp-json\/wp\/v2\/types\/page"}],"author":[{"embeddable":true,"href":"https:\/\/sisu.ut.ee\/keeleylesanded\/wp-json\/wp\/v2\/users\/185"}],"replies":[{"embeddable":true,"href":"https:\/\/sisu.ut.ee\/keeleylesanded\/wp-json\/wp\/v2\/comments?post=122"}],"version-history":[{"count":2,"href":"https:\/\/sisu.ut.ee\/keeleylesanded\/wp-json\/wp\/v2\/pages\/122\/revisions"}],"predecessor-version":[{"id":2006,"href":"https:\/\/sisu.ut.ee\/keeleylesanded\/wp-json\/wp\/v2\/pages\/122\/revisions\/2006"}],"wp:attachment":[{"href":"https:\/\/sisu.ut.ee\/keeleylesanded\/wp-json\/wp\/v2\/media?parent=122"}],"curies":[{"name":"wp","href":"https:\/\/api.w.org\/{rel}","templated":true}]}}