{"id":121,"date":"2024-04-04T05:03:32","date_gmt":"2024-04-04T02:03:32","guid":{"rendered":"https:\/\/sisu.ut.ee\/keeleylesanded\/sonade-liigitamine-0\/"},"modified":"2024-11-29T12:41:07","modified_gmt":"2024-11-29T10:41:07","slug":"sonade-liigitamine-0","status":"publish","type":"page","link":"https:\/\/sisu.ut.ee\/keeleylesanded\/sonade-liigitamine-0\/","title":{"rendered":"S\u00f5nade liigitamine"},"content":{"rendered":"<p style=\"text-align: justify;\">S\u00f5nade struktuuri omasuse (pole v\u00f5\u00f5raid jooni) v\u00f5i v\u00f5\u00f5ruse alusel eristatakse oma ja v\u00f5\u00f5rs\u00f5nu. Keelendite astmestik omama poolt v\u00f5\u00f5rama poole on omas\u00f5nad, v\u00f5\u00f5rs\u00f5nad, v\u00f5\u00f5rnimed ning tsitaats\u00f5nad ja v\u00e4ljendid.<\/p>\n<p><b>Liigitage loetletud s\u00f5nad struktuuriv\u00f5\u00f5ruse alusel j\u00e4rgmisteks r\u00fchmadeks: omas\u00f5nad, sh p\u00f5lis- ja laens\u00f5nad; v\u00f5\u00f5rs\u00f5nad, tsitaats\u00f5nad. <\/b>(NB! M\u00f5ni s\u00f5na v\u00f5ib kuuluda mitmesse r\u00fchma.)<\/p>\n<p><strong><i>and, amet, e-mail, fax, keel, sammal, material, tasku, piibel, poliitik, rahvas, strateegia, raamat, tahvel, valuuta, koda, baarmen<\/i><\/strong><\/p>\n<table class=\"table table-hover\" style=\"width: 500px;\" border=\"1\" cellspacing=\"1\" cellpadding=\"1\" align=\"center\">\n<tbody>\n<tr>\n<td colspan=\"1\" rowspan=\"2\"><\/td>\n<td colspan=\"2\" rowspan=\"1\">Omas\u00f5nad (10)<\/td>\n<td colspan=\"1\" rowspan=\"2\">V\u00f5\u00f5rs\u00f5nad (4)<\/td>\n<td colspan=\"1\" rowspan=\"2\">Tsitaats\u00f5nad (4)<\/td>\n<\/tr>\n<tr>\n<td>p\u00f5liss\u00f5nad<\/td>\n<td>laens\u00f5nad<\/td>\n<\/tr>\n<tr>\n<td><em><strong>N\u00e4ide<\/strong><\/em><\/td>\n<td><u>see<\/u><\/td>\n<td><u>kuld<\/u><\/td>\n<td><u>direktor<\/u><\/td>\n<td><u><em>see<\/em><\/u><\/td>\n<\/tr>\n<tr>\n<td><\/td>\n<td><\/td>\n<td><\/td>\n<td><\/td>\n<td><\/td>\n<\/tr>\n<tr>\n<td><\/td>\n<td><\/td>\n<td><\/td>\n<td><\/td>\n<td><\/td>\n<\/tr>\n<tr>\n<td><\/td>\n<td><\/td>\n<td><\/td>\n<td><\/td>\n<td><\/td>\n<\/tr>\n<tr>\n<td><\/td>\n<td><\/td>\n<td><\/td>\n<td><\/td>\n<td><\/td>\n<\/tr>\n<tr>\n<td><\/td>\n<td><\/td>\n<td><\/td>\n<td><\/td>\n<td><\/td>\n<\/tr>\n<\/tbody>\n<\/table>\n<p>2008, 2004<\/p>\n<p>l\u00f5ppvoor<\/p>\n<p>vanem, keskmine<\/p>\n<p><a href=\"https:\/\/sisu.ut.ee\/keeleylesanded\/sonade-liigitamine-vastus\/\">Vastus<\/a><\/p>\n","protected":false},"excerpt":{"rendered":"<p>S\u00f5nade struktuuri omasuse (pole v\u00f5\u00f5raid jooni) v\u00f5i v\u00f5\u00f5ruse alusel eristatakse oma ja v\u00f5\u00f5rs\u00f5nu. Keelendite astmestik omama poolt v\u00f5\u00f5rama poole on omas\u00f5nad, v\u00f5\u00f5rs\u00f5nad, v\u00f5\u00f5rnimed ning tsitaats\u00f5nad ja v\u00e4ljendid. Liigitage loetletud s\u00f5nad struktuuriv\u00f5\u00f5ruse alusel j\u00e4rgmisteks r\u00fchmadeks: omas\u00f5nad, sh p\u00f5lis- ja laens\u00f5nad; v\u00f5\u00f5rs\u00f5nad, &#8230;<\/p>\n","protected":false},"author":185,"featured_media":0,"parent":0,"menu_order":0,"comment_status":"closed","ping_status":"closed","template":"","meta":{"_acf_changed":false,"inline_featured_image":false,"footnotes":""},"class_list":["post-121","page","type-page","status-publish","hentry"],"acf":[],"_links":{"self":[{"href":"https:\/\/sisu.ut.ee\/keeleylesanded\/wp-json\/wp\/v2\/pages\/121","targetHints":{"allow":["GET"]}}],"collection":[{"href":"https:\/\/sisu.ut.ee\/keeleylesanded\/wp-json\/wp\/v2\/pages"}],"about":[{"href":"https:\/\/sisu.ut.ee\/keeleylesanded\/wp-json\/wp\/v2\/types\/page"}],"author":[{"embeddable":true,"href":"https:\/\/sisu.ut.ee\/keeleylesanded\/wp-json\/wp\/v2\/users\/185"}],"replies":[{"embeddable":true,"href":"https:\/\/sisu.ut.ee\/keeleylesanded\/wp-json\/wp\/v2\/comments?post=121"}],"version-history":[{"count":2,"href":"https:\/\/sisu.ut.ee\/keeleylesanded\/wp-json\/wp\/v2\/pages\/121\/revisions"}],"predecessor-version":[{"id":1974,"href":"https:\/\/sisu.ut.ee\/keeleylesanded\/wp-json\/wp\/v2\/pages\/121\/revisions\/1974"}],"wp:attachment":[{"href":"https:\/\/sisu.ut.ee\/keeleylesanded\/wp-json\/wp\/v2\/media?parent=121"}],"curies":[{"name":"wp","href":"https:\/\/api.w.org\/{rel}","templated":true}]}}