{"id":120,"date":"2024-04-04T05:03:32","date_gmt":"2024-04-04T02:03:32","guid":{"rendered":"https:\/\/sisu.ut.ee\/keeleylesanded\/tegutseja-ajakirjanduses\/"},"modified":"2024-11-29T13:02:23","modified_gmt":"2024-11-29T11:02:23","slug":"tegutseja-ajakirjanduses","status":"publish","type":"page","link":"https:\/\/sisu.ut.ee\/keeleylesanded\/tegutseja-ajakirjanduses\/","title":{"rendered":"Tegutseja ajakirjanduses"},"content":{"rendered":"<p style=\"margin-left: 18.0pt;\"><b>Ajakirjanduses kasutatakse palju lauseid, kus tegutsejaks ei ole inimene, vaid eluta m\u00f5iste v\u00f5i n\u00e4htus, mis tegutseb nagu inimene, n\u00e4iteks <\/b><i>Majanduskriis k\u00f5igutab meie usku tulevikku, Hinnat\u00f5us s\u00f6\u00f6b \u00e4ra inimeste s\u00e4\u00e4stud<\/i><b>jne. M\u00f5elge v\u00e4lja 5 ajaleheteksti sobivat lauset, kus Euroopa Liit tegutseb nagu inimene.<\/b><\/p>\n<p style=\"margin-left: 18.0pt;\">N\u00c4IDE: Euroopa Liit <b>m\u00f5tleb harva<\/b> v\u00e4ikeriikide huvidele.<\/p>\n<p style=\"margin-left: 18.0pt;\">\n<\/p><p style=\"margin-left: 18.0pt;\">1. \u2026\u2026\u2026\u2026\u2026\u2026\u2026\u2026\u2026\u2026\u2026\u2026\u2026\u2026\u2026\u2026\u2026\u2026\u2026\u2026\u2026\u2026\u2026\u2026\u2026\u2026\u2026\u2026\u2026\u2026\u2026\u2026\u2026\u2026\u2026\u2026\u2026\u2026\u2026\u2026\u2026\u2026\u2026\u2026\u2026\u2026.<\/p>\n<p style=\"margin-left: 18.0pt;\">2. \u2026\u2026\u2026\u2026\u2026\u2026\u2026\u2026\u2026\u2026\u2026\u2026\u2026\u2026\u2026\u2026\u2026\u2026\u2026\u2026\u2026\u2026\u2026\u2026\u2026\u2026\u2026\u2026\u2026\u2026\u2026\u2026\u2026\u2026\u2026\u2026\u2026\u2026\u2026\u2026\u2026\u2026\u2026\u2026\u2026\u2026.<\/p>\n<p style=\"margin-left: 18.0pt;\">3. \u2026\u2026\u2026\u2026\u2026\u2026\u2026\u2026\u2026\u2026\u2026\u2026\u2026\u2026\u2026\u2026\u2026\u2026\u2026\u2026\u2026\u2026\u2026\u2026\u2026\u2026\u2026\u2026\u2026\u2026\u2026\u2026\u2026\u2026\u2026\u2026\u2026\u2026\u2026\u2026\u2026\u2026\u2026\u2026\u2026\u2026.<\/p>\n<p style=\"margin-left: 18.0pt;\">4. \u2026\u2026\u2026\u2026\u2026\u2026\u2026\u2026\u2026\u2026\u2026\u2026\u2026\u2026\u2026\u2026\u2026\u2026\u2026\u2026\u2026\u2026\u2026\u2026\u2026\u2026\u2026\u2026\u2026\u2026\u2026\u2026\u2026\u2026\u2026\u2026\u2026\u2026\u2026\u2026\u2026\u2026\u2026\u2026\u2026\u2026.<\/p>\n<p style=\"margin-left: 18.0pt;\">5. \u2026\u2026\u2026\u2026\u2026\u2026\u2026\u2026\u2026\u2026\u2026\u2026\u2026\u2026\u2026\u2026\u2026\u2026\u2026\u2026\u2026\u2026\u2026\u2026\u2026\u2026\u2026\u2026\u2026\u2026\u2026\u2026\u2026\u2026\u2026\u2026\u2026\u2026\u2026\u2026\u2026\u2026\u2026\u2026\u2026\u2026.<\/p>\n<p style=\"margin-left: 18.0pt;\">\n<\/p><p style=\"margin-left: 18.0pt;\">2010<\/p>\n<p style=\"margin-left: 18.0pt;\">keskmine<\/p>\n<p style=\"margin-left: 18.0pt;\">piirkonnavoor<\/p>\n<p><a href=\"https:\/\/sisu.ut.ee\/keeleylesanded\/tegutseja-ajakirjanduses-vastus\/\">Vastus<\/a><\/p>\n","protected":false},"excerpt":{"rendered":"<p>Ajakirjanduses kasutatakse palju lauseid, kus tegutsejaks ei ole inimene, vaid eluta m\u00f5iste v\u00f5i n\u00e4htus, mis tegutseb nagu inimene, n\u00e4iteks Majanduskriis k\u00f5igutab meie usku tulevikku, Hinnat\u00f5us s\u00f6\u00f6b \u00e4ra inimeste s\u00e4\u00e4studjne. M\u00f5elge v\u00e4lja 5 ajaleheteksti sobivat lauset, kus Euroopa Liit tegutseb nagu &#8230;<\/p>\n","protected":false},"author":185,"featured_media":0,"parent":0,"menu_order":0,"comment_status":"closed","ping_status":"closed","template":"","meta":{"_acf_changed":false,"inline_featured_image":false,"footnotes":""},"class_list":["post-120","page","type-page","status-publish","hentry"],"acf":[],"_links":{"self":[{"href":"https:\/\/sisu.ut.ee\/keeleylesanded\/wp-json\/wp\/v2\/pages\/120","targetHints":{"allow":["GET"]}}],"collection":[{"href":"https:\/\/sisu.ut.ee\/keeleylesanded\/wp-json\/wp\/v2\/pages"}],"about":[{"href":"https:\/\/sisu.ut.ee\/keeleylesanded\/wp-json\/wp\/v2\/types\/page"}],"author":[{"embeddable":true,"href":"https:\/\/sisu.ut.ee\/keeleylesanded\/wp-json\/wp\/v2\/users\/185"}],"replies":[{"embeddable":true,"href":"https:\/\/sisu.ut.ee\/keeleylesanded\/wp-json\/wp\/v2\/comments?post=120"}],"version-history":[{"count":2,"href":"https:\/\/sisu.ut.ee\/keeleylesanded\/wp-json\/wp\/v2\/pages\/120\/revisions"}],"predecessor-version":[{"id":2001,"href":"https:\/\/sisu.ut.ee\/keeleylesanded\/wp-json\/wp\/v2\/pages\/120\/revisions\/2001"}],"wp:attachment":[{"href":"https:\/\/sisu.ut.ee\/keeleylesanded\/wp-json\/wp\/v2\/media?parent=120"}],"curies":[{"name":"wp","href":"https:\/\/api.w.org\/{rel}","templated":true}]}}