{"id":115,"date":"2024-04-04T05:03:31","date_gmt":"2024-04-04T02:03:31","guid":{"rendered":"https:\/\/sisu.ut.ee\/keeleylesanded\/metafoorid-ajakirjanduses\/"},"modified":"2024-11-29T10:45:08","modified_gmt":"2024-11-29T08:45:08","slug":"metafoorid-ajakirjanduses","status":"publish","type":"page","link":"https:\/\/sisu.ut.ee\/keeleylesanded\/metafoorid-ajakirjanduses\/","title":{"rendered":"Metafoorid ajakirjanduses"},"content":{"rendered":"<p><b>Ajakirjanduses kasutatakse palju korduvaid metafoore ja muid kujundlikke v\u00e4ljendeid. Selgitage esile t\u00f5stetud v\u00e4ljendite t\u00e4hendust.<\/b><\/p>\n<ol>\n<li>Kui r\u00e4\u00e4gitakse <b>teisest Eestist<\/b>, siis mida selle alla m\u00f5eldakse?<\/li>\n<li>Kui presidendivalimistel ilmub v\u00e4lja <b>must hobune<\/b>, siis mis on toimunud?<\/li>\n<li>Kui t\u00f6\u00f6l k\u00e4ivad inimesed jaotatakse <b>valgekraedeks ja sinikraedeks<\/b>, siis mille poolest need r\u00fchmad erinevad?<\/li>\n<li>Kui r\u00e4\u00e4gitakse, et Eesti ootab eurole \u00fcleminekut nagu <b>valget laeva<\/b>, siis mida eurole \u00fcleminekust oodatakse?<\/li>\n<li>Mida peetakse silmas, kui r\u00e4\u00e4gitakse <b>laulvast revolutsioonist<\/b>, ja miks seda nii kutsutakse?<\/li>\n<\/ol>\n<p>2010<\/p>\n<p>keskmine<\/p>\n<p>piirkonnavoor<\/p>\n<p><a href=\"https:\/\/sisu.ut.ee\/keeleylesanded\/metafoorid-ajakirjanduses-vastus\/\">Vastus<\/a><\/p>\n","protected":false},"excerpt":{"rendered":"<p>Ajakirjanduses kasutatakse palju korduvaid metafoore ja muid kujundlikke v\u00e4ljendeid. Selgitage esile t\u00f5stetud v\u00e4ljendite t\u00e4hendust. Kui r\u00e4\u00e4gitakse teisest Eestist, siis mida selle alla m\u00f5eldakse? Kui presidendivalimistel ilmub v\u00e4lja must hobune, siis mis on toimunud? Kui t\u00f6\u00f6l k\u00e4ivad inimesed jaotatakse valgekraedeks ja &#8230;<\/p>\n","protected":false},"author":185,"featured_media":0,"parent":0,"menu_order":0,"comment_status":"closed","ping_status":"closed","template":"","meta":{"_acf_changed":false,"inline_featured_image":false,"footnotes":""},"class_list":["post-115","page","type-page","status-publish","hentry"],"acf":[],"_links":{"self":[{"href":"https:\/\/sisu.ut.ee\/keeleylesanded\/wp-json\/wp\/v2\/pages\/115","targetHints":{"allow":["GET"]}}],"collection":[{"href":"https:\/\/sisu.ut.ee\/keeleylesanded\/wp-json\/wp\/v2\/pages"}],"about":[{"href":"https:\/\/sisu.ut.ee\/keeleylesanded\/wp-json\/wp\/v2\/types\/page"}],"author":[{"embeddable":true,"href":"https:\/\/sisu.ut.ee\/keeleylesanded\/wp-json\/wp\/v2\/users\/185"}],"replies":[{"embeddable":true,"href":"https:\/\/sisu.ut.ee\/keeleylesanded\/wp-json\/wp\/v2\/comments?post=115"}],"version-history":[{"count":2,"href":"https:\/\/sisu.ut.ee\/keeleylesanded\/wp-json\/wp\/v2\/pages\/115\/revisions"}],"predecessor-version":[{"id":1893,"href":"https:\/\/sisu.ut.ee\/keeleylesanded\/wp-json\/wp\/v2\/pages\/115\/revisions\/1893"}],"wp:attachment":[{"href":"https:\/\/sisu.ut.ee\/keeleylesanded\/wp-json\/wp\/v2\/media?parent=115"}],"curies":[{"name":"wp","href":"https:\/\/api.w.org\/{rel}","templated":true}]}}