{"id":112,"date":"2024-04-04T05:03:31","date_gmt":"2024-04-04T02:03:31","guid":{"rendered":"https:\/\/sisu.ut.ee\/keeleylesanded\/oige-valik-0\/"},"modified":"2024-11-29T11:49:39","modified_gmt":"2024-11-29T09:49:39","slug":"oige-valik-0","status":"publish","type":"page","link":"https:\/\/sisu.ut.ee\/keeleylesanded\/oige-valik-0\/","title":{"rendered":"\u00d5ige valik"},"content":{"rendered":"<p><b>T\u00f5mba joon alla \u00f5igele variandile.<\/b><\/p>\n<p>1. Tellisin tassi <i>cappuccinot \/ \u201ecappuccinot\u201c \/ cappuccino<\/i>\u2019t.<\/p>\n<p>2. Mul oli taskus veel 50 EEKi \/ 50 eeku \/ 50 kr \/ 50 eeki.<\/p>\n<p>3. Veel n\u00fc\u00fcdki on remontimata 40, 5 km pikkune \/ 40,5km pikkune \/ 40,5 km pikkune teel\u00f5ik.<\/p>\n<p>4. Selle suure 2 liitrise \/2liitrise piimakannu ostsin 20 aastaselt \/ 20aastaselt.<\/p>\n<p>5. Autojuht tankis reisi jooksul 450 liitrit bensiini 4-as osas \/ 4as osas \/ 4 osas \/ 4-s osas.<\/p>\n<p>6. Maja 23-korrusel \/ 23korrusel \/ 23. korrusel puhkes tulekahju.<\/p>\n<p>7. Loodan elada v\u00e4hemalt 90 aastaseks \/ 90-aastaseks \/ 90. aastaseks.<\/p>\n<p>8. 20. juunil \/ 20 juunil s\u00f5idan USA\u2019sse \/ USAsse \/ usa-sse.<\/p>\n<p>9. P\u00f5hjas\u00f5da l\u00f5ppes 1721 a \/ 1721 aastal \/ 1721. a.<\/p>\n<p>10. 22.\u201324. maini 2007 \/ 22\u201324 maini 2007 \/ 22.-24. maini 2007 toimusid 5. \/ V. Saare valla p\u00e4evad.<\/p>\n<p>11. Lennu kestvus \/ kestus on 4 tundi ja 15 minutit.<\/p>\n<p>12. camuslik \/ camus\u2019lik \/ <i>camus<\/i>\u2019lik \/ Camuslik<\/p>\n<p>13. pakume t\u00f6\u00f6d m\u00fc\u00fcja-kassapidajale \/ m\u00fc\u00fcja kassapidajale \/ m\u00fc\u00fcjale-kassapidajale<\/p>\n<p>14. kakao \u201eMeie mark\u201c \/ Meie mark \/ Meie mark<\/p>\n<p>15. Toetuse m\u00e4\u00e4ramise kord on kirjas \u00a7\u00a7-des 6 ja 12 \/ \u00a7des 6. ja 12. \/ \u00a7-des 6 ja 12<\/p>\n<p>16. Laeva laetakse \/ laaditakse, aga akut laetakse \/ laaditakse.<\/p>\n<p>17. Enamik \/ enamus reisijaid otsustas Tapale s\u00f5ita Peterburi \/ Peterburgi bussiga<\/p>\n<p>18. Ma enne \/ ennem vahetaksin t\u00f6\u00f6kohta, kui hakkaksin tema k\u00e4sutajaks.<\/p>\n<p>2008<\/p>\n<p>vanem, keskmine<\/p>\n<p>l\u00f5ppvoor<\/p>\n<p><a href=\"https:\/\/sisu.ut.ee\/keeleylesanded\/oige-valik-vastus\/\">Vastus\u00a0<\/a><\/p>\n","protected":false},"excerpt":{"rendered":"<p>T\u00f5mba joon alla \u00f5igele variandile. 1. Tellisin tassi cappuccinot \/ \u201ecappuccinot\u201c \/ cappuccino\u2019t. 2. Mul oli taskus veel 50 EEKi \/ 50 eeku \/ 50 kr \/ 50 eeki. 3. Veel n\u00fc\u00fcdki on remontimata 40, 5 km pikkune \/ 40,5km &#8230;<\/p>\n","protected":false},"author":185,"featured_media":0,"parent":0,"menu_order":0,"comment_status":"closed","ping_status":"closed","template":"","meta":{"_acf_changed":false,"inline_featured_image":false,"footnotes":""},"class_list":["post-112","page","type-page","status-publish","hentry"],"acf":[],"_links":{"self":[{"href":"https:\/\/sisu.ut.ee\/keeleylesanded\/wp-json\/wp\/v2\/pages\/112","targetHints":{"allow":["GET"]}}],"collection":[{"href":"https:\/\/sisu.ut.ee\/keeleylesanded\/wp-json\/wp\/v2\/pages"}],"about":[{"href":"https:\/\/sisu.ut.ee\/keeleylesanded\/wp-json\/wp\/v2\/types\/page"}],"author":[{"embeddable":true,"href":"https:\/\/sisu.ut.ee\/keeleylesanded\/wp-json\/wp\/v2\/users\/185"}],"replies":[{"embeddable":true,"href":"https:\/\/sisu.ut.ee\/keeleylesanded\/wp-json\/wp\/v2\/comments?post=112"}],"version-history":[{"count":2,"href":"https:\/\/sisu.ut.ee\/keeleylesanded\/wp-json\/wp\/v2\/pages\/112\/revisions"}],"predecessor-version":[{"id":1914,"href":"https:\/\/sisu.ut.ee\/keeleylesanded\/wp-json\/wp\/v2\/pages\/112\/revisions\/1914"}],"wp:attachment":[{"href":"https:\/\/sisu.ut.ee\/keeleylesanded\/wp-json\/wp\/v2\/media?parent=112"}],"curies":[{"name":"wp","href":"https:\/\/api.w.org\/{rel}","templated":true}]}}