{"id":111,"date":"2024-04-04T05:03:31","date_gmt":"2024-04-04T02:03:31","guid":{"rendered":"https:\/\/sisu.ut.ee\/keeleylesanded\/valesti-kirjutatud-sonad\/"},"modified":"2024-11-29T13:33:49","modified_gmt":"2024-11-29T11:33:49","slug":"valesti-kirjutatud-sonad","status":"publish","type":"page","link":"https:\/\/sisu.ut.ee\/keeleylesanded\/valesti-kirjutatud-sonad\/","title":{"rendered":"Valesti kirjutatud s\u00f5nad"},"content":{"rendered":"<p><b>Esitatud s\u00f5nade hulgas on osa \u00f5igesti kirjutatud. Leidke need! \u00dclej\u00e4\u00e4nud s\u00f5nad kirjutage \u00f5igel kujul kolme r\u00fchma vastavalt tehtud parandustele.<\/b><\/p>\n<p>pizza, anuleerima, arhitekt, t\u00e4rpentiin, \u00fcmargune, bor\u0161, kordineerima, m\u00f5tekas, kotlett, siksakk, spa, kassgi, priljant, balkon, peatselt, lippkond, konstateerima<\/p>\n<ol>\n<li>\u00d5igesti kirjutatud s\u00f5nad:<\/li>\n<li>M\u00f5ni t\u00e4ht on asendatud:<\/li>\n<li>M\u00f5ni t\u00e4ht on lisatud:<\/li>\n<li>M\u00f5ni t\u00e4ht on maha t\u00f5mmatud:<\/li>\n<\/ol>\n<p>2010<\/p>\n<p>keskmine<\/p>\n<p>piirkonnavoor<\/p>\n<p><a href=\"https:\/\/sisu.ut.ee\/keeleylesanded\/valesti-kirjutatud-sonad-vastus\/\">Vastus<\/a><\/p>\n","protected":false},"excerpt":{"rendered":"<p>Esitatud s\u00f5nade hulgas on osa \u00f5igesti kirjutatud. Leidke need! \u00dclej\u00e4\u00e4nud s\u00f5nad kirjutage \u00f5igel kujul kolme r\u00fchma vastavalt tehtud parandustele. pizza, anuleerima, arhitekt, t\u00e4rpentiin, \u00fcmargune, bor\u0161, kordineerima, m\u00f5tekas, kotlett, siksakk, spa, kassgi, priljant, balkon, peatselt, lippkond, konstateerima \u00d5igesti kirjutatud s\u00f5nad: M\u00f5ni &#8230;<\/p>\n","protected":false},"author":185,"featured_media":0,"parent":0,"menu_order":0,"comment_status":"closed","ping_status":"closed","template":"","meta":{"_acf_changed":false,"inline_featured_image":false,"footnotes":""},"class_list":["post-111","page","type-page","status-publish","hentry"],"acf":[],"_links":{"self":[{"href":"https:\/\/sisu.ut.ee\/keeleylesanded\/wp-json\/wp\/v2\/pages\/111","targetHints":{"allow":["GET"]}}],"collection":[{"href":"https:\/\/sisu.ut.ee\/keeleylesanded\/wp-json\/wp\/v2\/pages"}],"about":[{"href":"https:\/\/sisu.ut.ee\/keeleylesanded\/wp-json\/wp\/v2\/types\/page"}],"author":[{"embeddable":true,"href":"https:\/\/sisu.ut.ee\/keeleylesanded\/wp-json\/wp\/v2\/users\/185"}],"replies":[{"embeddable":true,"href":"https:\/\/sisu.ut.ee\/keeleylesanded\/wp-json\/wp\/v2\/comments?post=111"}],"version-history":[{"count":2,"href":"https:\/\/sisu.ut.ee\/keeleylesanded\/wp-json\/wp\/v2\/pages\/111\/revisions"}],"predecessor-version":[{"id":2044,"href":"https:\/\/sisu.ut.ee\/keeleylesanded\/wp-json\/wp\/v2\/pages\/111\/revisions\/2044"}],"wp:attachment":[{"href":"https:\/\/sisu.ut.ee\/keeleylesanded\/wp-json\/wp\/v2\/media?parent=111"}],"curies":[{"name":"wp","href":"https:\/\/api.w.org\/{rel}","templated":true}]}}