{"id":109,"date":"2024-04-04T05:03:31","date_gmt":"2024-04-04T02:03:31","guid":{"rendered":"https:\/\/sisu.ut.ee\/keeleylesanded\/romaani-keelte-haaldus\/"},"modified":"2024-11-29T12:17:21","modified_gmt":"2024-11-29T10:17:21","slug":"romaani-keelte-haaldus","status":"publish","type":"page","link":"https:\/\/sisu.ut.ee\/keeleylesanded\/romaani-keelte-haaldus\/","title":{"rendered":"Romaani keelte h\u00e4\u00e4ldus"},"content":{"rendered":"<div><strong>Itaalia, hispaania ja prantsuse keel kuuluvad k\u00a0\u00f5ik romaani keelte hulka. Nende\u00a0h\u00e4\u00e4lduses on siiski erinevusi, mist\u00f5ttu sama kirjapildiga s\u00f5nad h\u00e4\u00e4lduvad eri\u00a0keeltes erinevalt.<\/strong><\/div>\n<div>\n<ul>\n<li><strong>Missugused reeglid leiad j\u00e4rgmiste n\u00e4ites\u00f5nade p\u00f5hjal\u00a0konsonantide <em>g <\/em>ja <em>c\u00a0<\/em>h\u00e4\u00e4ldamises(s\u00f5naalguskonsonandi h\u00e4\u00e4ldus on toodud s\u00f5na j\u00e4rel\u00a0nurksulgudes)? <\/strong><\/li>\n<li><strong>Missugused sarnasused ja erinevused on nende h\u00e4\u00e4likute h\u00e4\u00e4ldamises\u00a0kolme keele vahel?<\/strong><\/li>\n<\/ul>\n<div><\/div>\n<div>\n<div><strong>Itaalia keel<\/strong>: guerra [g], gola [g], generale [d ], gomma [g], ginnastica [d\u017e], gente [d\u017e];\u00a0cento [t\u0161], campagna [k], celebre [t\u0161], cultura [k], cuore [k], cielo [t\u0161]<\/div>\n<div><strong>Hispaania keel<\/strong>: guerra [g], garganta [g], general [h], goma [g], gimnasia [h], gente [h];\u00a0ciento [s], campo [k], c\u00e9lebre [s], cultura [k], corazon [k], cielo [s]<\/div>\n<div><strong>Prantsuse keel<\/strong>: guerre [g], gorge [g], g\u00e9n\u00e9ral [\u017e], gomme [g], gymnastique [\u017e], gens [\u017e];\u00a0cent [s], campagne [k], c\u00e9l\u00e8bre [s], culture [k], c\u0153ur [k], ciel [s]<\/div>\n<div><\/div>\n<div><\/div>\n<div><\/div>\n<div>\n<div><strong>Kuidas h\u00e4\u00e4lduvad need konsonandid j\u00e4rgmiste s\u00f5nade alguses?<\/strong><\/div>\n<div><\/div>\n<div><strong>Itaalia keel<\/strong>: gelato [ ], gatto [ ], casa [ ], gialla [ ], certo [ ], gonna [ ]<\/div>\n<div><strong>Hispaania keel<\/strong>: cinse [ ], gallo [ ], girar [ ], cosa [ ], genio [ ], calor [ ]<\/div>\n<div><strong>Prantsuse keel<\/strong>: gar\u00e7on [ ], coq [ ], cyclisme [ ], girafe [ ], centre [ ], genie [ ]<\/div>\n<div><\/div>\n<div>2004<\/div>\n<div>keskmine<\/div>\n<div>l\u00f5ppvoor<\/div>\n<\/div>\n<div><a href=\"https:\/\/sisu.ut.ee\/keeleylesanded\/romaani-keelte-haaldus-vastus\/\">Vastus<\/a><\/div>\n<\/div>\n<\/div>\n","protected":false},"excerpt":{"rendered":"<p>Itaalia, hispaania ja prantsuse keel kuuluvad k\u00a0\u00f5ik romaani keelte hulka. Nende\u00a0h\u00e4\u00e4lduses on siiski erinevusi, mist\u00f5ttu sama kirjapildiga s\u00f5nad h\u00e4\u00e4lduvad eri\u00a0keeltes erinevalt. Missugused reeglid leiad j\u00e4rgmiste n\u00e4ites\u00f5nade p\u00f5hjal\u00a0konsonantide g ja c\u00a0h\u00e4\u00e4ldamises(s\u00f5naalguskonsonandi h\u00e4\u00e4ldus on toodud s\u00f5na j\u00e4rel\u00a0nurksulgudes)? Missugused sarnasused ja erinevused on &#8230;<\/p>\n","protected":false},"author":185,"featured_media":0,"parent":0,"menu_order":0,"comment_status":"closed","ping_status":"closed","template":"","meta":{"_acf_changed":false,"inline_featured_image":false,"footnotes":""},"class_list":["post-109","page","type-page","status-publish","hentry"],"acf":[],"_links":{"self":[{"href":"https:\/\/sisu.ut.ee\/keeleylesanded\/wp-json\/wp\/v2\/pages\/109","targetHints":{"allow":["GET"]}}],"collection":[{"href":"https:\/\/sisu.ut.ee\/keeleylesanded\/wp-json\/wp\/v2\/pages"}],"about":[{"href":"https:\/\/sisu.ut.ee\/keeleylesanded\/wp-json\/wp\/v2\/types\/page"}],"author":[{"embeddable":true,"href":"https:\/\/sisu.ut.ee\/keeleylesanded\/wp-json\/wp\/v2\/users\/185"}],"replies":[{"embeddable":true,"href":"https:\/\/sisu.ut.ee\/keeleylesanded\/wp-json\/wp\/v2\/comments?post=109"}],"version-history":[{"count":2,"href":"https:\/\/sisu.ut.ee\/keeleylesanded\/wp-json\/wp\/v2\/pages\/109\/revisions"}],"predecessor-version":[{"id":1948,"href":"https:\/\/sisu.ut.ee\/keeleylesanded\/wp-json\/wp\/v2\/pages\/109\/revisions\/1948"}],"wp:attachment":[{"href":"https:\/\/sisu.ut.ee\/keeleylesanded\/wp-json\/wp\/v2\/media?parent=109"}],"curies":[{"name":"wp","href":"https:\/\/api.w.org\/{rel}","templated":true}]}}