{"id":108,"date":"2024-04-04T05:03:31","date_gmt":"2024-04-04T02:03:31","guid":{"rendered":"https:\/\/sisu.ut.ee\/keeleylesanded\/ladinakeelsed-sonad-0\/"},"modified":"2024-11-29T10:34:11","modified_gmt":"2024-11-29T08:34:11","slug":"ladinakeelsed-sonad-0","status":"publish","type":"page","link":"https:\/\/sisu.ut.ee\/keeleylesanded\/ladinakeelsed-sonad-0\/","title":{"rendered":"Ladinakeelsed s\u00f5nad"},"content":{"rendered":"<p style=\"text-align: justify;\"><b>Ladina eesliitel \u2013<i>in<\/i> on kaks t\u00e4hendust: 1) \u2019mitte\u2019, 2) \u2019sisse\u2019. Kui eesliide <i>in-<\/i> liitub s\u00f5nadele, siis v\u00f5ib selle l\u00f5pukonsonant <i>n<\/i> sarnastuda j\u00e4rgneva konsonandiga <i>m, l, r. <\/i>J\u00e4rgmises tabelis on ladinakeelsed s\u00f5nad ja nende t\u00e4hendused. Liida neile <i>in-<\/i> ja moodusta vastava s\u00f5naliigi v\u00f5\u00f5rs\u00f5na eesti keeles. Kirjuta ka s\u00f5na t\u00e4hendus. <\/b><\/p>\n<table class=\"table table-hover\" style=\"border-collapse: collapse; border: solidwindowtext1.0pt;\">\n<tbody>\n<tr>\n<td style=\"width: 90.6pt; border: solidwindowtext1.0pt;\" width=\"121\">\n<p style=\"margin-bottom: .0001pt; padding: 0cm5.4pt0cm5.4pt;\"><span style=\"line-height: normal;\"><b>Ladina s\u00f5na<\/b><\/span><\/p>\n<\/td>\n<td style=\"width: 90.6pt; border: solidwindowtext1.0pt; border-left: none;\" width=\"121\">\n<p style=\"margin-bottom: .0001pt; padding: 0cm5.4pt0cm5.4pt;\"><span style=\"line-height: normal;\"><b>T\u00e4hendus<\/b><\/span><\/p>\n<\/td>\n<td style=\"width: 90.6pt; border: solidwindowtext1.0pt; border-left: none;\" width=\"121\">\n<p style=\"margin-bottom: .0001pt; padding: 0cm5.4pt0cm5.4pt;\"><span style=\"line-height: normal;\"><b>Moodustatava s\u00f5na s\u00f5naliik<\/b><\/span><\/p>\n<\/td>\n<td style=\"width: 90.65pt; border: solidwindowtext1.0pt; border-left: none;\" width=\"121\">\n<p style=\"margin-bottom: .0001pt; padding: 0cm5.4pt0cm5.4pt;\"><span style=\"line-height: normal;\"><b>V\u00f5\u00f5rs\u00f5na eesti keeles<\/b><\/span><\/p>\n<\/td>\n<td style=\"width: 90.65pt; border: solidwindowtext1.0pt; border-left: none;\" width=\"121\">\n<p style=\"margin-bottom: .0001pt; padding: 0cm5.4pt0cm5.4pt;\"><span style=\"line-height: normal;\"><b>T\u00e4hendus<\/b><\/span><\/p>\n<\/td>\n<\/tr>\n<tr>\n<td style=\"width: 90.6pt; border: solidwindowtext1.0pt; border-top: none;\" width=\"121\">\n<p style=\"margin-bottom: .0001pt; padding: 0cm5.4pt0cm5.4pt;\"><span style=\"line-height: normal;\"><i>spir<\/i><i>\u0101tio<\/i><\/span><\/p>\n<\/td>\n<td style=\"width: 90.6pt; border-top: none; border-left: none; border-bottom: solidwindowtext1.0pt; border-right: solidwindowtext1.0pt;\" width=\"121\">\n<p style=\"margin-bottom: .0001pt; padding: 0cm5.4pt0cm5.4pt;\"><span style=\"line-height: normal;\">hingamine, puhumine<\/span><\/p>\n<\/td>\n<td style=\"width: 90.6pt; border-top: none; border-left: none; border-bottom: solidwindowtext1.0pt; border-right: solidwindowtext1.0pt;\" width=\"121\">\n<p style=\"margin-bottom: .0001pt; padding: 0cm5.4pt0cm5.4pt;\"><span style=\"line-height: normal;\">nimis\u00f5na<\/span><\/p>\n<\/td>\n<td style=\"width: 90.65pt; border-top: none; border-left: none; border-bottom: solidwindowtext1.0pt; border-right: solidwindowtext1.0pt;\" width=\"121\">\n<p style=\"margin-bottom: .0001pt; padding: 0cm5.4pt0cm5.4pt;\"><span style=\"line-height: normal;\">inspiratsioon<\/span><\/p>\n<\/td>\n<td style=\"width: 90.65pt; border-top: none; border-left: none; border-bottom: solidwindowtext1.0pt; border-right: solidwindowtext1.0pt;\" width=\"121\">\n<p style=\"margin-bottom: .0001pt; padding: 0cm5.4pt0cm5.4pt;\"><span style=\"line-height: normal;\">sisendus, loominguline innustus<\/span><\/p>\n<\/td>\n<\/tr>\n<tr>\n<td style=\"width: 90.6pt; border: solidwindowtext1.0pt; border-top: none;\" width=\"121\">\n<p style=\"margin-bottom: .0001pt; padding: 0cm5.4pt0cm5.4pt;\"><span style=\"line-height: normal;\"><i>leg<\/i><i>\u0101lis<\/i><\/span><\/p>\n<\/td>\n<td style=\"width: 90.6pt; border-top: none; border-left: none; border-bottom: solidwindowtext1.0pt; border-right: solidwindowtext1.0pt;\" width=\"121\">\n<p style=\"margin-bottom: .0001pt; padding: 0cm5.4pt0cm5.4pt;\"><span style=\"line-height: normal;\">seaduslik<\/span><\/p>\n<\/td>\n<td style=\"width: 90.6pt; border-top: none; border-left: none; border-bottom: solidwindowtext1.0pt; border-right: solidwindowtext1.0pt;\" width=\"121\">\n<p style=\"margin-bottom: .0001pt; padding: 0cm5.4pt0cm5.4pt;\"><span style=\"line-height: normal;\">omaduss\u00f5na<\/span><\/p>\n<\/td>\n<td style=\"width: 90.65pt; border-top: none; border-left: none; border-bottom: solidwindowtext1.0pt; border-right: solidwindowtext1.0pt;\" width=\"121\">\n<p style=\"margin-bottom: .0001pt; padding: 0cm5.4pt0cm5.4pt;\">\n<\/p><\/td>\n<td style=\"width: 90.65pt; border-top: none; border-left: none; border-bottom: solidwindowtext1.0pt; border-right: solidwindowtext1.0pt;\" width=\"121\">\n<p style=\"margin-bottom: .0001pt; padding: 0cm5.4pt0cm5.4pt;\">\n<\/p><\/td>\n<\/tr>\n<tr>\n<td style=\"width: 90.6pt; border: solidwindowtext1.0pt; border-top: none;\" width=\"121\">\n<p style=\"margin-bottom: .0001pt; padding: 0cm5.4pt0cm5.4pt;\"><span style=\"line-height: normal;\"><i>materia<\/i><\/span><\/p>\n<\/td>\n<td style=\"width: 90.6pt; border-top: none; border-left: none; border-bottom: solidwindowtext1.0pt; border-right: solidwindowtext1.0pt;\" width=\"121\">\n<p style=\"margin-bottom: .0001pt; padding: 0cm5.4pt0cm5.4pt;\"><span style=\"line-height: normal;\">aine<\/span><\/p>\n<\/td>\n<td style=\"width: 90.6pt; border-top: none; border-left: none; border-bottom: solidwindowtext1.0pt; border-right: solidwindowtext1.0pt;\" width=\"121\">\n<p style=\"margin-bottom: .0001pt; padding: 0cm5.4pt0cm5.4pt;\"><span style=\"line-height: normal;\">omaduss\u00f5na<\/span><\/p>\n<\/td>\n<td style=\"width: 90.65pt; border-top: none; border-left: none; border-bottom: solidwindowtext1.0pt; border-right: solidwindowtext1.0pt;\" width=\"121\">\n<p style=\"margin-bottom: .0001pt; padding: 0cm5.4pt0cm5.4pt;\">\n<\/p><\/td>\n<td style=\"width: 90.65pt; border-top: none; border-left: none; border-bottom: solidwindowtext1.0pt; border-right: solidwindowtext1.0pt;\" width=\"121\">\n<p style=\"margin-bottom: .0001pt; padding: 0cm5.4pt0cm5.4pt;\">\n<\/p><\/td>\n<\/tr>\n<tr>\n<td style=\"width: 90.6pt; border: solidwindowtext1.0pt; border-top: none;\" width=\"121\">\n<p style=\"margin-bottom: .0001pt; padding: 0cm5.4pt0cm5.4pt;\"><span style=\"line-height: normal;\"><i>dir<\/i><i>\u0113ctus<\/i><\/span><\/p>\n<\/td>\n<td style=\"width: 90.6pt; border-top: none; border-left: none; border-bottom: solidwindowtext1.0pt; border-right: solidwindowtext1.0pt;\" width=\"121\">\n<p style=\"margin-bottom: .0001pt; padding: 0cm5.4pt0cm5.4pt;\"><span style=\"line-height: normal;\">otsene<\/span><\/p>\n<\/td>\n<td style=\"width: 90.6pt; border-top: none; border-left: none; border-bottom: solidwindowtext1.0pt; border-right: solidwindowtext1.0pt;\" width=\"121\">\n<p style=\"margin-bottom: .0001pt; padding: 0cm5.4pt0cm5.4pt;\"><span style=\"line-height: normal;\">omaduss\u00f5na<\/span><\/p>\n<\/td>\n<td style=\"width: 90.65pt; border-top: none; border-left: none; border-bottom: solidwindowtext1.0pt; border-right: solidwindowtext1.0pt;\" width=\"121\">\n<p style=\"margin-bottom: .0001pt; padding: 0cm5.4pt0cm5.4pt;\">\n<\/p><\/td>\n<td style=\"width: 90.65pt; border-top: none; border-left: none; border-bottom: solidwindowtext1.0pt; border-right: solidwindowtext1.0pt;\" width=\"121\">\n<p style=\"margin-bottom: .0001pt; padding: 0cm5.4pt0cm5.4pt;\">\n<\/p><\/td>\n<\/tr>\n<tr>\n<td style=\"width: 90.6pt; border: solidwindowtext1.0pt; border-top: none;\" width=\"121\">\n<p style=\"margin-bottom: .0001pt; padding: 0cm5.4pt0cm5.4pt;\"><span style=\"line-height: normal;\"><i>r<\/i><i>\u0113gula<\/i><\/span><\/p>\n<\/td>\n<td style=\"width: 90.6pt; border-top: none; border-left: none; border-bottom: solidwindowtext1.0pt; border-right: solidwindowtext1.0pt;\" width=\"121\">\n<p style=\"margin-bottom: .0001pt; padding: 0cm5.4pt0cm5.4pt;\"><span style=\"line-height: normal;\">norm, reegel<\/span><\/p>\n<\/td>\n<td style=\"width: 90.6pt; border-top: none; border-left: none; border-bottom: solidwindowtext1.0pt; border-right: solidwindowtext1.0pt;\" width=\"121\">\n<p style=\"margin-bottom: .0001pt; padding: 0cm5.4pt0cm5.4pt;\"><span style=\"line-height: normal;\">nimis\u00f5na<\/span><\/p>\n<\/td>\n<td style=\"width: 90.65pt; border-top: none; border-left: none; border-bottom: solidwindowtext1.0pt; border-right: solidwindowtext1.0pt;\" width=\"121\">\n<p style=\"margin-bottom: .0001pt; padding: 0cm5.4pt0cm5.4pt;\">\n<\/p><\/td>\n<td style=\"width: 90.65pt; border-top: none; border-left: none; border-bottom: solidwindowtext1.0pt; border-right: solidwindowtext1.0pt;\" width=\"121\">\n<p style=\"margin-bottom: .0001pt; padding: 0cm5.4pt0cm5.4pt;\">\n<\/p><\/td>\n<\/tr>\n<tr>\n<td style=\"width: 90.6pt; border: solidwindowtext1.0pt; border-top: none;\" width=\"121\">\n<p style=\"margin-bottom: .0001pt; padding: 0cm5.4pt0cm5.4pt;\"><span style=\"line-height: normal;\"><i>somnium<\/i><\/span><\/p>\n<\/td>\n<td style=\"width: 90.6pt; border-top: none; border-left: none; border-bottom: solidwindowtext1.0pt; border-right: solidwindowtext1.0pt;\" width=\"121\">\n<p style=\"margin-bottom: .0001pt; padding: 0cm5.4pt0cm5.4pt;\"><span style=\"line-height: normal;\">uni<\/span><\/p>\n<\/td>\n<td style=\"width: 90.6pt; border-top: none; border-left: none; border-bottom: solidwindowtext1.0pt; border-right: solidwindowtext1.0pt;\" width=\"121\">\n<p style=\"margin-bottom: .0001pt; padding: 0cm5.4pt0cm5.4pt;\"><span style=\"line-height: normal;\">nimis\u00f5na<\/span><\/p>\n<\/td>\n<td style=\"width: 90.65pt; border-top: none; border-left: none; border-bottom: solidwindowtext1.0pt; border-right: solidwindowtext1.0pt;\" width=\"121\">\n<p style=\"margin-bottom: .0001pt; padding: 0cm5.4pt0cm5.4pt;\">\n<\/p><\/td>\n<td style=\"width: 90.65pt; border-top: none; border-left: none; border-bottom: solidwindowtext1.0pt; border-right: solidwindowtext1.0pt;\" width=\"121\">\n<p style=\"margin-bottom: .0001pt; padding: 0cm5.4pt0cm5.4pt;\">\n<\/p><\/td>\n<\/tr>\n<tr>\n<td style=\"width: 90.6pt; border: solidwindowtext1.0pt; border-top: none;\" width=\"121\">\n<p style=\"margin-bottom: .0001pt; padding: 0cm5.4pt0cm5.4pt;\"><span style=\"line-height: normal;\"><i>migr<\/i><i>\u0101tio<\/i><\/span><\/p>\n<\/td>\n<td style=\"width: 90.6pt; border-top: none; border-left: none; border-bottom: solidwindowtext1.0pt; border-right: solidwindowtext1.0pt;\" width=\"121\">\n<p style=\"margin-bottom: .0001pt; padding: 0cm5.4pt0cm5.4pt;\"><span style=\"line-height: normal;\">\u00fcleminek, elukoha muutmine<\/span><\/p>\n<\/td>\n<td style=\"width: 90.6pt; border-top: none; border-left: none; border-bottom: solidwindowtext1.0pt; border-right: solidwindowtext1.0pt;\" width=\"121\">\n<p style=\"margin-bottom: .0001pt; padding: 0cm5.4pt0cm5.4pt;\"><span style=\"line-height: normal;\">nimis\u00f5na<\/span><\/p>\n<\/td>\n<td style=\"width: 90.65pt; border-top: none; border-left: none; border-bottom: solidwindowtext1.0pt; border-right: solidwindowtext1.0pt;\" width=\"121\">\n<p style=\"margin-bottom: .0001pt; padding: 0cm5.4pt0cm5.4pt;\">\n<\/p><\/td>\n<td style=\"width: 90.65pt; border-top: none; border-left: none; border-bottom: solidwindowtext1.0pt; border-right: solidwindowtext1.0pt;\" width=\"121\">\n<p style=\"margin-bottom: .0001pt; padding: 0cm5.4pt0cm5.4pt;\">\n<\/p><\/td>\n<\/tr>\n<tr>\n<td style=\"width: 90.6pt; border: solidwindowtext1.0pt; border-top: none;\" width=\"121\">\n<p style=\"margin-bottom: .0001pt; padding: 0cm5.4pt0cm5.4pt;\"><span style=\"line-height: normal;\"><i>matr<\/i><i>\u012bcula<\/i><\/span><\/p>\n<\/td>\n<td style=\"width: 90.6pt; border-top: none; border-left: none; border-bottom: solidwindowtext1.0pt; border-right: solidwindowtext1.0pt;\" width=\"121\">\n<p style=\"margin-bottom: .0001pt; padding: 0cm5.4pt0cm5.4pt;\"><span style=\"line-height: normal;\">nimekiri<\/span><\/p>\n<\/td>\n<td style=\"width: 90.6pt; border-top: none; border-left: none; border-bottom: solidwindowtext1.0pt; border-right: solidwindowtext1.0pt;\" width=\"121\">\n<p style=\"margin-bottom: .0001pt; padding: 0cm5.4pt0cm5.4pt;\"><span style=\"line-height: normal;\">tegus\u00f5na<\/span><\/p>\n<\/td>\n<td style=\"width: 90.65pt; border-top: none; border-left: none; border-bottom: solidwindowtext1.0pt; border-right: solidwindowtext1.0pt;\" width=\"121\">\n<p style=\"margin-bottom: .0001pt; padding: 0cm5.4pt0cm5.4pt;\">\n<\/p><\/td>\n<td style=\"width: 90.65pt; border-top: none; border-left: none; border-bottom: solidwindowtext1.0pt; border-right: solidwindowtext1.0pt;\" width=\"121\">\n<p style=\"margin-bottom: .0001pt; padding: 0cm5.4pt0cm5.4pt;\">\n<\/p><\/td>\n<\/tr>\n<tr>\n<td style=\"width: 90.6pt; border: solidwindowtext1.0pt; border-top: none;\" width=\"121\">\n<p style=\"margin-bottom: .0001pt; padding: 0cm5.4pt0cm5.4pt;\"><span style=\"line-height: normal;\"><i>caro : carnis<\/i><\/span><\/p>\n<\/td>\n<td style=\"width: 90.6pt; border-top: none; border-left: none; border-bottom: solidwindowtext1.0pt; border-right: solidwindowtext1.0pt;\" width=\"121\">\n<p style=\"margin-bottom: .0001pt; padding: 0cm5.4pt0cm5.4pt;\"><span style=\"line-height: normal;\">liha : liha (om)<\/span><\/p>\n<\/td>\n<td style=\"width: 90.6pt; border-top: none; border-left: none; border-bottom: solidwindowtext1.0pt; border-right: solidwindowtext1.0pt;\" width=\"121\">\n<p style=\"margin-bottom: .0001pt; padding: 0cm5.4pt0cm5.4pt;\"><span style=\"line-height: normal;\">nimis\u00f5na<\/span><\/p>\n<\/td>\n<td style=\"width: 90.65pt; border-top: none; border-left: none; border-bottom: solidwindowtext1.0pt; border-right: solidwindowtext1.0pt;\" width=\"121\">\n<p style=\"margin-bottom: .0001pt; padding: 0cm5.4pt0cm5.4pt;\">\n<\/p><\/td>\n<td style=\"width: 90.65pt; border-top: none; border-left: none; border-bottom: solidwindowtext1.0pt; border-right: solidwindowtext1.0pt;\" width=\"121\">\n<p style=\"margin-bottom: .0001pt; padding: 0cm5.4pt0cm5.4pt;\">\n<\/p><\/td>\n<\/tr>\n<tr>\n<td style=\"width: 90.6pt; border: solidwindowtext1.0pt; border-top: none;\" width=\"121\">\n<p style=\"margin-bottom: .0001pt; padding: 0cm5.4pt0cm5.4pt;\"><span style=\"line-height: normal;\"><i>re<\/i><i>\u0101lis<\/i><\/span><\/p>\n<\/td>\n<td style=\"width: 90.6pt; border-top: none; border-left: none; border-bottom: solidwindowtext1.0pt; border-right: solidwindowtext1.0pt;\" width=\"121\">\n<p style=\"margin-bottom: .0001pt; padding: 0cm5.4pt0cm5.4pt;\"><span style=\"line-height: normal;\">t\u00f5eline<\/span><\/p>\n<\/td>\n<td style=\"width: 90.6pt; border-top: none; border-left: none; border-bottom: solidwindowtext1.0pt; border-right: solidwindowtext1.0pt;\" width=\"121\">\n<p style=\"margin-bottom: .0001pt; padding: 0cm5.4pt0cm5.4pt;\"><span style=\"line-height: normal;\">omaduss\u00f5na<\/span><\/p>\n<\/td>\n<td style=\"width: 90.65pt; border-top: none; border-left: none; border-bottom: solidwindowtext1.0pt; border-right: solidwindowtext1.0pt;\" width=\"121\">\n<p style=\"margin-bottom: .0001pt; padding: 0cm5.4pt0cm5.4pt;\">\n<\/p><\/td>\n<td style=\"width: 90.65pt; border-top: none; border-left: none; border-bottom: solidwindowtext1.0pt; border-right: solidwindowtext1.0pt;\" width=\"121\">\n<p style=\"margin-bottom: .0001pt; padding: 0cm5.4pt0cm5.4pt;\">\n<\/p><\/td>\n<\/tr>\n<tr>\n<td style=\"width: 90.6pt; border: solidwindowtext1.0pt; border-top: none;\" width=\"121\">\n<p style=\"margin-bottom: .0001pt; padding: 0cm5.4pt0cm5.4pt;\"><span style=\"line-height: normal;\"><i>form<\/i><i>\u0101lis<\/i><\/span><\/p>\n<\/td>\n<td style=\"width: 90.6pt; border-top: none; border-left: none; border-bottom: solidwindowtext1.0pt; border-right: solidwindowtext1.0pt;\" width=\"121\">\n<p style=\"margin-bottom: .0001pt; padding: 0cm5.4pt0cm5.4pt;\"><span style=\"line-height: normal;\">vormiline<\/span><\/p>\n<\/td>\n<td style=\"width: 90.6pt; border-top: none; border-left: none; border-bottom: solidwindowtext1.0pt; border-right: solidwindowtext1.0pt;\" width=\"121\">\n<p style=\"margin-bottom: .0001pt; padding: 0cm5.4pt0cm5.4pt;\"><span style=\"line-height: normal;\">omaduss\u00f5na<\/span><\/p>\n<\/td>\n<td style=\"width: 90.65pt; border-top: none; border-left: none; border-bottom: solidwindowtext1.0pt; border-right: solidwindowtext1.0pt;\" width=\"121\">\n<p style=\"margin-bottom: .0001pt; padding: 0cm5.4pt0cm5.4pt;\">\n<\/p><\/td>\n<td style=\"width: 90.65pt; border-top: none; border-left: none; border-bottom: solidwindowtext1.0pt; border-right: solidwindowtext1.0pt;\" width=\"121\">\n<p style=\"margin-bottom: .0001pt; padding: 0cm5.4pt0cm5.4pt;\">\n<\/p><\/td>\n<\/tr>\n<\/tbody>\n<\/table>\n<p>2008<\/p>\n<p>vanem, keskmine<\/p>\n<p>l\u00f5ppvoor<\/p>\n<p><a href=\"https:\/\/sisu.ut.ee\/keeleylesanded\/ladinakeelsed-sonad-vastus\/\">Vastus<\/a><\/p>\n","protected":false},"excerpt":{"rendered":"<p>Ladina eesliitel \u2013in on kaks t\u00e4hendust: 1) \u2019mitte\u2019, 2) \u2019sisse\u2019. Kui eesliide in- liitub s\u00f5nadele, siis v\u00f5ib selle l\u00f5pukonsonant n sarnastuda j\u00e4rgneva konsonandiga m, l, r. J\u00e4rgmises tabelis on ladinakeelsed s\u00f5nad ja nende t\u00e4hendused. Liida neile in- ja moodusta vastava &#8230;<\/p>\n","protected":false},"author":185,"featured_media":0,"parent":0,"menu_order":0,"comment_status":"closed","ping_status":"closed","template":"","meta":{"_acf_changed":false,"inline_featured_image":false,"footnotes":""},"class_list":["post-108","page","type-page","status-publish","hentry"],"acf":[],"_links":{"self":[{"href":"https:\/\/sisu.ut.ee\/keeleylesanded\/wp-json\/wp\/v2\/pages\/108","targetHints":{"allow":["GET"]}}],"collection":[{"href":"https:\/\/sisu.ut.ee\/keeleylesanded\/wp-json\/wp\/v2\/pages"}],"about":[{"href":"https:\/\/sisu.ut.ee\/keeleylesanded\/wp-json\/wp\/v2\/types\/page"}],"author":[{"embeddable":true,"href":"https:\/\/sisu.ut.ee\/keeleylesanded\/wp-json\/wp\/v2\/users\/185"}],"replies":[{"embeddable":true,"href":"https:\/\/sisu.ut.ee\/keeleylesanded\/wp-json\/wp\/v2\/comments?post=108"}],"version-history":[{"count":2,"href":"https:\/\/sisu.ut.ee\/keeleylesanded\/wp-json\/wp\/v2\/pages\/108\/revisions"}],"predecessor-version":[{"id":1879,"href":"https:\/\/sisu.ut.ee\/keeleylesanded\/wp-json\/wp\/v2\/pages\/108\/revisions\/1879"}],"wp:attachment":[{"href":"https:\/\/sisu.ut.ee\/keeleylesanded\/wp-json\/wp\/v2\/media?parent=108"}],"curies":[{"name":"wp","href":"https:\/\/api.w.org\/{rel}","templated":true}]}}