{"id":107,"date":"2024-04-04T05:03:30","date_gmt":"2024-04-04T02:03:30","guid":{"rendered":"https:\/\/sisu.ut.ee\/keeleylesanded\/pealkirja-struktuur\/"},"modified":"2024-11-29T12:03:24","modified_gmt":"2024-11-29T10:03:24","slug":"pealkirja-struktuur","status":"publish","type":"page","link":"https:\/\/sisu.ut.ee\/keeleylesanded\/pealkirja-struktuur\/","title":{"rendered":"Pealkirja struktuur"},"content":{"rendered":"<p><b>Liigitage j\u00e4rgnevad pealkirjad kolme r\u00fchma vastavalt struktuurile. Kirjutage struktuurit\u00fc\u00fcbi j\u00e4rele pealkirjade numbrid.<\/b><\/p>\n<ol>\n<li>Lumekahurid t\u00e4idavad suusatajate unistusi<\/li>\n<li>Eelarve vaeslapsed<\/li>\n<li>Ansambel Eesti Keeled \u2013 k\u00fcmme aastat kaunist k\u00f5la<\/li>\n<li>Kuulekas k\u00f5rgepalgaline<\/li>\n<li>Maa-amet paneb riigimaad j\u00f5ulum\u00fc\u00fcki<\/li>\n<li>Majandus juba teist kuud t\u00f5usuteel<\/li>\n<li>R\u00f5ngu vald l\u00e4heb riigi vastu kohtusse<\/li>\n<li>Populismi hind<\/li>\n<li>Peeter Mardna valiti m\u00f5jukaks meedikuks<\/li>\n<li>Noore teadlase preemia sel aastal Mait M\u00fcntelile<\/li>\n<li>Kopenhaageni kliimakonverents politsei tihendatud valve all<\/li>\n<li>Ettevalmistus \u00f5nnelikuks eluks<\/li>\n<\/ol>\n<p><strong>Pealkirjaks on t\u00e4islause:<\/strong><\/p>\n<p><strong>Pealkirjaks on elliptiline lause:<\/strong><\/p>\n<p><strong>Pealkirjaks on nimis\u00f5nafraas:<\/strong><\/p>\n<p>2010<\/p>\n<p>vanem, keskmine<\/p>\n<p>piirkonnavoor<\/p>\n<p><a href=\"https:\/\/sisu.ut.ee\/keeleylesanded\/pealkirja-struktuur-vastus\/\">Vastus<\/a><\/p>\n","protected":false},"excerpt":{"rendered":"<p>Liigitage j\u00e4rgnevad pealkirjad kolme r\u00fchma vastavalt struktuurile. Kirjutage struktuurit\u00fc\u00fcbi j\u00e4rele pealkirjade numbrid. Lumekahurid t\u00e4idavad suusatajate unistusi Eelarve vaeslapsed Ansambel Eesti Keeled \u2013 k\u00fcmme aastat kaunist k\u00f5la Kuulekas k\u00f5rgepalgaline Maa-amet paneb riigimaad j\u00f5ulum\u00fc\u00fcki Majandus juba teist kuud t\u00f5usuteel R\u00f5ngu vald l\u00e4heb &#8230;<\/p>\n","protected":false},"author":185,"featured_media":0,"parent":0,"menu_order":0,"comment_status":"closed","ping_status":"closed","template":"","meta":{"_acf_changed":false,"inline_featured_image":false,"footnotes":""},"class_list":["post-107","page","type-page","status-publish","hentry"],"acf":[],"_links":{"self":[{"href":"https:\/\/sisu.ut.ee\/keeleylesanded\/wp-json\/wp\/v2\/pages\/107","targetHints":{"allow":["GET"]}}],"collection":[{"href":"https:\/\/sisu.ut.ee\/keeleylesanded\/wp-json\/wp\/v2\/pages"}],"about":[{"href":"https:\/\/sisu.ut.ee\/keeleylesanded\/wp-json\/wp\/v2\/types\/page"}],"author":[{"embeddable":true,"href":"https:\/\/sisu.ut.ee\/keeleylesanded\/wp-json\/wp\/v2\/users\/185"}],"replies":[{"embeddable":true,"href":"https:\/\/sisu.ut.ee\/keeleylesanded\/wp-json\/wp\/v2\/comments?post=107"}],"version-history":[{"count":2,"href":"https:\/\/sisu.ut.ee\/keeleylesanded\/wp-json\/wp\/v2\/pages\/107\/revisions"}],"predecessor-version":[{"id":1930,"href":"https:\/\/sisu.ut.ee\/keeleylesanded\/wp-json\/wp\/v2\/pages\/107\/revisions\/1930"}],"wp:attachment":[{"href":"https:\/\/sisu.ut.ee\/keeleylesanded\/wp-json\/wp\/v2\/media?parent=107"}],"curies":[{"name":"wp","href":"https:\/\/api.w.org\/{rel}","templated":true}]}}