{"id":102,"date":"2024-04-04T05:03:30","date_gmt":"2024-04-04T02:03:30","guid":{"rendered":"https:\/\/sisu.ut.ee\/keeleylesanded\/olev-kaane-0\/"},"modified":"2024-11-29T11:54:18","modified_gmt":"2024-11-29T09:54:18","slug":"olev-kaane-0","status":"publish","type":"page","link":"https:\/\/sisu.ut.ee\/keeleylesanded\/olev-kaane-0\/","title":{"rendered":"Olev k\u00e4\u00e4ne"},"content":{"rendered":"<p>Eesti keele olev k\u00e4\u00e4ne on t\u00e4nap\u00e4eval v\u00e4ga palju kasutatav k\u00e4\u00e4ne. Ent see ei ole alati nii olnud. Olev k\u00e4\u00e4ne oli 19. sajandi l\u00f5puks praktiliselt v\u00e4lja surnud, see oli aktiivsemalt kasutatav veel Kirde-Eestis, mujal ainult \u00fcksikutes s\u00f5nades. Vanemast kirjakeelest puudus olev k\u00e4\u00e4ne sootuks. 1843. aastal esitas Eduard Ahrens (kes tundis h\u00e4sti Kirde-Eesti murdeid) oleva k\u00e4\u00e4nde oma grammatikas, ent pisut teistsugusel kujul, kui see t\u00e4nap\u00e4eval on. T\u00e4nap\u00e4evasel kujul esitas oleva k\u00e4\u00e4nde K. A. Hermann 1884. a, seda v\u00f5ib pidada ka oleva k\u00e4\u00e4nde taaselustamise katseks eesti keeles.<\/p>\n<p>J\u00e4rgnevalt on esitatud rida olevas k\u00e4\u00e4ndes s\u00f5nu, mis on p\u00e4rit enne ja p\u00e4rast oleva k\u00e4\u00e4nde taaselustamist 1884. a.<\/p>\n<p>NB! S\u00f5na ees olev m\u00e4rk ` t\u00e4histab 3. v\u00e4ltes s\u00f5na.<\/p>\n<p><em>`nahkana, sepana, `keelena, `lauluna, `kassina, lauluna, keelena, kassina, `leskena, k\u00f5huna<\/em><\/p>\n<p>1. <b>Sorteeri eelnevad s\u00f5nad kahte r\u00fchma selle j\u00e4rgi, kas tegu on enne v\u00f5i p\u00e4rast oleva k\u00e4\u00e4nde taaselustamist levinud vormidega.<\/b><\/p>\n<table class=\"table table-hover\" style=\"border-collapse: collapse; border: solidwindowtext1.0pt;\">\n<tbody>\n<tr>\n<td style=\"width: 226.55pt; border: solidwindowtext1.0pt;\" width=\"302\">\n<p style=\"margin-bottom: .0001pt; padding: 0cm5.4pt0cm5.4pt;\"><span style=\"line-height: normal;\"><b>Enne taaselustamist<\/b><\/span><\/p>\n<\/td>\n<td style=\"width: 226.55pt; border: solidwindowtext1.0pt; border-left: none;\" width=\"302\">\n<p style=\"margin-bottom: .0001pt; padding: 0cm5.4pt0cm5.4pt;\"><span style=\"line-height: normal;\"><b>P\u00e4rast taaselustamist<\/b><\/span><\/p>\n<\/td>\n<\/tr>\n<tr>\n<td style=\"width: 226.55pt; border: solidwindowtext1.0pt; border-top: none;\" width=\"302\">\n<p style=\"margin-bottom: .0001pt; padding: 0cm5.4pt0cm5.4pt;\">\n<\/p><\/td>\n<td style=\"width: 226.55pt; border-top: none; border-left: none; border-bottom: solidwindowtext1.0pt; border-right: solidwindowtext1.0pt;\" width=\"302\">\n<p style=\"margin-bottom: .0001pt; padding: 0cm5.4pt0cm5.4pt;\">\n<\/p><\/td>\n<\/tr>\n<tr>\n<td style=\"width: 226.55pt; border: solidwindowtext1.0pt; border-top: none;\" width=\"302\">\n<p style=\"margin-bottom: .0001pt; padding: 0cm5.4pt0cm5.4pt;\">\n<\/p><\/td>\n<td style=\"width: 226.55pt; border-top: none; border-left: none; border-bottom: solidwindowtext1.0pt; border-right: solidwindowtext1.0pt;\" width=\"302\">\n<p style=\"margin-bottom: .0001pt; padding: 0cm5.4pt0cm5.4pt;\">\n<\/p><\/td>\n<\/tr>\n<tr>\n<td style=\"width: 226.55pt; border: solidwindowtext1.0pt; border-top: none;\" width=\"302\">\n<p style=\"margin-bottom: .0001pt; padding: 0cm5.4pt0cm5.4pt;\">\n<\/p><\/td>\n<td style=\"width: 226.55pt; border-top: none; border-left: none; border-bottom: solidwindowtext1.0pt; border-right: solidwindowtext1.0pt;\" width=\"302\">\n<p style=\"margin-bottom: .0001pt; padding: 0cm5.4pt0cm5.4pt;\">\n<\/p><\/td>\n<\/tr>\n<tr>\n<td style=\"width: 226.55pt; border: solidwindowtext1.0pt; border-top: none;\" width=\"302\">\n<p style=\"margin-bottom: .0001pt; padding: 0cm5.4pt0cm5.4pt;\">\n<\/p><\/td>\n<td style=\"width: 226.55pt; border-top: none; border-left: none; border-bottom: solidwindowtext1.0pt; border-right: solidwindowtext1.0pt;\" width=\"302\">\n<p style=\"margin-bottom: .0001pt; padding: 0cm5.4pt0cm5.4pt;\">\n<\/p><\/td>\n<\/tr>\n<tr>\n<td style=\"width: 226.55pt; border: solidwindowtext1.0pt; border-top: none;\" width=\"302\">\n<p style=\"margin-bottom: .0001pt; padding: 0cm5.4pt0cm5.4pt;\">\n<\/p><\/td>\n<td style=\"width: 226.55pt; border-top: none; border-left: none; border-bottom: solidwindowtext1.0pt; border-right: solidwindowtext1.0pt;\" width=\"302\">\n<p style=\"margin-bottom: .0001pt; padding: 0cm5.4pt0cm5.4pt;\">\n<\/p><\/td>\n<\/tr>\n<tr>\n<td style=\"width: 226.55pt; border: solidwindowtext1.0pt; border-top: none;\" width=\"302\">\n<p style=\"margin-bottom: .0001pt; padding: 0cm5.4pt0cm5.4pt;\">\n<\/p><\/td>\n<td style=\"width: 226.55pt; border-top: none; border-left: none; border-bottom: solidwindowtext1.0pt; border-right: solidwindowtext1.0pt;\" width=\"302\">\n<p style=\"margin-bottom: .0001pt; padding: 0cm5.4pt0cm5.4pt;\">\n<\/p><\/td>\n<\/tr>\n<\/tbody>\n<\/table>\n<p><b>2. Kirjuta, kuidas oleks enne taaselustamist moodustatud olevat k\u00e4\u00e4net j\u00e4rgmistest s\u00f5nadest:<\/b><\/p>\n<p><i>poeg \u2026\u2026\u2026\u2026\u2026\u2026\u2026\u2026\u2026\u2026\u2026\u2026\u2026.<\/i><\/p>\n<p><i>palk \u2026\u2026\u2026\u2026\u2026\u2026\u2026\u2026\u2026\u2026\u2026\u2026\u2026..<\/i><\/p>\n<p><b>3. Mille poolest erinevad oleva k\u00e4\u00e4nde vormid enne ja p\u00e4rast Hermanni oleva k\u00e4\u00e4nde taaselustamise katset?<\/b><\/p>\n<p>2008<\/p>\n<p>vanem, keskmine<\/p>\n<p>l\u00f5ppvoor<\/p>\n<p><a href=\"https:\/\/sisu.ut.ee\/keeleylesanded\/olev-kaane-vastus\/\">Vastus<\/a><\/p>\n","protected":false},"excerpt":{"rendered":"<p>Eesti keele olev k\u00e4\u00e4ne on t\u00e4nap\u00e4eval v\u00e4ga palju kasutatav k\u00e4\u00e4ne. Ent see ei ole alati nii olnud. Olev k\u00e4\u00e4ne oli 19. sajandi l\u00f5puks praktiliselt v\u00e4lja surnud, see oli aktiivsemalt kasutatav veel Kirde-Eestis, mujal ainult \u00fcksikutes s\u00f5nades. Vanemast kirjakeelest puudus olev &#8230;<\/p>\n","protected":false},"author":185,"featured_media":0,"parent":0,"menu_order":0,"comment_status":"closed","ping_status":"closed","template":"","meta":{"_acf_changed":false,"inline_featured_image":false,"footnotes":""},"class_list":["post-102","page","type-page","status-publish","hentry"],"acf":[],"_links":{"self":[{"href":"https:\/\/sisu.ut.ee\/keeleylesanded\/wp-json\/wp\/v2\/pages\/102","targetHints":{"allow":["GET"]}}],"collection":[{"href":"https:\/\/sisu.ut.ee\/keeleylesanded\/wp-json\/wp\/v2\/pages"}],"about":[{"href":"https:\/\/sisu.ut.ee\/keeleylesanded\/wp-json\/wp\/v2\/types\/page"}],"author":[{"embeddable":true,"href":"https:\/\/sisu.ut.ee\/keeleylesanded\/wp-json\/wp\/v2\/users\/185"}],"replies":[{"embeddable":true,"href":"https:\/\/sisu.ut.ee\/keeleylesanded\/wp-json\/wp\/v2\/comments?post=102"}],"version-history":[{"count":2,"href":"https:\/\/sisu.ut.ee\/keeleylesanded\/wp-json\/wp\/v2\/pages\/102\/revisions"}],"predecessor-version":[{"id":1920,"href":"https:\/\/sisu.ut.ee\/keeleylesanded\/wp-json\/wp\/v2\/pages\/102\/revisions\/1920"}],"wp:attachment":[{"href":"https:\/\/sisu.ut.ee\/keeleylesanded\/wp-json\/wp\/v2\/media?parent=102"}],"curies":[{"name":"wp","href":"https:\/\/api.w.org\/{rel}","templated":true}]}}