{"id":100,"date":"2024-04-04T05:03:30","date_gmt":"2024-04-04T02:03:30","guid":{"rendered":"https:\/\/sisu.ut.ee\/keeleylesanded\/vanad-erialasonad-0\/"},"modified":"2024-11-29T13:38:18","modified_gmt":"2024-11-29T11:38:18","slug":"vanad-erialasonad-0","status":"publish","type":"page","link":"https:\/\/sisu.ut.ee\/keeleylesanded\/vanad-erialasonad-0\/","title":{"rendered":"Vanad erialas\u00f5nad"},"content":{"rendered":"<p><b><span style=\"line-height: 115%;\">19. sajandil tuli eesti kirjakeeles kasutusele palju uusi erialas\u00f5nu (termineid), mis on t\u00e4nap\u00e4eva keeles asendatud muude terminitega. <\/span><\/b><\/p>\n<p><b><span style=\"line-height: 115%;\">1) Leia loendist vanale terminile sobiv t\u00e4nap\u00e4evane vaste. Selleks m\u00e4rgi vasakpoolse veeru termini ees olev j\u00e4rjekorranumber paremas veerus sobiva t\u00e4nap\u00e4evase s\u00f5na ette.<\/span><\/b><\/p>\n<p><b><span style=\"line-height: 115%;\">2) Iseloomusta 19. sajandi s\u00f5nade loendi p\u00f5hjal v\u00e4hemalt kaht erinevat terminite moodustamise viisi. Too m\u00f5lema viisi kohta loendist kaks n\u00e4idet. (10 punkti)<\/span><\/b><\/p>\n<p><span style=\"line-height: 115%;\">1. kolmenurga teadus \u2026.. patoloogia<\/span><\/p>\n<p><span style=\"line-height: 115%;\">2. keskma-w\u00f6-piir\u00a0\u00a0\u00a0\u00a0\u00a0\u00a0 \u2026.. proosa<\/span><\/p>\n<p><span style=\"line-height: 115%;\">3. poliktundja\u00a0\u00a0\u00a0\u00a0\u00a0\u00a0\u00a0\u00a0\u00a0\u00a0\u00a0\u00a0 \u2026.. p\u00fcramiid<\/span><\/p>\n<p><span style=\"line-height: 115%;\">4. kantik\u00a0\u00a0\u00a0\u00a0\u00a0\u00a0\u00a0\u00a0\u00a0\u00a0\u00a0\u00a0\u00a0\u00a0\u00a0\u00a0\u00a0\u00a0 \u2026.. r\u00f6\u00f6pk\u00fclik<\/span><\/p>\n<p><span style=\"line-height: 115%;\">5. w\u00e4lkow-j\u00f5ggi \u00a0 \u00a0 \u00a0\u00a0 \u2026.. trigonomeetria<\/span><\/p>\n<p><span style=\"line-height: 115%;\">6. ei-midagi-dus\u00a0\u00a0\u00a0\u00a0\u00a0\u00a0 \u2026.. ekvaator<\/span><\/p>\n<p><span style=\"line-height: 115%;\">7. t\u00f5betundmine\u00a0\u00a0\u00a0\u00a0\u00a0 \u2026.. kuup<\/span><\/p>\n<p><span style=\"line-height: 115%;\">8. kandiline kuhi \u00a0 \u00a0 \u00a0 \u2026.. v\u00f5hik<\/span><\/p>\n<p><span style=\"line-height: 115%;\">9. kainend \u00a0 \u00a0 \u00a0 \u00a0 \u00a0 \u00a0 \u00a0\u00a0 \u2026.. taevakeha<\/span><\/p>\n<p><span style=\"line-height: 115%;\">10. wildak pikknurk\u00a0\u00a0\u00a0 \u2026.. luukere<\/span><\/p>\n<p><span style=\"line-height: 115%;\">11. kuiwik\u00a0\u00a0\u00a0\u00a0\u00a0\u00a0\u00a0\u00a0\u00a0\u00a0\u00a0\u00a0\u00a0\u00a0\u00a0\u00a0 \u2026.. nihilism<\/span><\/p>\n<p><span style=\"line-height: 115%;\">12. ilma-kerre \u00a0 \u00a0 \u00a0 \u00a0 \u00a0 \u2026.. elektrivool<\/span><\/p>\n<p><span style=\"line-height: 115%;\">Termineid on moodustatud j\u00e4rgmistel viisidel (+ n\u00e4ited):<\/span><\/p>\n<p><span style=\"line-height: 150%;\"><span style=\"line-height: 150%;\">1. \u2026\u2026\u2026\u2026\u2026\u2026\u2026\u2026\u2026\u2026\u2026\u2026\u2026\u2026\u2026\u2026\u2026\u2026\u2026\u2026\u2026\u2026\u2026<\/span><\/span><\/p>\n<p><span lang=\"EN-US\"><span style=\"line-height: 115%;\">2. ..\u2026\u2026\u2026\u2026\u2026\u2026\u2026\u2026\u2026\u2026\u2026\u2026\u2026\u2026\u2026\u2026\u2026\u2026\u2026\u2026\u2026\u2026<\/span><\/span><\/p>\n<p><span lang=\"EN-US\"><span style=\"line-height: 115%;\">2018<\/span><\/span><\/p>\n<p><span lang=\"EN-US\"><span style=\"line-height: 115%;\">noorem<\/span><\/span><\/p>\n<p><span lang=\"EN-US\"><span style=\"line-height: 115%;\">l\u00f5ppvoor<\/span><\/span><\/p>\n<p><a href=\"https:\/\/sisu.ut.ee\/keeleylesanded\/vanad-erialasonad-vastus\/\">Vastus<\/a><\/p>\n","protected":false},"excerpt":{"rendered":"<p>19. sajandil tuli eesti kirjakeeles kasutusele palju uusi erialas\u00f5nu (termineid), mis on t\u00e4nap\u00e4eva keeles asendatud muude terminitega. 1) Leia loendist vanale terminile sobiv t\u00e4nap\u00e4evane vaste. Selleks m\u00e4rgi vasakpoolse veeru termini ees olev j\u00e4rjekorranumber paremas veerus sobiva t\u00e4nap\u00e4evase s\u00f5na ette. 2) &#8230;<\/p>\n","protected":false},"author":185,"featured_media":0,"parent":0,"menu_order":0,"comment_status":"closed","ping_status":"closed","template":"","meta":{"_acf_changed":false,"inline_featured_image":false,"footnotes":""},"class_list":["post-100","page","type-page","status-publish","hentry"],"acf":[],"_links":{"self":[{"href":"https:\/\/sisu.ut.ee\/keeleylesanded\/wp-json\/wp\/v2\/pages\/100","targetHints":{"allow":["GET"]}}],"collection":[{"href":"https:\/\/sisu.ut.ee\/keeleylesanded\/wp-json\/wp\/v2\/pages"}],"about":[{"href":"https:\/\/sisu.ut.ee\/keeleylesanded\/wp-json\/wp\/v2\/types\/page"}],"author":[{"embeddable":true,"href":"https:\/\/sisu.ut.ee\/keeleylesanded\/wp-json\/wp\/v2\/users\/185"}],"replies":[{"embeddable":true,"href":"https:\/\/sisu.ut.ee\/keeleylesanded\/wp-json\/wp\/v2\/comments?post=100"}],"version-history":[{"count":2,"href":"https:\/\/sisu.ut.ee\/keeleylesanded\/wp-json\/wp\/v2\/pages\/100\/revisions"}],"predecessor-version":[{"id":2051,"href":"https:\/\/sisu.ut.ee\/keeleylesanded\/wp-json\/wp\/v2\/pages\/100\/revisions\/2051"}],"wp:attachment":[{"href":"https:\/\/sisu.ut.ee\/keeleylesanded\/wp-json\/wp\/v2\/media?parent=100"}],"curies":[{"name":"wp","href":"https:\/\/api.w.org\/{rel}","templated":true}]}}