{"id":556,"date":"2025-12-02T13:56:43","date_gmt":"2025-12-02T11:56:43","guid":{"rendered":"https:\/\/sisu.ut.ee\/keelenoustamine\/?page_id=556"},"modified":"2026-01-20T15:12:14","modified_gmt":"2026-01-20T13:12:14","slug":"teksti-parandamise-kohvihommikud","status":"publish","type":"page","link":"https:\/\/sisu.ut.ee\/keelenoustamine\/teksti-parandamise-kohvihommikud\/","title":{"rendered":"Teksti parandamise kohvihommik"},"content":{"rendered":"<figure class=\"wp-block-image size-large is-resized\"><img loading=\"lazy\" decoding=\"async\" width=\"1024\" height=\"378\" src=\"https:\/\/sisu.ut.ee\/wp-content\/uploads\/sites\/922\/Kuvatommis-2026-01-20-151028-1024x378.png\" alt=\"\" class=\"wp-image-603\" style=\"aspect-ratio:2.7091230730351277;width:576px;height:auto\" srcset=\"https:\/\/sisu.ut.ee\/wp-content\/uploads\/sites\/922\/Kuvatommis-2026-01-20-151028-1024x378.png 1024w, https:\/\/sisu.ut.ee\/wp-content\/uploads\/sites\/922\/Kuvatommis-2026-01-20-151028-300x111.png 300w, https:\/\/sisu.ut.ee\/wp-content\/uploads\/sites\/922\/Kuvatommis-2026-01-20-151028-768x283.png 768w, https:\/\/sisu.ut.ee\/wp-content\/uploads\/sites\/922\/Kuvatommis-2026-01-20-151028.png 1359w\" sizes=\"auto, (max-width: 1024px) 100vw, 1024px\"><figcaption class=\"wp-element-caption\">Autor: Maria Frances (Unsplash)<\/figcaption><\/figure>\n\n\n\n<h2 class=\"wp-block-heading has-primary-color has-text-color has-link-color wp-elements-3909db7fb0fb61a6b097d709783cb571\"><strong>Tule teksti parandamise kohvihommikule!<\/strong><\/h2>\n\n\n\n<p class=\"has-primary-color has-text-color has-link-color wp-elements-c4364b5620fb05178a532b31256aecd8\"><strong>Kas sa oled oma tekstiga \u00fcksi ja ei tea, kuidas edasi minna? Ootame eesti keelt teise keelena k\u00f5nelevaid tudengeid teksti parandamise t\u00f6\u00f6tuppa, kus saad vabas ja toetavas keskkonnas oma teksti paremaks muuta.<\/strong><\/p>\n\n\n\n<p class=\"has-primary-color has-text-color has-link-color wp-elements-b823a7c258da0113e77f0d8f28f51047\">Miks osaleda?<\/p>\n\n\n\n<ul class=\"wp-block-list has-primary-color has-text-color has-link-color wp-elements-abfdb84869bc92d1a9d62ac08235f90a\">\n<li class=\"has-primary-color has-text-color has-link-color wp-elements-f2a52a0afc5185cf2810f74fb2380a32\">Kohapeal proovime l\u00e4bi oskused, mis sind kirjutamisel aitavad.<\/li>\n<\/ul>\n\n\n\n<ul class=\"wp-block-list has-primary-color has-text-color has-link-color wp-elements-d4775c03bd83404be00326a34591f216\">\n<li class=\"has-primary-color has-text-color has-link-color wp-elements-fc102236837b244b250d365c1c24cfaa\">Juhendajad vastavad sinu k\u00fcsimustele ja suunavad m\u00e4rkama \u00f5igekirja, stiili, s\u00f5nastuse jm probleeme.<\/li>\n<\/ul>\n\n\n\n<ul class=\"wp-block-list\">\n<li class=\"has-primary-color has-text-color has-link-color wp-elements-730d1abde7e9152751f5fe1f2eaa8b6f\">\u00dchine \u00f5ppimine annab rohkem, kui esialgu arvata oskad: toetab, tekitab uusi m\u00f5tteid, julgustab k\u00fcsimusi k\u00fcsima ja arutama.<\/li>\n<\/ul>\n\n\n\n<p class=\"has-primary-color has-text-color has-link-color wp-elements-0ac1b12909eab9619b982abde7b5e832\"><strong>V\u00f5ta kaasa enda kirjutatud tekst<\/strong>, n\u00e4iteks m\u00f5ne kursuse kirjalik \u00fclesanne v\u00f5i l\u00f5put\u00f6\u00f6. Sul ei pea olema valmis tekst \u2013 v\u00f5id tulla ka poolelioleva t\u00f6\u00f6ga. Osalemine ei kohusta sind teksti teistega jagama.<\/p>\n\n\n\n<p class=\"has-primary-color has-text-color has-link-color wp-elements-9433035eeb92779098c39e15888d590e\">T\u00f6\u00f6tuba toimub <strong>kolmap\u00e4evadel kell 8:30-10:00 ruumis Jakobi 2-107.<\/strong><\/p>\n\n\n\n<p class=\"has-primary-color has-text-color has-link-color wp-elements-61a0acd1f44f31623ca112088d08e1aa\">T\u00f6\u00f6tuba on tasuta, kuid\u00a0eelregistreerimisega. <\/p>\n\n\n\n<div class=\"wp-block-buttons is-layout-flex wp-block-buttons-is-layout-flex\">\n<div class=\"wp-block-button is-style-fill\"><a class=\"wp-block-button__link has-text-align-center wp-element-button\" href=\"https:\/\/forms.office.com\/Pages\/ResponsePage.aspx?id=F2M1bQQNvEq2toyXc4hbsNCIouMgAyVKsPcTFk5_IyxUOERLTkJYWUM5MldPMkI0WFpUV0dMUVJVQS4u\">Registreerima<\/a><\/div>\n<\/div>\n\n\n\n<p><\/p>\n\n\n\n<p class=\"has-primary-color has-text-color has-link-color wp-elements-981f6a4ef04bb1abafb94cb11eb88290\">Kohapeal pakume kohvi, teed ja k\u00fcpsiseid.<\/p>\n\n\n\n<p class=\"has-primary-color has-text-color has-link-color wp-elements-b5a8550bf26b4adcf81600dc7e666360\"><strong>Kohvihommikute kuup\u00e4evad 2026. aastal<\/strong><\/p>\n\n\n\n<p class=\"has-primary-color has-text-color has-link-color wp-elements-fa564619c9bc379a0607cbf71b8f972b\">07.01<\/p>\n\n\n\n<p class=\"has-primary-color has-text-color has-link-color wp-elements-4d4b471451f2941d33715c2a9d3994cb\">25.02\u200b<\/p>\n\n\n\n<p class=\"has-primary-color has-text-color has-link-color wp-elements-668773224ad28302a847407f597f6e37\">11.03\u200b<\/p>\n\n\n\n<p class=\"has-primary-color has-text-color has-link-color wp-elements-f5a4582ac0e072968dfc902858e045d1\">25.03\u200b<\/p>\n\n\n\n<p class=\"has-primary-color has-text-color has-link-color wp-elements-f911983448fddab4415e10b4bb83e71c\">08.04\u200b<\/p>\n\n\n\n<p class=\"has-primary-color has-text-color has-link-color wp-elements-b8792752a74d3fdf32d30f5d3768ab33\">22.04\u200b<\/p>\n\n\n\n<p class=\"has-primary-color has-text-color has-link-color wp-elements-868d7ee32e184b09890b9df39bfce967\">06.05\u200b<\/p>\n\n\n\n<p class=\"has-primary-color has-text-color has-link-color wp-elements-2c0333625857e895fcd83eeb1452ea36\">20.05\u200b<\/p>\n\n\n\n<p class=\"has-primary-color has-text-color has-link-color wp-elements-c7b14f559598f47e5e576f1bf5a87ef1\">10.06<\/p>\n\n\n\n<p class=\"has-primary-color has-text-color has-link-color wp-elements-4d17cd2fe52eb575c053c72185852084\">Kohtumiseni!<\/p>\n\n\n\n<p><\/p>\n\n\n\n<p><\/p>\n","protected":false},"excerpt":{"rendered":"<p>Tule teksti parandamise kohvihommikule! Kas sa oled oma tekstiga \u00fcksi ja ei tea, kuidas edasi minna? Ootame eesti keelt teise keelena k\u00f5nelevaid tudengeid teksti parandamise t\u00f6\u00f6tuppa, kus saad vabas ja toetavas keskkonnas oma teksti paremaks muuta. Miks osaleda? V\u00f5ta kaasa &#8230;<\/p>\n","protected":false},"author":873,"featured_media":0,"parent":0,"menu_order":0,"comment_status":"closed","ping_status":"closed","template":"","meta":{"_acf_changed":false,"inline_featured_image":false,"footnotes":""},"class_list":["post-556","page","type-page","status-publish","hentry"],"acf":[],"_links":{"self":[{"href":"https:\/\/sisu.ut.ee\/keelenoustamine\/wp-json\/wp\/v2\/pages\/556","targetHints":{"allow":["GET"]}}],"collection":[{"href":"https:\/\/sisu.ut.ee\/keelenoustamine\/wp-json\/wp\/v2\/pages"}],"about":[{"href":"https:\/\/sisu.ut.ee\/keelenoustamine\/wp-json\/wp\/v2\/types\/page"}],"author":[{"embeddable":true,"href":"https:\/\/sisu.ut.ee\/keelenoustamine\/wp-json\/wp\/v2\/users\/873"}],"replies":[{"embeddable":true,"href":"https:\/\/sisu.ut.ee\/keelenoustamine\/wp-json\/wp\/v2\/comments?post=556"}],"version-history":[{"count":23,"href":"https:\/\/sisu.ut.ee\/keelenoustamine\/wp-json\/wp\/v2\/pages\/556\/revisions"}],"predecessor-version":[{"id":605,"href":"https:\/\/sisu.ut.ee\/keelenoustamine\/wp-json\/wp\/v2\/pages\/556\/revisions\/605"}],"wp:attachment":[{"href":"https:\/\/sisu.ut.ee\/keelenoustamine\/wp-json\/wp\/v2\/media?parent=556"}],"curies":[{"name":"wp","href":"https:\/\/api.w.org\/{rel}","templated":true}]}}