{"id":369,"date":"2025-09-03T11:23:00","date_gmt":"2025-09-03T08:23:00","guid":{"rendered":"https:\/\/sisu.ut.ee\/keelenoustamine\/?page_id=369"},"modified":"2026-01-21T17:19:54","modified_gmt":"2026-01-21T15:19:54","slug":"kontakt","status":"publish","type":"page","link":"https:\/\/sisu.ut.ee\/keelenoustamine\/kontakt\/","title":{"rendered":"Kontakt"},"content":{"rendered":"<p><\/p>\n\n\n<div class=\"person-card person-card--wide border-bottom py-2 mb-4\">\n\t\t<div class=\"row px-2 px-lg-1\">\n\t\t\t<div class=\"col-md-4\">\n\t\t\t\t\t\t\t\t\t<h3 class=\"h4 mb-2\">Kulla Mellov<\/h3>\n\t\t\t\t\t\t\t<\/div>\n\t\t\t<div class=\"col-md-4\">\n\t\t\t\t\t\t\t\t\t<div class=\"person-card__description mb-2 mb-md-0\">\n\t\t\t\t\t\t<p>Eesti ja \u00fcldkeeleteaduse instituut<br>\nRakenduslingvistika osakond<br>\nmuu emakeelega \u00fcli\u00f5pilaste keelen\u00f5ustaja<br>\nJakobi 2-437<br>\nTartu<\/p>\n\n\t\t\t\t\t<\/div>\n\t\t\t\t\t\t\t<\/div>\n\t\t\t<div class=\"col-md-4\">\n\t\t\t\t\t\t\t\t\t<div class=\"person-card__info text-md-end\">\n\t\t\t\t\t\t\t\t\t\t\t\t\t\t\t\t\t\t\t\t\t\t\t\t\t<a href=\"mailto:kulla.mellov@ut.ee\" class=\"mb-0\">kulla.mellov@ut.ee<\/a>\n\t\t\t\t\t\t\t\t\t\t\t<\/div>\n\t\t\t\t\t\t\t<\/div>\n\t\t<\/div>\n\t<\/div>\n\n\n<div class=\"person-card person-card--wide border-bottom py-2 mb-4\">\n\t\t<div class=\"row px-2 px-lg-1\">\n\t\t\t<div class=\"col-md-4\">\n\t\t\t\t\t\t\t\t\t<h3 class=\"h4 mb-2\">Maria Iqbal<\/h3>\n\t\t\t\t\t\t\t<\/div>\n\t\t\t<div class=\"col-md-4\">\n\t\t\t\t\t\t\t\t\t<div class=\"person-card__description mb-2 mb-md-0\">\n\t\t\t\t\t\t<p>Tartu \u00dclikooli Narva kolled\u017e<br>\nEesti keele osakond<br>\nkeelen\u00f5ustaja<br>\nRaekoja plats 2-130<br>\nNarva<\/p>\n\n\t\t\t\t\t<\/div>\n\t\t\t\t\t\t\t<\/div>\n\t\t\t<div class=\"col-md-4\">\n\t\t\t\t\t\t\t\t\t<div class=\"person-card__info text-md-end\">\n\t\t\t\t\t\t\t\t\t\t\t\t\t\t\t\t\t\t\t\t\t\t\t\t\t<a href=\"mailto:maria.iqbal@ut.ee\" class=\"mb-0\">maria.iqbal@ut.ee<\/a>\n\t\t\t\t\t\t\t\t\t\t\t<\/div>\n\t\t\t\t\t\t\t<\/div>\n\t\t<\/div>\n\t<\/div>\n\n\n<div class=\"person-card person-card--wide border-bottom py-2 mb-4\">\n\t\t<div class=\"row px-2 px-lg-1\">\n\t\t\t<div class=\"col-md-4\">\n\t\t\t\t\t\t\t\t\t<h3 class=\"h4 mb-2\">Silvi Seesmaa<\/h3>\n\t\t\t\t\t\t\t<\/div>\n\t\t\t<div class=\"col-md-4\">\n\t\t\t\t\t\t\t\t\t<div class=\"person-card__description mb-2 mb-md-0\">\n\t\t\t\t\t\t<p>Tartu \u00dclikooli Narva kolled\u017e<br>\nEesti keele osakond<br>\nkirjutamiskeskuse koordinaator<br>\nRaekoja plats 2\u2013130<br>\nNarva<\/p>\n\n\t\t\t\t\t<\/div>\n\t\t\t\t\t\t\t<\/div>\n\t\t\t<div class=\"col-md-4\">\n\t\t\t\t\t\t\t\t\t<div class=\"person-card__info text-md-end\">\n\t\t\t\t\t\t\t\t\t\t\t\t\t\t\t\t\t\t\t\t\t\t\t\t\t<a href=\"mailto:silvi.seesmaa@ut.ee\" class=\"mb-0\">silvi.seesmaa@ut.ee<\/a>\n\t\t\t\t\t\t\t\t\t\t\t<\/div>\n\t\t\t\t\t\t\t<\/div>\n\t\t<\/div>\n\t<\/div>\n\n\n\n<p><\/p>\n\n\n\n<h2 class=\"wp-block-heading\">Sisutoimetajad<\/h2>\n\n\n<div class=\"person-card person-card--wide border-bottom py-2 mb-4\">\n\t\t<div class=\"row px-2 px-lg-1\">\n\t\t\t<div class=\"col-md-4\">\n\t\t\t\t\t\t\t\t\t<h3 class=\"h4 mb-2\">Agnes Lea<\/h3>\n\t\t\t\t\t\t\t<\/div>\n\t\t\t<div class=\"col-md-4\">\n\t\t\t\t\t\t\t\t\t<div class=\"person-card__description mb-2 mb-md-0\">\n\t\t\t\t\t\t<p>Eesti ja \u00fcldkeeleteaduse instituut<br>\nkeele\u00f5ppetegevuste spetsialist<\/p>\n\n\t\t\t\t\t<\/div>\n\t\t\t\t\t\t\t<\/div>\n\t\t\t<div class=\"col-md-4\">\n\t\t\t\t\t\t\t\t\t<div class=\"person-card__info text-md-end\">\n\t\t\t\t\t\t\t\t\t\t\t\t\t\t\t\t\t\t\t\t\t\t\t\t\t<a href=\"mailto:agnes.lea@ut.ee\" class=\"mb-0\">agnes.lea@ut.ee<\/a>\n\t\t\t\t\t\t\t\t\t\t\t<\/div>\n\t\t\t\t\t\t\t<\/div>\n\t\t<\/div>\n\t<\/div>\n\n\n<div class=\"person-card person-card--wide border-bottom py-2 mb-4\">\n\t\t<div class=\"row px-2 px-lg-1\">\n\t\t\t<div class=\"col-md-4\">\n\t\t\t\t\t\t\t\t\t<h3 class=\"h4 mb-2\">Aive Mandel<\/h3>\n\t\t\t\t\t\t\t<\/div>\n\t\t\t<div class=\"col-md-4\">\n\t\t\t\t\t\t\t\t\t<div class=\"person-card__description mb-2 mb-md-0\">\n\t\t\t\t\t\t<p>Eesti ja \u00fcldkeeleteaduse instituut<br>\neesti keele teise keelena nooremlektor<\/p>\n\n\t\t\t\t\t<\/div>\n\t\t\t\t\t\t\t<\/div>\n\t\t\t<div class=\"col-md-4\">\n\t\t\t\t\t\t\t\t\t<div class=\"person-card__info text-md-end\">\n\t\t\t\t\t\t\t\t\t\t\t\t\t\t\t\t\t\t\t\t\t\t\t\t\t<a href=\"mailto:aive.mandel@ut.ee\" class=\"mb-0\">aive.mandel@ut.ee<\/a>\n\t\t\t\t\t\t\t\t\t\t\t<\/div>\n\t\t\t\t\t\t\t<\/div>\n\t\t<\/div>\n\t<\/div>\n\n\n<div class=\"person-card person-card--wide border-bottom py-2 mb-4\">\n\t\t<div class=\"row px-2 px-lg-1\">\n\t\t\t<div class=\"col-md-4\">\n\t\t\t\t\t\t\t\t\t<h3 class=\"h4 mb-2\">Raili Pool<\/h3>\n\t\t\t\t\t\t\t<\/div>\n\t\t\t<div class=\"col-md-4\">\n\t\t\t\t\t\t\t\t\t<div class=\"person-card__description mb-2 mb-md-0\">\n\t\t\t\t\t\t<p>Eesti ja \u00fcldkeeleteaduse instituut<br>\neesti keele v\u00f5\u00f5rkeelena lektor<\/p>\n\n\t\t\t\t\t<\/div>\n\t\t\t\t\t\t\t<\/div>\n\t\t\t<div class=\"col-md-4\">\n\t\t\t\t\t\t\t\t\t<div class=\"person-card__info text-md-end\">\n\t\t\t\t\t\t\t\t\t\t\t\t\t\t\t\t\t\t\t\t\t\t\t\t\t<a href=\"mailto:raili.pool@ut.ee\" class=\"mb-0\">raili.pool@ut.ee<\/a>\n\t\t\t\t\t\t\t\t\t\t\t<\/div>\n\t\t\t\t\t\t\t<\/div>\n\t\t<\/div>\n\t<\/div>\n\n\n<div class=\"person-card person-card--wide border-bottom py-2 mb-4\">\n\t\t<div class=\"row px-2 px-lg-1\">\n\t\t\t<div class=\"col-md-4\">\n\t\t\t\t\t\t\t\t\t<h3 class=\"h4 mb-2\">Maarika Teral<\/h3>\n\t\t\t\t\t\t\t<\/div>\n\t\t\t<div class=\"col-md-4\">\n\t\t\t\t\t\t\t\t\t<div class=\"person-card__description mb-2 mb-md-0\">\n\t\t\t\t\t\t<p>Eesti ja \u00fcldkeeleteaduse instituut<br>\neesti keele v\u00f5\u00f5rkeelena lektor<\/p>\n\n\t\t\t\t\t<\/div>\n\t\t\t\t\t\t\t<\/div>\n\t\t\t<div class=\"col-md-4\">\n\t\t\t\t\t\t\t\t\t<div class=\"person-card__info text-md-end\">\n\t\t\t\t\t\t\t\t\t\t\t\t\t\t\t\t\t\t\t\t\t\t\t\t\t<a href=\"mailto:maarika.teral@ut.ee\" class=\"mb-0\">maarika.teral@ut.ee<\/a>\n\t\t\t\t\t\t\t\t\t\t\t<\/div>\n\t\t\t\t\t\t\t<\/div>\n\t\t<\/div>\n\t<\/div>\n\n\n<div class=\"person-card person-card--wide border-bottom py-2 mb-4\">\n\t\t<div class=\"row px-2 px-lg-1\">\n\t\t\t<div class=\"col-md-4\">\n\t\t\t\t\t\t\t\t\t<h3 class=\"h4 mb-2\">Kristiina Praakli<\/h3>\n\t\t\t\t\t\t\t<\/div>\n\t\t\t<div class=\"col-md-4\">\n\t\t\t\t\t\t\t\t\t<div class=\"person-card__description mb-2 mb-md-0\">\n\t\t\t\t\t\t<p>Eesti ja \u00fcldkeeleteaduse instituut<br>\nrakenduslingvistika kaasprofessor<\/p>\n\n\t\t\t\t\t<\/div>\n\t\t\t\t\t\t\t<\/div>\n\t\t\t<div class=\"col-md-4\">\n\t\t\t\t\t\t\t\t\t<div class=\"person-card__info text-md-end\">\n\t\t\t\t\t\t\t\t\t\t\t\t\t\t\t\t\t\t\t\t\t\t\t\t\t<a href=\"mailto:kristiina.praakli@ut.ee\" class=\"mb-0\">kristiina.praakli@ut.ee<\/a>\n\t\t\t\t\t\t\t\t\t\t\t<\/div>\n\t\t\t\t\t\t\t<\/div>\n\t\t<\/div>\n\t<\/div>\n\n\n<div class=\"person-card person-card--wide border-bottom py-2 mb-4\">\n\t\t<div class=\"row px-2 px-lg-1\">\n\t\t\t<div class=\"col-md-4\">\n\t\t\t\t\t\t\t\t\t<h3 class=\"h4 mb-2\">Nele Novek<\/h3>\n\t\t\t\t\t\t\t<\/div>\n\t\t\t<div class=\"col-md-4\">\n\t\t\t\t\t\t\t\t\t<div class=\"person-card__description mb-2 mb-md-0\">\n\t\t\t\t\t\t<p>Eesti ja \u00fcldkeeleteaduse instituut<br>\nk\u00fclalislektor, <a href=\"https:\/\/www.teadustekst.ut.ee\/\"><em>teadustekst.ut.ee<\/em><\/a> toimetaja<\/p>\n\n\t\t\t\t\t<\/div>\n\t\t\t\t\t\t\t<\/div>\n\t\t\t<div class=\"col-md-4\">\n\t\t\t\t\t\t\t\t\t<div class=\"person-card__info text-md-end\">\n\t\t\t\t\t\t\t\t\t\t\t\t\t\t\t\t\t\t\t\t\t\t\t\t\t<a href=\"mailto:nele.novek@ut.ee\" class=\"mb-0\">nele.novek@ut.ee<\/a>\n\t\t\t\t\t\t\t\t\t\t\t<\/div>\n\t\t\t\t\t\t\t<\/div>\n\t\t<\/div>\n\t<\/div>\n\n\n\n<h2 class=\"wp-block-heading\">T\u00e4nus\u00f5nad<\/h2>\n\n\n<div class=\"person-card person-card--wide border-bottom py-2 mb-4\">\n\t\t<div class=\"row px-2 px-lg-1\">\n\t\t\t<div class=\"col-md-4\">\n\t\t\t\t\t\t\t\t\t<h3 class=\"h4 mb-2\">Keit M\u00f5isavald<\/h3>\n\t\t\t\t\t\t\t<\/div>\n\t\t\t<div class=\"col-md-4\">\n\t\t\t\t\t\t\t\t\t<div class=\"person-card__description mb-2 mb-md-0\">\n\t\t\t\t\t\t<p>Eesti ja \u00fcldkeeleteaduse instituut<br>\nturunduse ja kommunikatsiooni spetsialist<\/p>\n\n\t\t\t\t\t<\/div>\n\t\t\t\t\t\t\t<\/div>\n\t\t\t<div class=\"col-md-4\">\n\t\t\t\t\t\t\t\t\t<div class=\"person-card__info text-md-end\">\n\t\t\t\t\t\t\t\t\t\t\t\t\t\t\t\t\t\t\t\t\t\t\t\t\t<a href=\"mailto:keit.moisavald@ut.ee\" class=\"mb-0\">keit.moisavald@ut.ee<\/a>\n\t\t\t\t\t\t\t\t\t\t\t<\/div>\n\t\t\t\t\t\t\t<\/div>\n\t\t<\/div>\n\t<\/div>\n\n\n<div class=\"person-card person-card--wide border-bottom py-2 mb-4\">\n\t\t<div class=\"row px-2 px-lg-1\">\n\t\t\t<div class=\"col-md-4\">\n\t\t\t\t\t\t\t\t\t<h3 class=\"h4 mb-2\">Kait Krull<\/h3>\n\t\t\t\t\t\t\t<\/div>\n\t\t\t<div class=\"col-md-4\">\n\t\t\t\t\t\t\t\t\t<div class=\"person-card__description mb-2 mb-md-0\">\n\t\t\t\t\t\t<p>\u00f5ppimis- ja \u00f5petamiskeskus<br>\nveebiarendaja<\/p>\n\n\t\t\t\t\t<\/div>\n\t\t\t\t\t\t\t<\/div>\n\t\t\t<div class=\"col-md-4\">\n\t\t\t\t\t\t\t\t\t<div class=\"person-card__info text-md-end\">\n\t\t\t\t\t\t\t\t\t\t\t\t\t\t\t\t\t\t\t\t\t\t\t\t\t<a href=\"mailto:kait.krull@ut.ee\" class=\"mb-0\">kait.krull@ut.ee<\/a>\n\t\t\t\t\t\t\t\t\t\t\t<\/div>\n\t\t\t\t\t\t\t<\/div>\n\t\t<\/div>\n\t<\/div>\n\n\n<div class=\"person-card person-card--wide border-bottom py-2 mb-4\">\n\t\t<div class=\"row px-2 px-lg-1\">\n\t\t\t<div class=\"col-md-4\">\n\t\t\t\t\t\t\t\t\t<h3 class=\"h4 mb-2\">Anu Kadri Uustalu<\/h3>\n\t\t\t\t\t\t\t<\/div>\n\t\t\t<div class=\"col-md-4\">\n\t\t\t\t\t\t\t\t\t<div class=\"person-card__description mb-2 mb-md-0\">\n\t\t\t\t\t\t<p>Eesti ja \u00fcldkeeleteaduse instituut<br>\nturunduse ja kommunikatsiooni spetsialist<\/p>\n\n\t\t\t\t\t<\/div>\n\t\t\t\t\t\t\t<\/div>\n\t\t\t<div class=\"col-md-4\">\n\t\t\t\t\t\t\t\t\t<div class=\"person-card__info text-md-end\">\n\t\t\t\t\t\t\t\t\t\t\t\t\t\t\t\t\t\t\t\t\t\t\t\t\t<a href=\"mailto:anu.kadri.uustalu@ut.ee\" class=\"mb-0\">anu.kadri.uustalu@ut.ee<\/a>\n\t\t\t\t\t\t\t\t\t\t\t<\/div>\n\t\t\t\t\t\t\t<\/div>\n\t\t<\/div>\n\t<\/div>\n","protected":false},"excerpt":{"rendered":"<p>Sisutoimetajad T\u00e4nus\u00f5nad<\/p>\n","protected":false},"author":280,"featured_media":0,"parent":0,"menu_order":0,"comment_status":"closed","ping_status":"closed","template":"","meta":{"_acf_changed":false,"inline_featured_image":false,"footnotes":""},"class_list":["post-369","page","type-page","status-publish","hentry"],"acf":[],"_links":{"self":[{"href":"https:\/\/sisu.ut.ee\/keelenoustamine\/wp-json\/wp\/v2\/pages\/369","targetHints":{"allow":["GET"]}}],"collection":[{"href":"https:\/\/sisu.ut.ee\/keelenoustamine\/wp-json\/wp\/v2\/pages"}],"about":[{"href":"https:\/\/sisu.ut.ee\/keelenoustamine\/wp-json\/wp\/v2\/types\/page"}],"author":[{"embeddable":true,"href":"https:\/\/sisu.ut.ee\/keelenoustamine\/wp-json\/wp\/v2\/users\/280"}],"replies":[{"embeddable":true,"href":"https:\/\/sisu.ut.ee\/keelenoustamine\/wp-json\/wp\/v2\/comments?post=369"}],"version-history":[{"count":11,"href":"https:\/\/sisu.ut.ee\/keelenoustamine\/wp-json\/wp\/v2\/pages\/369\/revisions"}],"predecessor-version":[{"id":612,"href":"https:\/\/sisu.ut.ee\/keelenoustamine\/wp-json\/wp\/v2\/pages\/369\/revisions\/612"}],"wp:attachment":[{"href":"https:\/\/sisu.ut.ee\/keelenoustamine\/wp-json\/wp\/v2\/media?parent=369"}],"curies":[{"name":"wp","href":"https:\/\/api.w.org\/{rel}","templated":true}]}}