{"id":98,"date":"2024-04-04T04:51:00","date_gmt":"2024-04-04T01:51:00","guid":{"rendered":"https:\/\/sisu.ut.ee\/kaugseire\/atmosfaari-kaugseire\/"},"modified":"2024-04-04T04:54:09","modified_gmt":"2024-04-04T01:54:09","slug":"atmosfaari-kaugseire","status":"publish","type":"page","link":"https:\/\/sisu.ut.ee\/kaugseire\/atmosfaari-kaugseire\/","title":{"rendered":"Atmosf\u00e4\u00e4ri kaugseire"},"content":{"rendered":"<p><img loading=\"lazy\" decoding=\"async\" width=\"417\" height=\"701\" class=\"alignnone wp-image-251\" style=\"float: right\" src=\"https:\/\/sisu.ut.ee\/wp-content\/uploads\/sites\/340\/aerosooli_optilise_pakuse_maaramine_jpg.jpg\" title=\"Aerosooli optilise pakuse m\u00e4\u00e4ramine\" alt=\"Aerosooli optilise pakuse m\u00e4\u00e4ramine\" srcset=\"https:\/\/sisu.ut.ee\/wp-content\/uploads\/sites\/340\/aerosooli_optilise_pakuse_maaramine_jpg.jpg 417w, https:\/\/sisu.ut.ee\/wp-content\/uploads\/sites\/340\/aerosooli_optilise_pakuse_maaramine_jpg-178x300.jpg 178w\" sizes=\"auto, (max-width: 417px) 100vw, 417px\">Ultraviolettkiirguse (UV-kiirguse) uurimisel on viimastel aastatel peat\u00e4helepanu p\u00f6\u00f6ratud spektraalse koostise usaldusv\u00e4\u00e4rsele registreerimisele ja muutuste p\u00f5hjuste anal\u00fc\u00fcsile. Maapinnani j\u00f5udvad UVB piirkonna kvandid lainepikkustega 290-315 nm suudavad l\u00f5hkuda aatomitevahelisi sidemeid orgaanilistes molekulides ja sellega h\u00e4irida elusorganismide elutalitlust, aga samuti kahjustada mitmesuguseid materjale. Kiirguse k\u00e4tte sattunud elusrakud kaitsevad ennast ekraneerivate \u00fchendite ja antioks\u00fcdantide moodustamise teel ja modifitseerivad kudede koostist ning taimede ja atmosf\u00e4\u00e4ri vahelist gaasivahetust. Atmosf\u00e4\u00e4ris toimuvaid arvukaid fotokeemilisi reaktsioone algatavad samuti UVB kiirguse kvandid. Seet\u00f5ttu on UV kiirguse spektraalne koostis t\u00e4htis keskkonnategur. Atmosf\u00e4\u00e4ri kaugseirajate \u00fcheks \u00fclesandeks\u00a0ongi selle spektraalse koostise muutlikkuse ulatuse ja ajaliste trendide selgitamine, et pakkuda vajalikke algandmeid UV kiirguse bioloogiliste ja muude toimete uurijatele.<\/p>\n","protected":false},"excerpt":{"rendered":"<p>Ultraviolettkiirguse (UV-kiirguse) uurimisel on viimastel aastatel peat\u00e4helepanu p\u00f6\u00f6ratud spektraalse koostise usaldusv\u00e4\u00e4rsele registreerimisele ja muutuste p\u00f5hjuste anal\u00fc\u00fcsile. Maapinnani j\u00f5udvad UVB piirkonna kvandid lainepikkustega 290-315 nm suudavad l\u00f5hkuda aatomitevahelisi sidemeid orgaanilistes molekulides ja sellega h\u00e4irida elusorganismide elutalitlust, aga samuti kahjustada mitmesuguseid materjale. &#8230;<\/p>\n","protected":false},"author":179,"featured_media":0,"parent":0,"menu_order":0,"comment_status":"closed","ping_status":"closed","template":"","meta":{"_acf_changed":false,"inline_featured_image":false,"footnotes":""},"class_list":["post-98","page","type-page","status-publish","hentry"],"acf":[],"_links":{"self":[{"href":"https:\/\/sisu.ut.ee\/kaugseire\/wp-json\/wp\/v2\/pages\/98","targetHints":{"allow":["GET"]}}],"collection":[{"href":"https:\/\/sisu.ut.ee\/kaugseire\/wp-json\/wp\/v2\/pages"}],"about":[{"href":"https:\/\/sisu.ut.ee\/kaugseire\/wp-json\/wp\/v2\/types\/page"}],"author":[{"embeddable":true,"href":"https:\/\/sisu.ut.ee\/kaugseire\/wp-json\/wp\/v2\/users\/179"}],"replies":[{"embeddable":true,"href":"https:\/\/sisu.ut.ee\/kaugseire\/wp-json\/wp\/v2\/comments?post=98"}],"version-history":[{"count":1,"href":"https:\/\/sisu.ut.ee\/kaugseire\/wp-json\/wp\/v2\/pages\/98\/revisions"}],"predecessor-version":[{"id":442,"href":"https:\/\/sisu.ut.ee\/kaugseire\/wp-json\/wp\/v2\/pages\/98\/revisions\/442"}],"wp:attachment":[{"href":"https:\/\/sisu.ut.ee\/kaugseire\/wp-json\/wp\/v2\/media?parent=98"}],"curies":[{"name":"wp","href":"https:\/\/api.w.org\/{rel}","templated":true}]}}