{"id":97,"date":"2024-04-04T04:51:00","date_gmt":"2024-04-04T01:51:00","guid":{"rendered":"https:\/\/sisu.ut.ee\/kaugseire\/veekogude-kaugseire\/"},"modified":"2024-04-30T13:38:19","modified_gmt":"2024-04-30T10:38:19","slug":"veekogude-kaugseire","status":"publish","type":"page","link":"https:\/\/sisu.ut.ee\/kaugseire\/veekogude-kaugseire\/","title":{"rendered":"Veekogude kaugseire"},"content":{"rendered":"<p><img loading=\"lazy\" decoding=\"async\" class=\"alignnone wp-image-250\" style=\"float: right;\" title=\"\u00d5itsev L\u00e4\u00e4nemeri. ESA ENVISAT \/ MERIS \/ K. Alikas. 25. juulil 2008 L\u00e4\u00e4nemerel toimuv vetikate \u00f5itseng n\u00e4htuna t\u00f6\u00f6deldud satelliidipildilt.\" src=\"https:\/\/sisu.ut.ee\/wp-content\/uploads\/sites\/340\/oitsev_laanemeri_01.jpg\" alt=\"\u00d5itsev L\u00e4\u00e4nemeri\" width=\"427\" height=\"338\" srcset=\"https:\/\/sisu.ut.ee\/wp-content\/uploads\/sites\/340\/oitsev_laanemeri_01.jpg 1008w, https:\/\/sisu.ut.ee\/wp-content\/uploads\/sites\/340\/oitsev_laanemeri_01-300x238.jpg 300w, https:\/\/sisu.ut.ee\/wp-content\/uploads\/sites\/340\/oitsev_laanemeri_01-768x608.jpg 768w\" sizes=\"auto, (max-width: 427px) 100vw, 427px\">Veekogude seires kasutatakse mitmeid erinevaid uurimismeetodeid, s\u00f5ltuvalt looduskeskkondade keerukusest.\u00a0 Kaugseire meetodite edasiarendamine h\u00f5lmab nii kaugseire f\u00fc\u00fcsikaliste aluste uuringuid, satelliidim\u00f5\u00f5tmisi kui ka atmosf\u00e4\u00e4rialuseid uuringuid \u00f5hu- ja vees\u00f5idukitel, samuti maapealseid v\u00e4li- ja laborim\u00f5\u00f5tmisi. Kuigi kaugseires kasutatakse elektromagnetkiirguse kogu spektrit, on vee uuringutes kasutusel valdavalt spektri n\u00e4htav osa.<\/p>\n<p>Rannikumere kaugseire on riikliku seireprogrammi osa alates 2005. aastast ja seda teostatakse Tartu \u00dclikooli Eesti mereinstituudi poolt. Programmi p\u00f5hieesm\u00e4rgid on v\u00e4lja t\u00f6\u00f6tada ja rakendada meetodid L\u00e4\u00e4nemere ning suurte j\u00e4rvede vee omaduste m\u00e4\u00e4ramiseks, p\u00f5hjataimestiku katvuse ja liigilise koosseisu hindamiseks ning sinivetikate \u00f5itsengute tuvastamiseks.<\/p>\n<p><a href=\"http:\/\/www.envir.ee\/et\/veepoliitika-raamdirektiivi-rakendamine\">Veepoliitika raamdirektiivi<\/a>\u00a0eesm\u00e4rgiks on luua \u00fchtne siseveekogude seisundi hindamise s\u00fcsteem kogu Euroopa Liidus, et tagada veekogude kvaliteedi t\u00f5us. Tartu Observatoorium kogub selle tulemuse saavutamiseks regulaarselt v\u00e4lit\u00f6\u00f6de andmeid Eesti j\u00e4rvedelt ja rannikumerest, koost\u00f6\u00f6s v\u00e4lispartneritega ka teiste riikide vetest, et luua algoritme, mis oleks kasutatavad nii satelliitidelt kui \u00f5hu- ja vees\u00f5idukitelt saadava info t\u00f6\u00f6tlemiseks vajalikule kujule.<\/p>\n","protected":false},"excerpt":{"rendered":"<p>Veekogude seires kasutatakse mitmeid erinevaid uurimismeetodeid, s\u00f5ltuvalt looduskeskkondade keerukusest.\u00a0 Kaugseire meetodite edasiarendamine h\u00f5lmab nii kaugseire f\u00fc\u00fcsikaliste aluste uuringuid, satelliidim\u00f5\u00f5tmisi kui ka atmosf\u00e4\u00e4rialuseid uuringuid \u00f5hu- ja vees\u00f5idukitel, samuti maapealseid v\u00e4li- ja laborim\u00f5\u00f5tmisi. Kuigi kaugseires kasutatakse elektromagnetkiirguse kogu spektrit, on vee uuringutes &#8230;<\/p>\n","protected":false},"author":179,"featured_media":0,"parent":0,"menu_order":0,"comment_status":"closed","ping_status":"closed","template":"","meta":{"_acf_changed":false,"inline_featured_image":false,"footnotes":""},"class_list":["post-97","page","type-page","status-publish","hentry"],"acf":[],"_links":{"self":[{"href":"https:\/\/sisu.ut.ee\/kaugseire\/wp-json\/wp\/v2\/pages\/97","targetHints":{"allow":["GET"]}}],"collection":[{"href":"https:\/\/sisu.ut.ee\/kaugseire\/wp-json\/wp\/v2\/pages"}],"about":[{"href":"https:\/\/sisu.ut.ee\/kaugseire\/wp-json\/wp\/v2\/types\/page"}],"author":[{"embeddable":true,"href":"https:\/\/sisu.ut.ee\/kaugseire\/wp-json\/wp\/v2\/users\/179"}],"replies":[{"embeddable":true,"href":"https:\/\/sisu.ut.ee\/kaugseire\/wp-json\/wp\/v2\/comments?post=97"}],"version-history":[{"count":2,"href":"https:\/\/sisu.ut.ee\/kaugseire\/wp-json\/wp\/v2\/pages\/97\/revisions"}],"predecessor-version":[{"id":621,"href":"https:\/\/sisu.ut.ee\/kaugseire\/wp-json\/wp\/v2\/pages\/97\/revisions\/621"}],"wp:attachment":[{"href":"https:\/\/sisu.ut.ee\/kaugseire\/wp-json\/wp\/v2\/media?parent=97"}],"curies":[{"name":"wp","href":"https:\/\/api.w.org\/{rel}","templated":true}]}}