{"id":95,"date":"2024-04-04T04:51:00","date_gmt":"2024-04-04T01:51:00","guid":{"rendered":"https:\/\/sisu.ut.ee\/kaugseire\/kaugseirest\/"},"modified":"2024-04-04T04:54:10","modified_gmt":"2024-04-04T01:54:10","slug":"kaugseirest","status":"publish","type":"page","link":"https:\/\/sisu.ut.ee\/kaugseire\/kaugseirest\/","title":{"rendered":"Kaugseire"},"content":{"rendered":"<div>\n<p>\n\t\t<img loading=\"lazy\" decoding=\"async\" width=\"2191\" height=\"1891\" class=\"alignnone wp-image-248\" style=\"float: right\" src=\"https:\/\/sisu.ut.ee\/wp-content\/uploads\/sites\/340\/p18h320gtvve61hd31ghn12l9143d1.jpg\" title=\"kaugseire.jpg\" alt=\"Kaugseire\" srcset=\"https:\/\/sisu.ut.ee\/wp-content\/uploads\/sites\/340\/p18h320gtvve61hd31ghn12l9143d1.jpg 2191w, https:\/\/sisu.ut.ee\/wp-content\/uploads\/sites\/340\/p18h320gtvve61hd31ghn12l9143d1-300x259.jpg 300w, https:\/\/sisu.ut.ee\/wp-content\/uploads\/sites\/340\/p18h320gtvve61hd31ghn12l9143d1-1024x884.jpg 1024w, https:\/\/sisu.ut.ee\/wp-content\/uploads\/sites\/340\/p18h320gtvve61hd31ghn12l9143d1-768x663.jpg 768w, https:\/\/sisu.ut.ee\/wp-content\/uploads\/sites\/340\/p18h320gtvve61hd31ghn12l9143d1-1536x1326.jpg 1536w, https:\/\/sisu.ut.ee\/wp-content\/uploads\/sites\/340\/p18h320gtvve61hd31ghn12l9143d1-2048x1768.jpg 2048w, https:\/\/sisu.ut.ee\/wp-content\/uploads\/sites\/340\/p18h320gtvve61hd31ghn12l9143d1-1920x1657.jpg 1920w\" sizes=\"auto, (max-width: 2191px) 100vw, 2191px\">Keskkonna kaugseire kui meetod, kus satelliitidelt j\u00e4lgitakse Maal toimuvaid protsesse, on kiiresti arenenud koos kosmosetehnoloogia arenguga ning on praeguseks kujunenud oluliseks teadus-arendus ja ettev\u00f5tluse valdkonnaks.\u00a0\n\t<\/p>\n<div id=\"content-area\">\n<div id=\"node-438\">\n<div>\n<div>\n\t\t\t\t\t\u00a0Maa s\u00fcsteemse j\u00e4lgimise vajadused v\u00f5ib jagada kolmeks:\n\t\t\t\t<\/div>\n<ul>\n<li>\n\t\t\t\t\t\tavardada teaduslikku m\u00f5tlemist, kasutades spetsiaalset kombineeritud infos\u00fcsteeme ja k\u00f5rgtehnoloogiat kosmoses, \u00f5hus \u00a0ning pinnal,\u00a0\n\t\t\t\t\t<\/li>\n<li>\n\t\t\t\t\t\tavalikustada ja levitada informatiooni Maa kohta,\u00a0\n\t\t\t\t\t<\/li>\n<li>\n\t\t\t\t\t\ttoetada riiklikku ja rahvusvahelist keskkonnaga seonduvat poliitikat.\u00a0\n\t\t\t\t\t<\/li>\n<\/ul><\/div>\n<\/div>\n<\/div>\n<div>\n\t\t\u00a0\n\t<\/div>\n<\/div>\n<div>\n<p>\n\t\tEestis on kaugseire seatud kosmosevaldkonna arendamisel \u00fcheks prioriteediks nii kosmosepoliitika t\u00f6\u00f6grupi kui ka kosmoseasjade n\u00f5ukogu heakskiidul.\n\t<\/p>\n<div>\n\t\tTeaduspotentsiaal Eesti teadus- ja arenduskeskustes ning ettev\u00f5tetes katab k\u00f5ik peamised keskkonnaga seotud valdkonnad ja Eesti jaoks k\u00f5ige olulisemad rakendused veekogude, metsanduse, p\u00f5llumajanduse, atmosf\u00e4\u00e4ri\u00a0uuringutes ja seires.\n\t<\/div>\n<div>\n\t\t\u00a0\n\t<\/div>\n<div>\n\t\tKaugseirega tegelevad j\u00e4rgmised t\u00f6\u00f6r\u00fchmad:\n\t<\/div>\n<div>\n\t\t\u00a0\n\t<\/div>\n<div>\n\t\t<a data-url=\"https:\/\/kosmos.ut.ee\/et\/teadustoo\/kaugseire\" href=\"https:\/\/kosmos.ut.ee\/et\/teadustoo\/kaugseire\" title=\"\">Tartu \u00dclikooli Tartu observatooriumi taimkatte-, atmosf\u00e4\u00e4ri-, radar- ja veekogude kaugseire<\/a>\n\t<\/div>\n<div>\n\t\t<a data-url=\"https:\/\/www.geograafia.ut.ee\/et\/osakonnast\/geoinformaatika-kartograafia-oppetool\" href=\"https:\/\/www.geograafia.ut.ee\/et\/osakonnast\/geoinformaatika-kartograafia-oppetool\" title=\"\">Tartu \u00dclikooli \u00f6koloogia ja maateaduste instituudi geoinformaatika ja kartograafia \u00f5ppetool<\/a>\n\t<\/div>\n<div>\n\t\t<a data-url=\"https:\/\/meteo.ut.ee\/\" href=\"https:\/\/meteo.ut.ee\/\" target=\"_blank\" title=\"\" rel=\"noopener\">Tartu \u00dclikooli f\u00fc\u00fcsika instituudi atmosf\u00e4\u00e4rif\u00fc\u00fcsika labor<\/a>\n\t<\/div>\n<div>\n\t\t<a data-url=\"https:\/\/mereinstituut.ut.ee\/et\/instituudist\/kaugseire-optika-osakond\" href=\"https:\/\/mereinstituut.ut.ee\/et\/instituudist\/kaugseire-optika-osakond\" target=\"_blank\" title=\"\" rel=\"noopener\">Tartu \u00dclikooli Eesti mereinstituudi kaugseire ja mereoptika osakond<\/a>\n\t<\/div>\n<div>\n\t\t<a data-url=\"https:\/\/taltech.ee\/meresusteemide-instituut\" href=\"https:\/\/taltech.ee\/meresusteemide-instituut\" target=\"_blank\" title=\"\" rel=\"noopener\">Tallinna Tehnika\u00fclikooli meres\u00fcsteemide instituut<\/a>\n\t<\/div>\n<div>\n\t\t<a data-url=\"http:\/\/pk.emu.ee\/\" href=\"http:\/\/pk.emu.ee\/\" title=\"\">Eesti Maa\u00fclikooli p\u00f5llumajandus- ja keskkonnainstituut<\/a>\n\t<\/div>\n<div>\n\t\t<a data-url=\"https:\/\/mi.emu.ee\/et\/struktuur\/metsa-ja-maakorralduse-ning-metsatoostuse-oppetool\/geomaatika-\/\" href=\"https:\/\/mi.emu.ee\/et\/struktuur\/metsa-ja-maakorralduse-ning-metsatoostuse-oppetool\/geomaatika-\/\" target=\"_blank\" title=\"\" rel=\"noopener\">Eesti Maa\u00fclikooli metsandus- ja maaehitusinstituudi geomaatika \u00f5ppetool<\/a>\n\t<\/div>\n<div>\n\t\t<a data-url=\"http:\/\/kappazeta.ee\/\" href=\"http:\/\/kappazeta.ee\/\" title=\"\">Kappazeta<\/a>\n\t<\/div>\n<div>\n\t\t<a data-url=\"https:\/\/www.ilmateenistus.ee\/ilmatarkus\/mootetehnika\/kaugseire\/radarid\/\" href=\"https:\/\/www.ilmateenistus.ee\/ilmatarkus\/mootetehnika\/kaugseire\/radarid\/\" title=\"\">KAUR, Riigi Ilmateenistus<\/a>\n\t<\/div>\n<div>\n\t\t<a data-url=\"https:\/\/www.maaamet.ee\/et\/eesmargid-tegevused\/geoinformaatika\/riiklik-satelliidiandmete-keskus-esthub\" href=\"https:\/\/www.maaamet.ee\/et\/eesmargid-tegevused\/geoinformaatika\/riiklik-satelliidiandmete-keskus-esthub\" title=\"\">Maaamet<\/a>\n\t<\/div>\n<div>\n\t\t\u00a0\n\t<\/div>\n<div>\n\t\t\u00a0\n\t<\/div>\n<div>\n\t\t<a data-url=\"https:\/\/www.facebook.com\/eestikosmos\/\" href=\"https:\/\/www.facebook.com\/eestikosmos\/\" title=\"\">Eesti kosmoseb\u00fcroo<\/a>\u00a0Ettev\u00f5tluse Arendamise Sihtasustuses on vastutav koost\u00f6\u00f6 eest Euroopa Kosmoseagentuuriga. Majandus- ja kommunikatsiooniministeerium juhib kosmosevaldkonna tegevusi Eestis, sh osaleb ka Euroopa Liidu programmi <a data-url=\"http:\/\/www.copernicus.eu\/\" href=\"http:\/\/www.copernicus.eu\/\" title=\"\">Copernicus<\/a> ning Coperncius User Forumi t\u00f6\u00f6s ning koordineerib Eesti Kaugseire N\u00f5ukogu tegevust.\n\t<\/div>\n<div>\n\t\t\u00a0\n\t<\/div>\n<div>\n\t\t\u00a0\n\t<\/div>\n<\/div>\n","protected":false},"excerpt":{"rendered":"<p>Keskkonna kaugseire kui meetod, kus satelliitidelt j\u00e4lgitakse Maal toimuvaid protsesse, on kiiresti arenenud koos kosmosetehnoloogia arenguga ning on praeguseks kujunenud oluliseks teadus-arendus ja ettev\u00f5tluse valdkonnaks.\u00a0 \u00a0Maa s\u00fcsteemse j\u00e4lgimise vajadused v\u00f5ib jagada kolmeks: avardada teaduslikku m\u00f5tlemist, kasutades spetsiaalset kombineeritud infos\u00fcsteeme ja &#8230;<\/p>\n","protected":false},"author":179,"featured_media":0,"parent":0,"menu_order":0,"comment_status":"closed","ping_status":"closed","template":"","meta":{"_acf_changed":false,"inline_featured_image":false,"footnotes":""},"class_list":["post-95","page","type-page","status-publish","hentry"],"acf":[],"_links":{"self":[{"href":"https:\/\/sisu.ut.ee\/kaugseire\/wp-json\/wp\/v2\/pages\/95","targetHints":{"allow":["GET"]}}],"collection":[{"href":"https:\/\/sisu.ut.ee\/kaugseire\/wp-json\/wp\/v2\/pages"}],"about":[{"href":"https:\/\/sisu.ut.ee\/kaugseire\/wp-json\/wp\/v2\/types\/page"}],"author":[{"embeddable":true,"href":"https:\/\/sisu.ut.ee\/kaugseire\/wp-json\/wp\/v2\/users\/179"}],"replies":[{"embeddable":true,"href":"https:\/\/sisu.ut.ee\/kaugseire\/wp-json\/wp\/v2\/comments?post=95"}],"version-history":[{"count":1,"href":"https:\/\/sisu.ut.ee\/kaugseire\/wp-json\/wp\/v2\/pages\/95\/revisions"}],"predecessor-version":[{"id":445,"href":"https:\/\/sisu.ut.ee\/kaugseire\/wp-json\/wp\/v2\/pages\/95\/revisions\/445"}],"wp:attachment":[{"href":"https:\/\/sisu.ut.ee\/kaugseire\/wp-json\/wp\/v2\/media?parent=95"}],"curies":[{"name":"wp","href":"https:\/\/api.w.org\/{rel}","templated":true}]}}